{"id":10,"date":"2019-10-05T13:55:06","date_gmt":"2019-10-05T11:55:06","guid":{"rendered":"http:\/\/wudangsanbao.com\/?page_id=10"},"modified":"2023-09-05T19:44:00","modified_gmt":"2023-09-05T17:44:00","slug":"taiji-quan-wudang","status":"publish","type":"page","link":"https:\/\/wudangsanbao.com\/index.php\/taiji-quan-wudang\/","title":{"rendered":"Taiji Quan Wudang"},"content":{"rendered":"<div class=\"wp-block-image\">\n<figure class=\"aligncenter is-resized\"><img loading=\"lazy\" decoding=\"async\" src=\"http:\/\/wudangsanbao.com\/wp-content\/uploads\/2019\/11\/Wudang-Taijiquan2.jpg\" alt=\"\" class=\"wp-image-1132\" style=\"width:266px;height:74px\" width=\"266\" height=\"74\" srcset=\"https:\/\/wudangsanbao.com\/wp-content\/uploads\/2019\/11\/Wudang-Taijiquan2.jpg 555w, https:\/\/wudangsanbao.com\/wp-content\/uploads\/2019\/11\/Wudang-Taijiquan2-300x83.jpg 300w\" sizes=\"auto, (max-width: 266px) 100vw, 266px\" \/><\/figure>\n<\/div>\n\n<div class=\"wp-block-image\">\n<figure class=\"aligncenter size-large\"><img loading=\"lazy\" decoding=\"async\" width=\"220\" height=\"295\" src=\"http:\/\/wudangsanbao.com\/wp-content\/uploads\/2019\/11\/Wu-Jian-chuan-big.jpg\" alt=\"\" class=\"wp-image-1136\"\/><\/figure>\n<\/div>\n\n\n<p class=\"has-very-dark-gray-color has-text-color\" style=\"font-size:17px\"> <\/p>\n\n\n\n<p class=\"has-very-dark-gray-color has-text-color\" style=\"font-size:17px\">Le\u00a0<strong>Tai Ji Quan<\/strong>\u00a0(ou Tai Chi Chuan) est un art de d\u00e9fense li\u00e9 au d\u00e9veloppement de l&#8217;esprit et du corps en bonne sant\u00e9, transmis en Chine depuis plusieurs si\u00e8cles.<br>Il fait partie de la famille des Nei Jia (ou Nei Chia), arts martiaux internes, tout comme le Yi Quan &#8211; Da Cheng Quan, le Hsing I Quan et le Bagua Zhang. <\/p>\n\n\n<div class=\"wp-block-image\">\n<figure class=\"aligncenter size-large is-resized\"><img loading=\"lazy\" decoding=\"async\" src=\"http:\/\/wudangsanbao.com\/wp-content\/uploads\/2019\/11\/yingyang.jpg\" alt=\"\" class=\"wp-image-1137\" style=\"width:184px;height:172px\" width=\"184\" height=\"172\"\/><\/figure>\n<\/div>\n\n\n<p><\/p>\n\n\n\n<p class=\"has-very-dark-gray-color has-text-color\" style=\"font-size:17px\"><strong>Tai Ji\u00a0<\/strong>est un terme philosophique ancien qui symbolise l&#8217;interaction entre le yin et le yang (manifestations oppos\u00e9es de m\u00eame forces) dans la nature. Son caract\u00e8re chinois peut \u00eatre traduit par &#8220;fa\u00eete supr\u00eame&#8221;, &#8220;p\u00f4le extr\u00eame&#8221; ou &#8220;ultime limite&#8221;. Le caract\u00e8re\u00a0<strong>Quan<\/strong>\u00a0repr\u00e9sente le poing ferm\u00e9 et est g\u00e9n\u00e9ralement traduit par &#8221; boxe &#8220;. <\/p>\n\n\n<div class=\"wp-block-image\">\n<figure class=\"aligncenter is-resized\"><img decoding=\"async\" src=\"http:\/\/wudangsanbao.com\/wp-content\/uploads\/2019\/11\/Wudang-Mountains-China-34-1-1024x768.jpg\" alt=\"\" class=\"wp-image-1150\" style=\"width:554px\" width=\"554\" srcset=\"https:\/\/wudangsanbao.com\/wp-content\/uploads\/2019\/11\/Wudang-Mountains-China-34-1.jpg 1024w, https:\/\/wudangsanbao.com\/wp-content\/uploads\/2019\/11\/Wudang-Mountains-China-34-1-300x225.jpg 300w, https:\/\/wudangsanbao.com\/wp-content\/uploads\/2019\/11\/Wudang-Mountains-China-34-1-768x576.jpg 768w\" sizes=\"(max-width: 1024px) 100vw, 1024px\" \/><\/figure>\n<\/div>\n\n\n<p><\/p>\n\n\n\n<p class=\"has-text-align-left has-very-dark-gray-color has-text-color\" style=\"font-size:17px\"><strong>Wudang<\/strong>\u00a0est le nom d&#8217;une s\u00e9rie de monts situ\u00e9s au nord-ouest de la province de Hubei.<br>Les monts\u00a0Wudang\u00a0(Wudangshan) abritent un centre tao\u00efste qui d\u00e9veloppa un culte \u00e0 la divinit\u00e9 de la guerre Zhen Wu et pratiqua des c\u00e9r\u00e9monies de combats \u00e0 mains nues et avec des armes.<br>Les monts\u00a0Wudang\u00a0sont \u00e9troitement li\u00e9s \u00e0 la personnalit\u00e9 de l&#8217;Immortel tao\u00efste Chang San-feng, litt\u00e9ralement le ma\u00eetre des Trois Pics, \u00e0 qui l&#8217;on attribue l&#8217;origine du Tai Ji Quan. <\/p>\n\n\n<div class=\"wp-block-image\">\n<figure class=\"aligncenter size-large is-resized\"><img loading=\"lazy\" decoding=\"async\" src=\"http:\/\/wudangsanbao.com\/wp-content\/uploads\/2019\/11\/Cheng-Tin-Hung2-petit-1.jpg\" alt=\"\" class=\"wp-image-1139\" style=\"width:245px;height:325px\" width=\"245\" height=\"325\" srcset=\"https:\/\/wudangsanbao.com\/wp-content\/uploads\/2019\/11\/Cheng-Tin-Hung2-petit-1.jpg 250w, https:\/\/wudangsanbao.com\/wp-content\/uploads\/2019\/11\/Cheng-Tin-Hung2-petit-1-226x300.jpg 226w\" sizes=\"auto, (max-width: 245px) 100vw, 245px\" \/><\/figure>\n<\/div>\n\n\n<p class=\"has-very-dark-gray-color has-text-color\" style=\"font-size:17px\"> <\/p>\n\n\n\n<p class=\"has-very-dark-gray-color has-text-color\" style=\"font-size:17px\">L&#8217;\u00e9cole<strong>\u00a0Tai Ji Quan Wudang<\/strong>\u00a0fut fond\u00e9e\u00a0\u00e0 Hong Kong par\u00a0Cheng Tin-hung\u00a0(1930-2005)\u00a0dans les ann\u00e9es 1950. Bien qu&#8217;il n&#8217;ait jamais revendiqu\u00e9 enseigner un style particulier, son Tai Chi fut\u00a0appel\u00e9 ainsi en hommage\u00a0aux origines de cet art. <\/p>\n\n\n<div class=\"wp-block-image\">\n<figure class=\"aligncenter size-large is-resized\"><img loading=\"lazy\" decoding=\"async\" src=\"http:\/\/wudangsanbao.com\/wp-content\/uploads\/2019\/10\/cheng.jpg\" alt=\"\" class=\"wp-image-15\" style=\"width:210px;height:258px\" width=\"210\" height=\"258\" srcset=\"https:\/\/wudangsanbao.com\/wp-content\/uploads\/2019\/10\/cheng.jpg 299w, https:\/\/wudangsanbao.com\/wp-content\/uploads\/2019\/10\/cheng-244x300.jpg 244w\" sizes=\"auto, (max-width: 210px) 100vw, 210px\" \/><\/figure>\n<\/div>\n\n\n<p class=\"has-very-dark-gray-color has-text-color\" style=\"font-size:17px\"><strong>Cheng Tin-hung<\/strong>&nbsp;avait \u00e9t\u00e9 entra\u00een\u00e9 par son oncle Cheng Wing Kwong \u00e0 partir de l&#8217;\u00e2ge de onze ans puis par le grand ma\u00eetre Qi Min Xuan.<br>Cheng Tin-hung&nbsp;consacra sa vie au d\u00e9veloppement et \u00e0 la transmission de la pratique martiale du Tai Ji Quan. Les journalistes experts en arts martiaux qualifi\u00e8rent son art de Practical Tai Chi Chuan. <\/p>\n\n\n\n<p class=\"has-very-dark-gray-color has-text-color\" style=\"font-size:18px\"> <em>&#8220;Le nom de mon grand-p\u00e8re \u00e9tait Lin, il \u00e9tait tr\u00e8s comp\u00e9tent en Boxe du Sud, qu&#8217;il enseignait pour vivre. Notre p\u00e8re d\u00e9c\u00e9d\u00e9, (Cheng) Min-cheung nous apprenait cette boxe lorsque nous avions fini nos corv\u00e9es. Lorsque nous f\u00fbmes plus grands, notre oncle (Cheng) Wing-kwong s&#8217;int\u00e9ressa \u00e0 moi. <\/em><\/p>\n\n\n\n<p class=\"has-very-dark-gray-color has-text-color\" style=\"font-size:18px\"> <em>Il mettait tous ses efforts dans la pratique de l&#8217;art du Tai Chi Chuan et du Tai Chi Nei Kung (Force Interne) et son caract\u00e8re convenait bien \u00e0 son effort. S&#8217;entra\u00eenant jour et nuit, progressivement il absorba l&#8217;art, esp\u00e9rant devenir remarquable parmi les personnes dans ce domaine et ainsi ne pas se sentir pitoyable, m\u00eame si cela lui prit plusieurs ann\u00e9es pour atteindre ce but. Bien qu&#8217;il r\u00e9ussit d&#8217;une certaine mani\u00e8re, il n&#8217;avait toujours pas atteint la perfection. <\/em><\/p>\n\n\n\n<p style=\"font-size:18px\"><em> Au milieu de l&#8217;\u00e9t\u00e9 1946, par chance il rencontra Ma\u00eetre Zhi Meng (c&#8217;est un nom Boudhiste qui signifie l&#8217;A\u00een\u00e9 Sagace). Son nom civil \u00e9tait Qi et son pr\u00e9nom Min-xuan. Il \u00e9tait du comt\u00e9 de Wen, Hebei Dao dans la province du Henan. Il \u00e9tait tr\u00e8s vers\u00e9 dans l&#8217;art du Tai Chi Chuan et les myst\u00e8res du Nei Kung.&#8221; <\/em><\/p>\n\n\n<div class=\"wp-block-image\">\n<figure class=\"aligncenter size-large is-resized\"><img loading=\"lazy\" decoding=\"async\" src=\"http:\/\/wudangsanbao.com\/wp-content\/uploads\/2019\/12\/Pat-the-Horse-High-Dan.jpg\" alt=\"\" class=\"wp-image-1247\" style=\"width:299px;height:449px\" width=\"299\" height=\"449\" srcset=\"https:\/\/wudangsanbao.com\/wp-content\/uploads\/2019\/12\/Pat-the-Horse-High-Dan.jpg 480w, https:\/\/wudangsanbao.com\/wp-content\/uploads\/2019\/12\/Pat-the-Horse-High-Dan-200x300.jpg 200w\" sizes=\"auto, (max-width: 299px) 100vw, 299px\" \/><\/figure>\n<\/div>\n\n\n<p class=\"has-text-color\" style=\"color:#29383e;font-size:17px\"> <\/p>\n\n\n\n<p class=\"has-text-color\" style=\"color:#29383e;font-size:17px\"><strong>Dan Docherty<\/strong>,\u00a0d&#8217;origines \u00e9cossaise et irlandaise, re\u00e7ut l&#8217;enseignement de\u00a0Cheng Tin-hung\u00a0pendant neuf ans \u00e0 Hong Kong et fut son disciple pendant plus de vingt ans. En 1980 il a remport\u00e9 le championnat d&#8217;Asie du Sud-Est de full-contact en Malaisie.  Depuis son retour \u00e0 Londres, il s&#8217;est consacr\u00e9 au d\u00e9veloppement du style Wudang en Europe et \u00e0 l&#8217;\u00e9tude des textes classiques chinois. Il est l&#8217;auteur de &#8220;Complete Tai Chi Chuan&#8221;, &#8220;Instant Tao&#8221; et &#8220;Decoding the Classics for Martial Artists&#8221;. Il est le co-fondateur de la f\u00e9d\u00e9ration europ\u00e9enne de Tai Chi Chuan et de Qigong TCFE. <\/p>\n\n\n\n<p style=\"font-size:17px\">Dan Docherty\u00a0a \u0153uvr\u00e9 \u00e0 son tour pour que cet art soit reconnu comme un v\u00e9ritable art martial. <\/p>\n\n\n<div class=\"wp-block-image\">\n<figure class=\"aligncenter size-large is-resized\"><img loading=\"lazy\" decoding=\"async\" src=\"http:\/\/wudangsanbao.com\/wp-content\/uploads\/2019\/12\/dan_singwhip.jpg\" alt=\"\" class=\"wp-image-1287\" style=\"width:270px;height:311px\" width=\"270\" height=\"311\" srcset=\"https:\/\/wudangsanbao.com\/wp-content\/uploads\/2019\/12\/dan_singwhip.jpg 463w, https:\/\/wudangsanbao.com\/wp-content\/uploads\/2019\/12\/dan_singwhip-260x300.jpg 260w\" sizes=\"auto, (max-width: 270px) 100vw, 270px\" \/><\/figure>\n<\/div>\n\n\n<p style=\"font-size:18px\"><em>&#8220;Mon professeur est n\u00e9 en 1930 dans le village de San Xiang dans la province de Guangdong. Il a d&#8217;abord appris le Tai Chi Chuan aupr\u00e8s de son oncle, Cheng Wing-kwong, qui \u00e9tait un des trois seuls \u00e9l\u00e8ves, &#8220;ayant franchi la porte&#8221;, de Wu Jian-chuan. Son oncle enseignait largement en Asie du Sud Est, plus particuli\u00e8rement en Malaisie.  <\/em><\/p>\n\n\n\n<p style=\"font-size:18px\"> <em>Cependant, Cheng Wing-kwong fit venir plus tard Qi Min-xuan de la province du Henan pour enseigner \u00e0 ses fils et neveux. Qi donna \u00e0 mon professeur quelque chose que son oncle ne pouvait pas, la capacit\u00e9 de mettre les th\u00e9ories des Classiques en action. Les autres \u00e9tudiants laiss\u00e8rent tomber \u00e0 cause de la s\u00e9v\u00e9rit\u00e9 de l&#8217;entra\u00eenement, et pendant presque trois ans, Cheng Tin-hung alla partout avec Qi comme son seul \u00e9l\u00e8ve.&#8221;  <\/em><\/p>\n\n\n\n<p style=\"font-size:18px\"> <em>&#8220;Le Tai Chi que j&#8217;enseigne est de styles Chen, Yang, Wang, Wu, Ching Yi, Qi, Cheng et Docherty parce que les personnes avec ces diff\u00e9rents noms et d&#8217;autres avant eux ont tous jou\u00e9 un r\u00f4le dans sa transmission. J&#8217;enseigne le Tai Chi Chuan de sorte que dans plusieurs pays on puisse l&#8217;utiliser pour la self-d\u00e9fense aussi bien que pour am\u00e9liorer sa sant\u00e9. Pour cette raison, j&#8217;ai appel\u00e9 mon art Practical Tai Chi Chuan International. Lorsqu&#8217;on me demande quel style de Tai Chi j&#8217;enseigne, ma r\u00e9ponse est Wudang.&#8221; <\/em><\/p>\n\n\n<div class=\"wp-block-image\">\n<figure class=\"aligncenter size-large is-resized\"><img loading=\"lazy\" decoding=\"async\" src=\"http:\/\/wudangsanbao.com\/wp-content\/uploads\/2019\/12\/Logo-Wudang-TCC-high-resolution.jpg\" alt=\"\" class=\"wp-image-1268\" style=\"width:222px;height:221px\" width=\"222\" height=\"221\" srcset=\"https:\/\/wudangsanbao.com\/wp-content\/uploads\/2019\/12\/Logo-Wudang-TCC-high-resolution.jpg 960w, https:\/\/wudangsanbao.com\/wp-content\/uploads\/2019\/12\/Logo-Wudang-TCC-high-resolution-300x300.jpg 300w, https:\/\/wudangsanbao.com\/wp-content\/uploads\/2019\/12\/Logo-Wudang-TCC-high-resolution-150x150.jpg 150w, https:\/\/wudangsanbao.com\/wp-content\/uploads\/2019\/12\/Logo-Wudang-TCC-high-resolution-768x766.jpg 768w\" sizes=\"auto, (max-width: 222px) 100vw, 222px\" \/><\/figure>\n<\/div>\n\n\n<figure class=\"wp-block-gallery has-nested-images columns-default is-cropped wp-block-gallery-1 is-layout-flex wp-block-gallery-is-layout-flex\">\n<figure class=\"wp-block-image size-large\"><img loading=\"lazy\" decoding=\"async\" width=\"435\" height=\"627\" data-id=\"1147\" src=\"http:\/\/wudangsanbao.com\/wp-content\/uploads\/2019\/11\/lineage-1.jpg\" alt=\"\" class=\"wp-image-1147\" srcset=\"https:\/\/wudangsanbao.com\/wp-content\/uploads\/2019\/11\/lineage-1.jpg 435w, https:\/\/wudangsanbao.com\/wp-content\/uploads\/2019\/11\/lineage-1-208x300.jpg 208w\" sizes=\"auto, (max-width: 435px) 100vw, 435px\" \/><\/figure>\n<\/figure>\n","protected":false},"excerpt":{"rendered":"<p>Le\u00a0Tai Ji Quan\u00a0(ou Tai Chi Chuan) est un art de d\u00e9fense li\u00e9 au d\u00e9veloppement de l&#8217;esprit et du corps en bonne sant\u00e9, transmis en Chine depuis plusieurs si\u00e8cles.Il fait partie de la famille des Nei Jia (ou Nei Chia), arts martiaux internes, tout comme le Yi Quan &#8211; Da Cheng Quan, le Hsing I Quan <a class=\"read-more\" href=\"https:\/\/wudangsanbao.com\/index.php\/taiji-quan-wudang\/\">Read More<\/a><\/p>\n","protected":false},"author":2,"featured_media":0,"parent":0,"menu_order":0,"comment_status":"closed","ping_status":"closed","template":"","meta":{"footnotes":""},"class_list":["post-10","page","type-page","status-publish","hentry"],"_links":{"self":[{"href":"https:\/\/wudangsanbao.com\/index.php\/wp-json\/wp\/v2\/pages\/10","targetHints":{"allow":["GET"]}}],"collection":[{"href":"https:\/\/wudangsanbao.com\/index.php\/wp-json\/wp\/v2\/pages"}],"about":[{"href":"https:\/\/wudangsanbao.com\/index.php\/wp-json\/wp\/v2\/types\/page"}],"author":[{"embeddable":true,"href":"https:\/\/wudangsanbao.com\/index.php\/wp-json\/wp\/v2\/users\/2"}],"replies":[{"embeddable":true,"href":"https:\/\/wudangsanbao.com\/index.php\/wp-json\/wp\/v2\/comments?post=10"}],"version-history":[{"count":29,"href":"https:\/\/wudangsanbao.com\/index.php\/wp-json\/wp\/v2\/pages\/10\/revisions"}],"predecessor-version":[{"id":1647,"href":"https:\/\/wudangsanbao.com\/index.php\/wp-json\/wp\/v2\/pages\/10\/revisions\/1647"}],"wp:attachment":[{"href":"https:\/\/wudangsanbao.com\/index.php\/wp-json\/wp\/v2\/media?parent=10"}],"curies":[{"name":"wp","href":"https:\/\/api.w.org\/{rel}","templated":true}]}}