{"id":100,"date":"2019-10-05T15:55:18","date_gmt":"2019-10-05T13:55:18","guid":{"rendered":"http:\/\/wudangsanbao.com\/?page_id=100"},"modified":"2025-01-14T14:02:59","modified_gmt":"2025-01-14T13:02:59","slug":"association","status":"publish","type":"page","link":"https:\/\/wudangsanbao.com\/index.php\/association\/","title":{"rendered":"Association Wudang San Bao"},"content":{"rendered":"<div class=\"wp-block-image\">\n<figure class=\"aligncenter size-large is-resized\"><img loading=\"lazy\" decoding=\"async\" width=\"1011\" height=\"1024\" src=\"http:\/\/wudangsanbao.com\/wp-content\/uploads\/2019\/12\/LOGO-WUDANG-SAN-BAO-FOND-TRANSPARENT-1-1011x1024.png\" alt=\"\" class=\"wp-image-1328\" style=\"width:182px;height:184px\" srcset=\"https:\/\/wudangsanbao.com\/wp-content\/uploads\/2019\/12\/LOGO-WUDANG-SAN-BAO-FOND-TRANSPARENT-1-1011x1024.png 1011w, https:\/\/wudangsanbao.com\/wp-content\/uploads\/2019\/12\/LOGO-WUDANG-SAN-BAO-FOND-TRANSPARENT-1-296x300.png 296w, https:\/\/wudangsanbao.com\/wp-content\/uploads\/2019\/12\/LOGO-WUDANG-SAN-BAO-FOND-TRANSPARENT-1-768x778.png 768w, https:\/\/wudangsanbao.com\/wp-content\/uploads\/2019\/12\/LOGO-WUDANG-SAN-BAO-FOND-TRANSPARENT-1-1517x1536.png 1517w, https:\/\/wudangsanbao.com\/wp-content\/uploads\/2019\/12\/LOGO-WUDANG-SAN-BAO-FOND-TRANSPARENT-1.png 1956w\" sizes=\"auto, (max-width: 1011px) 100vw, 1011px\" \/><\/figure>\n<\/div>\n\n\n<p class=\"has-normal-font-size\">Wudang San Bao est une association loi 1901 fond\u00e9e \u00e0 Paris et d\u00e9clar\u00e9e le 12 octobre 2006. Son si\u00e8ge social est \u00e0 pr\u00e9sent en Ile et Vilaine.<\/p>\n\n\n\n<p class=\"has-normal-font-size\">Son but est l&#8217;\u00e9tude, la pratique, la transmission et la promotion des arts \u00e9nerg\u00e9tiques et martiaux internes dont principalement le Tai Chi Chuan style Wudang, \u00e0 travers des cours et des stages aupr\u00e8s des adultes et des enfants.<\/p>\n\n\n\n<p class=\"has-normal-font-size\">L&#8217;association est affili\u00e9e \u00e0 la F\u00e9d\u00e9ration Fran\u00e7aise des Arts \u00c9nerg\u00e9tiques et Martiaux Chinois (ex FFWushu).<\/p>\n\n\n\n<p class=\"has-text-align-center has-normal-font-size\"><img loading=\"lazy\" decoding=\"async\" width=\"150\" height=\"218\" class=\"wp-image-1732\" style=\"width: 150px;\" src=\"http:\/\/wudangsanbao.com\/wp-content\/uploads\/2025\/01\/Logo-FFaemc-png-fond-transparent2367.png\" alt=\"\" srcset=\"https:\/\/wudangsanbao.com\/wp-content\/uploads\/2025\/01\/Logo-FFaemc-png-fond-transparent2367.png 922w, https:\/\/wudangsanbao.com\/wp-content\/uploads\/2025\/01\/Logo-FFaemc-png-fond-transparent2367-207x300.png 207w, https:\/\/wudangsanbao.com\/wp-content\/uploads\/2025\/01\/Logo-FFaemc-png-fond-transparent2367-705x1024.png 705w, https:\/\/wudangsanbao.com\/wp-content\/uploads\/2025\/01\/Logo-FFaemc-png-fond-transparent2367-768x1115.png 768w\" sizes=\"auto, (max-width: 150px) 100vw, 150px\" \/><\/p>\n\n\n\n<p class=\"has-text-align-left has-normal-font-size\"><strong>Historique<\/strong><\/p>\n\n\n<div class=\"wp-block-image\">\n<figure class=\"aligncenter size-large is-resized\"><img loading=\"lazy\" decoding=\"async\" width=\"611\" height=\"426\" src=\"http:\/\/wudangsanbao.com\/wp-content\/uploads\/2019\/12\/Jade-Mael-et-Chloe.jpg\" alt=\"\" class=\"wp-image-1374\" style=\"width:460px;height:320px\" srcset=\"https:\/\/wudangsanbao.com\/wp-content\/uploads\/2019\/12\/Jade-Mael-et-Chloe.jpg 611w, https:\/\/wudangsanbao.com\/wp-content\/uploads\/2019\/12\/Jade-Mael-et-Chloe-300x209.jpg 300w\" sizes=\"auto, (max-width: 611px) 100vw, 611px\" \/><\/figure>\n<\/div>\n\n\n<p class=\"has-text-align-center has-normal-font-size\">Tai Chi Kid \u00e0 la Petite Rockette de 2006 \u00e0 2011<\/p>\n\n\n\n<p class=\"has-text-align-center\"><a href=\"https:\/\/www.youtube.com\/watch?v=BJOWIYvU55A&amp;eurl=\">D\u00e9monstration avec Jade aux rencontres de Jasni\u00e8res<\/a><\/p>\n\n\n<div class=\"wp-block-image\">\n<figure class=\"aligncenter size-large is-resized\"><img loading=\"lazy\" decoding=\"async\" width=\"330\" height=\"232\" src=\"http:\/\/wudangsanbao.com\/wp-content\/uploads\/2019\/10\/courssalledarmes-1-1.jpg\" alt=\"\" class=\"wp-image-634\" style=\"width:457px;height:321px\" srcset=\"https:\/\/wudangsanbao.com\/wp-content\/uploads\/2019\/10\/courssalledarmes-1-1.jpg 330w, https:\/\/wudangsanbao.com\/wp-content\/uploads\/2019\/10\/courssalledarmes-1-1-300x211.jpg 300w\" sizes=\"auto, (max-width: 330px) 100vw, 330px\" \/><\/figure>\n<\/div>\n\n\n<p class=\"has-text-align-center has-normal-font-size\">Tai Chi Chuan pour adultes \u00e0 la Salle d&#8217;Armes Paris 9e de 2006 \u00e0 2009<\/p>\n\n\n<div class=\"wp-block-image\">\n<figure class=\"aligncenter size-large is-resized\"><img loading=\"lazy\" decoding=\"async\" width=\"1024\" height=\"559\" src=\"http:\/\/wudangsanbao.com\/wp-content\/uploads\/2019\/12\/Forme-1024x559.jpg\" alt=\"\" class=\"wp-image-1378\" style=\"width:579px;height:315px\" srcset=\"https:\/\/wudangsanbao.com\/wp-content\/uploads\/2019\/12\/Forme-1024x559.jpg 1024w, https:\/\/wudangsanbao.com\/wp-content\/uploads\/2019\/12\/Forme-300x164.jpg 300w, https:\/\/wudangsanbao.com\/wp-content\/uploads\/2019\/12\/Forme-768x420.jpg 768w, https:\/\/wudangsanbao.com\/wp-content\/uploads\/2019\/12\/Forme-1536x839.jpg 1536w, https:\/\/wudangsanbao.com\/wp-content\/uploads\/2019\/12\/Forme-2048x1119.jpg 2048w\" sizes=\"auto, (max-width: 1024px) 100vw, 1024px\" \/><\/figure>\n<\/div>\n\n\n<p class=\"has-text-align-center has-normal-font-size\">Tai Chi Chuan adultes \u00e0 l&#8217;Espace Oxyg\u00e8ne 20e de 2009 \u00e0 2020 et de 2012 \u00e0 2022 au Gymnase Fran\u00e7ois Villon 14e<\/p>\n\n\n<div class=\"wp-block-image\">\n<figure class=\"aligncenter size-large is-resized\"><img loading=\"lazy\" decoding=\"async\" width=\"1024\" height=\"696\" src=\"http:\/\/wudangsanbao.com\/wp-content\/uploads\/2019\/12\/Qigong-14e-1024x696.jpg\" alt=\"\" class=\"wp-image-1379\" style=\"width:460px;height:312px\" srcset=\"https:\/\/wudangsanbao.com\/wp-content\/uploads\/2019\/12\/Qigong-14e-1024x696.jpg 1024w, https:\/\/wudangsanbao.com\/wp-content\/uploads\/2019\/12\/Qigong-14e-300x204.jpg 300w, https:\/\/wudangsanbao.com\/wp-content\/uploads\/2019\/12\/Qigong-14e-768x522.jpg 768w, https:\/\/wudangsanbao.com\/wp-content\/uploads\/2019\/12\/Qigong-14e-1536x1044.jpg 1536w, https:\/\/wudangsanbao.com\/wp-content\/uploads\/2019\/12\/Qigong-14e-2048x1392.jpg 2048w\" sizes=\"auto, (max-width: 1024px) 100vw, 1024px\" \/><\/figure>\n<\/div>\n\n\n<p class=\"has-text-align-center has-normal-font-size\">Qigong pour adultes au centre sportif Guilleminot Paris 14e de 2013 \u00e0 2019<\/p>\n\n\n<div class=\"wp-block-image\">\n<figure class=\"aligncenter size-large is-resized\"><img loading=\"lazy\" decoding=\"async\" width=\"1024\" height=\"714\" src=\"http:\/\/wudangsanbao.com\/wp-content\/uploads\/2019\/12\/Bob-Australie-1024x714.jpg\" alt=\"\" class=\"wp-image-1393\" style=\"width:561px;height:390px\" srcset=\"https:\/\/wudangsanbao.com\/wp-content\/uploads\/2019\/12\/Bob-Australie-1024x714.jpg 1024w, https:\/\/wudangsanbao.com\/wp-content\/uploads\/2019\/12\/Bob-Australie-300x209.jpg 300w, https:\/\/wudangsanbao.com\/wp-content\/uploads\/2019\/12\/Bob-Australie-768x535.jpg 768w, https:\/\/wudangsanbao.com\/wp-content\/uploads\/2019\/12\/Bob-Australie-1536x1071.jpg 1536w, https:\/\/wudangsanbao.com\/wp-content\/uploads\/2019\/12\/Bob-Australie-2048x1428.jpg 2048w\" sizes=\"auto, (max-width: 1024px) 100vw, 1024px\" \/><\/figure>\n<\/div>\n\n\n<p class=\"has-text-align-center has-normal-font-size\">Wudang San Bao invite Bob Lowey \u00e0 Paris pour des stages de Qigong depuis 2011<\/p>\n","protected":false},"excerpt":{"rendered":"<p>Wudang San Bao est une association loi 1901 fond\u00e9e \u00e0 Paris et d\u00e9clar\u00e9e le 12 octobre 2006. Son si\u00e8ge social est \u00e0 pr\u00e9sent en Ile et Vilaine. Son but est l&#8217;\u00e9tude, la pratique, la transmission et la promotion des arts \u00e9nerg\u00e9tiques et martiaux internes dont principalement le Tai Chi Chuan style Wudang, \u00e0 travers des <a class=\"read-more\" href=\"https:\/\/wudangsanbao.com\/index.php\/association\/\">Read More<\/a><\/p>\n","protected":false},"author":2,"featured_media":0,"parent":0,"menu_order":0,"comment_status":"closed","ping_status":"closed","template":"","meta":{"footnotes":""},"class_list":["post-100","page","type-page","status-publish","hentry"],"_links":{"self":[{"href":"https:\/\/wudangsanbao.com\/index.php\/wp-json\/wp\/v2\/pages\/100","targetHints":{"allow":["GET"]}}],"collection":[{"href":"https:\/\/wudangsanbao.com\/index.php\/wp-json\/wp\/v2\/pages"}],"about":[{"href":"https:\/\/wudangsanbao.com\/index.php\/wp-json\/wp\/v2\/types\/page"}],"author":[{"embeddable":true,"href":"https:\/\/wudangsanbao.com\/index.php\/wp-json\/wp\/v2\/users\/2"}],"replies":[{"embeddable":true,"href":"https:\/\/wudangsanbao.com\/index.php\/wp-json\/wp\/v2\/comments?post=100"}],"version-history":[{"count":9,"href":"https:\/\/wudangsanbao.com\/index.php\/wp-json\/wp\/v2\/pages\/100\/revisions"}],"predecessor-version":[{"id":1733,"href":"https:\/\/wudangsanbao.com\/index.php\/wp-json\/wp\/v2\/pages\/100\/revisions\/1733"}],"wp:attachment":[{"href":"https:\/\/wudangsanbao.com\/index.php\/wp-json\/wp\/v2\/media?parent=100"}],"curies":[{"name":"wp","href":"https:\/\/api.w.org\/{rel}","templated":true}]}}