{"id":1588,"date":"2022-07-02T11:10:54","date_gmt":"2022-07-02T09:10:54","guid":{"rendered":"http:\/\/wudangsanbao.com\/?page_id=1588"},"modified":"2025-08-31T15:55:28","modified_gmt":"2025-08-31T13:55:28","slug":"qigong-cours-pour-adultes","status":"publish","type":"page","link":"https:\/\/wudangsanbao.com\/index.php\/qigong-cours-pour-adultes\/","title":{"rendered":"Qigong pour tous"},"content":{"rendered":"\n<p class=\"has-text-align-center\" style=\"font-size:18px\">Pratique d&#8217;exercices de respiration en conscience, d&#8217;automassage (Do In), et de mouvements de Qigong vari\u00e9s: le Taiji Qigong 18, les Cinq El\u00e9ments, les Cinq Animaux, les Huit Pi\u00e8ces de Brocart ainsi que des enchainements du Daoyin Yang Sheng Gong<\/p>\n\n\n\n<p class=\"has-text-align-center\" style=\"font-size:18px\">Pour tous les \u00e2ges: adultes, ados, enfants, seniors<\/p>\n\n\n\n<p class=\"has-text-align-center\"><img loading=\"lazy\" decoding=\"async\" width=\"373\" height=\"280\" class=\"wp-image-1596\" style=\"width: 373px;\" src=\"http:\/\/wudangsanbao.com\/wp-content\/uploads\/2022\/07\/IMG20190702100014-scaled.jpg\" alt=\"\" srcset=\"https:\/\/wudangsanbao.com\/wp-content\/uploads\/2022\/07\/IMG20190702100014-scaled.jpg 2560w, https:\/\/wudangsanbao.com\/wp-content\/uploads\/2022\/07\/IMG20190702100014-300x225.jpg 300w, https:\/\/wudangsanbao.com\/wp-content\/uploads\/2022\/07\/IMG20190702100014-1024x768.jpg 1024w, https:\/\/wudangsanbao.com\/wp-content\/uploads\/2022\/07\/IMG20190702100014-768x576.jpg 768w, https:\/\/wudangsanbao.com\/wp-content\/uploads\/2022\/07\/IMG20190702100014-1536x1152.jpg 1536w, https:\/\/wudangsanbao.com\/wp-content\/uploads\/2022\/07\/IMG20190702100014-2048x1536.jpg 2048w\" sizes=\"auto, (max-width: 373px) 100vw, 373px\" \/><\/p>\n\n\n\n<p class=\"has-text-align-center has-text-color has-medium-font-size\" style=\"color:#730004f0\"><strong>Jeudi de 18h \u00e0 19h <\/strong><\/p>\n\n\n\n<p class=\"has-text-align-center has-text-color has-medium-font-size\" style=\"color:#730004f0\"><strong>MINIAC MORVAN 35<\/strong><\/p>\n\n\n\n<p class=\"has-text-align-center\" style=\"font-size:18px\">Espace Nicolas Moison <\/p>\n\n\n\n<p class=\"has-text-align-center\">Entr\u00e9e par la rue du G\u00e9n\u00e9ral de Gaulle, derri\u00e8re l&#8217;Espace Bel Air, nouveau gymnase<\/p>\n\n\n\n<p class=\"has-text-align-center\">Salle Tertre Guy, 1ere salle \u00e0 droite<\/p>\n\n\n\n<p class=\"has-text-align-center\" style=\"font-size:18px\">Reprise le jeudi 11 septembre 2025<\/p>\n\n\n\n<p class=\"has-text-align-center\" style=\"font-size:18px\">Vous \u00eates invit\u00e9(e) \u00e0 faire un&nbsp;<strong>cours d\u2019essai gratuit&nbsp;<\/strong>avant toute premi\u00e8re inscription<\/p>\n\n\n\n<p class=\"has-medium-font-size\"><strong><a href=\"http:\/\/wudangsanbao.com\/index.php\/tarifs\/\" data-type=\"page\" data-id=\"140\">TARIFS<\/a><\/strong><\/p>\n","protected":false},"excerpt":{"rendered":"<p>Pratique d&#8217;exercices de respiration en conscience, d&#8217;automassage (Do In), et de mouvements de Qigong vari\u00e9s: le Taiji Qigong 18, les Cinq El\u00e9ments, les Cinq Animaux, les Huit Pi\u00e8ces de Brocart ainsi que des enchainements du Daoyin Yang Sheng Gong Pour tous les \u00e2ges: adultes, ados, enfants, seniors Jeudi de 18h \u00e0 19h MINIAC MORVAN 35 <a class=\"read-more\" href=\"https:\/\/wudangsanbao.com\/index.php\/qigong-cours-pour-adultes\/\">Read More<\/a><\/p>\n","protected":false},"author":1,"featured_media":0,"parent":0,"menu_order":0,"comment_status":"closed","ping_status":"closed","template":"","meta":{"footnotes":""},"class_list":["post-1588","page","type-page","status-publish","hentry"],"_links":{"self":[{"href":"https:\/\/wudangsanbao.com\/index.php\/wp-json\/wp\/v2\/pages\/1588","targetHints":{"allow":["GET"]}}],"collection":[{"href":"https:\/\/wudangsanbao.com\/index.php\/wp-json\/wp\/v2\/pages"}],"about":[{"href":"https:\/\/wudangsanbao.com\/index.php\/wp-json\/wp\/v2\/types\/page"}],"author":[{"embeddable":true,"href":"https:\/\/wudangsanbao.com\/index.php\/wp-json\/wp\/v2\/users\/1"}],"replies":[{"embeddable":true,"href":"https:\/\/wudangsanbao.com\/index.php\/wp-json\/wp\/v2\/comments?post=1588"}],"version-history":[{"count":7,"href":"https:\/\/wudangsanbao.com\/index.php\/wp-json\/wp\/v2\/pages\/1588\/revisions"}],"predecessor-version":[{"id":1755,"href":"https:\/\/wudangsanbao.com\/index.php\/wp-json\/wp\/v2\/pages\/1588\/revisions\/1755"}],"wp:attachment":[{"href":"https:\/\/wudangsanbao.com\/index.php\/wp-json\/wp\/v2\/media?parent=1588"}],"curies":[{"name":"wp","href":"https:\/\/api.w.org\/{rel}","templated":true}]}}