{"id":1804,"date":"2026-01-13T17:06:27","date_gmt":"2026-01-13T16:06:27","guid":{"rendered":"https:\/\/wudangsanbao.com\/?page_id=1804"},"modified":"2026-01-13T17:09:52","modified_gmt":"2026-01-13T16:09:52","slug":"stage-dete-qigong-et-meditation-2026","status":"publish","type":"page","link":"https:\/\/wudangsanbao.com\/index.php\/stage-dete-qigong-et-meditation-2026\/","title":{"rendered":"Stage d&#8217;\u00e9t\u00e9 Qigong et m\u00e9ditation 2026"},"content":{"rendered":"<div class=\"wp-block-image\">\n<figure class=\"aligncenter size-large is-resized\"><img loading=\"lazy\" decoding=\"async\" width=\"1024\" height=\"729\" src=\"https:\/\/wudangsanbao.com\/wp-content\/uploads\/2026\/01\/1300736-Avec-accentuation-Bruit-3-1024x729.jpg\" alt=\"\" class=\"wp-image-1807\" style=\"aspect-ratio:1.4046766665156116;width:652px;height:auto\" srcset=\"https:\/\/wudangsanbao.com\/wp-content\/uploads\/2026\/01\/1300736-Avec-accentuation-Bruit-3-1024x729.jpg 1024w, https:\/\/wudangsanbao.com\/wp-content\/uploads\/2026\/01\/1300736-Avec-accentuation-Bruit-3-300x214.jpg 300w, https:\/\/wudangsanbao.com\/wp-content\/uploads\/2026\/01\/1300736-Avec-accentuation-Bruit-3-768x547.jpg 768w, https:\/\/wudangsanbao.com\/wp-content\/uploads\/2026\/01\/1300736-Avec-accentuation-Bruit-3-1536x1094.jpg 1536w, https:\/\/wudangsanbao.com\/wp-content\/uploads\/2026\/01\/1300736-Avec-accentuation-Bruit-3-2048x1459.jpg 2048w\" sizes=\"auto, (max-width: 1024px) 100vw, 1024px\" \/><\/figure>\n<\/div>\n\n\n<p><\/p>\n\n\n\n<p class=\"has-text-align-center\" style=\"font-size:22px\"><strong>Du 18 au 24 juillet 2026 \u00e0 l&#8217;abbaye de Saint Jacut de la mer avec Dominique Robin<\/strong><\/p>\n\n\n\n<p class=\"has-text-align-center\" style=\"font-size:18px\">M\u00e9ditation, Qigong postural, enchainement d&#8217;un Qigong, marche m\u00e9ditative et marche afghane<\/p>\n\n\n\n<p id=\"viewer-foo\" style=\"font-size:18px\">Sur le site magnifique de l&#8217;abbaye de Saint Jacut de la mer, Dominique vous propose de venir savourer une semaine de pratique du Qigong et de la m\u00e9ditation ponctu\u00e9e de belles pauses libres.<\/p>\n\n\n\n<p id=\"viewer-esldg1490\" style=\"font-size:18px\">En pension compl\u00e8te afin de profiter pleinement de chaque moment en d\u00e9tente. Vous pouvez venir en solo, en couple ou entre ami(e)s quelques soit votre niveau de pratique. Les d\u00e9butant(e)s sont les bienvenu(e)s aussi.<\/p>\n\n\n\n<p id=\"viewer-lbwlv1511\" style=\"font-size:18px\">Retrouvez les informations d\u00e9taill\u00e9es sur le programme, les tarifs, les infos pratiques ainsi que la fiche d&#8217;inscription avec le lien suivant <a href=\"https:\/\/www.canva.com\/design\/DAG1GtEi5CA\/-Z4UVF8AufLlsNJy4RhsQA\/view?utm_content=DAG1GtEi5CA&amp;utm_campaign=designshare&amp;utm_medium=link2&amp;utm_source=uniquelinks&amp;utlId=hfabe668071\" target=\"_blank\" rel=\"noreferrer noopener\"><u>https:\/\/www.canva.com\/design\/DAG1GtEi5CA\/-Z4UVF8AufLlsNJy4RhsQA\/view?utm_content=DAG1GtEi5CA&amp;utm_campaign=designshare&amp;utm_medium=link2&amp;utm_source=uniquelinks&amp;utlId=hfabe668071<\/u><\/a><\/p>\n\n\n<div class=\"wp-block-image\">\n<figure class=\"aligncenter size-full\"><img loading=\"lazy\" decoding=\"async\" width=\"630\" height=\"354\" src=\"https:\/\/wudangsanbao.com\/wp-content\/uploads\/2026\/01\/MjAyMjEwMzNkZmUwYjFhMDdmNWY3MmYzMWMzNmRjNmFkMTE0ZDQ.jpeg\" alt=\"\" class=\"wp-image-1808\" srcset=\"https:\/\/wudangsanbao.com\/wp-content\/uploads\/2026\/01\/MjAyMjEwMzNkZmUwYjFhMDdmNWY3MmYzMWMzNmRjNmFkMTE0ZDQ.jpeg 630w, https:\/\/wudangsanbao.com\/wp-content\/uploads\/2026\/01\/MjAyMjEwMzNkZmUwYjFhMDdmNWY3MmYzMWMzNmRjNmFkMTE0ZDQ-300x169.jpeg 300w\" sizes=\"auto, (max-width: 630px) 100vw, 630px\" \/><\/figure>\n<\/div>","protected":false},"excerpt":{"rendered":"<p>Du 18 au 24 juillet 2026 \u00e0 l&#8217;abbaye de Saint Jacut de la mer avec Dominique Robin M\u00e9ditation, Qigong postural, enchainement d&#8217;un Qigong, marche m\u00e9ditative et marche afghane Sur le site magnifique de l&#8217;abbaye de Saint Jacut de la mer, Dominique vous propose de venir savourer une semaine de pratique du Qigong et de la <a class=\"read-more\" href=\"https:\/\/wudangsanbao.com\/index.php\/stage-dete-qigong-et-meditation-2026\/\">Read More<\/a><\/p>\n","protected":false},"author":1,"featured_media":0,"parent":0,"menu_order":0,"comment_status":"closed","ping_status":"closed","template":"","meta":{"footnotes":""},"class_list":["post-1804","page","type-page","status-publish","hentry"],"_links":{"self":[{"href":"https:\/\/wudangsanbao.com\/index.php\/wp-json\/wp\/v2\/pages\/1804","targetHints":{"allow":["GET"]}}],"collection":[{"href":"https:\/\/wudangsanbao.com\/index.php\/wp-json\/wp\/v2\/pages"}],"about":[{"href":"https:\/\/wudangsanbao.com\/index.php\/wp-json\/wp\/v2\/types\/page"}],"author":[{"embeddable":true,"href":"https:\/\/wudangsanbao.com\/index.php\/wp-json\/wp\/v2\/users\/1"}],"replies":[{"embeddable":true,"href":"https:\/\/wudangsanbao.com\/index.php\/wp-json\/wp\/v2\/comments?post=1804"}],"version-history":[{"count":2,"href":"https:\/\/wudangsanbao.com\/index.php\/wp-json\/wp\/v2\/pages\/1804\/revisions"}],"predecessor-version":[{"id":1810,"href":"https:\/\/wudangsanbao.com\/index.php\/wp-json\/wp\/v2\/pages\/1804\/revisions\/1810"}],"wp:attachment":[{"href":"https:\/\/wudangsanbao.com\/index.php\/wp-json\/wp\/v2\/media?parent=1804"}],"curies":[{"name":"wp","href":"https:\/\/api.w.org\/{rel}","templated":true}]}}