{"id":1818,"date":"2026-01-13T16:51:40","date_gmt":"2026-01-13T15:51:40","guid":{"rendered":"https:\/\/wudangsanbao.com\/?page_id=1818"},"modified":"2026-01-13T16:53:58","modified_gmt":"2026-01-13T15:53:58","slug":"stage-de-printemps-qigong-et-meditation-2026","status":"publish","type":"page","link":"https:\/\/wudangsanbao.com\/index.php\/stage-de-printemps-qigong-et-meditation-2026\/","title":{"rendered":"Stage de printemps Qigong et m\u00e9ditation 2026"},"content":{"rendered":"<div class=\"wp-block-image\">\n<figure class=\"aligncenter size-large is-resized\"><img loading=\"lazy\" decoding=\"async\" width=\"1024\" height=\"633\" src=\"https:\/\/wudangsanbao.com\/wp-content\/uploads\/2026\/01\/Paons-2-1024x633.jpg\" alt=\"\" class=\"wp-image-1819\" style=\"aspect-ratio:1.617713062992537;width:648px;height:auto\" srcset=\"https:\/\/wudangsanbao.com\/wp-content\/uploads\/2026\/01\/Paons-2-1024x633.jpg 1024w, https:\/\/wudangsanbao.com\/wp-content\/uploads\/2026\/01\/Paons-2-300x185.jpg 300w, https:\/\/wudangsanbao.com\/wp-content\/uploads\/2026\/01\/Paons-2-768x475.jpg 768w, https:\/\/wudangsanbao.com\/wp-content\/uploads\/2026\/01\/Paons-2.jpg 1152w\" sizes=\"auto, (max-width: 1024px) 100vw, 1024px\" \/><\/figure>\n<\/div>\n\n\n<p><\/p>\n\n\n\n<p class=\"has-text-align-center\" style=\"font-size:22px\"><strong>Du 20 au 25 avril avec Dominique Robin<\/strong><\/p>\n\n\n\n<p class=\"has-text-align-center\" style=\"font-size:22px\"><strong>au domaine Lesnen Petit Bois \u00e0 Saint Thual en Ille et Vilaine<\/strong><\/p>\n\n\n\n<p id=\"viewer-j141w317\" style=\"font-size:18px\">Avec ce stage en r\u00e9sidence Dominique vous propose de vous immerger dans les pratiques \u00e9nerg\u00e9tiques du Qigong et de la m\u00e9ditation tout en r\u00e9servant chaque jour des plages de repos et de balades dans cette belle r\u00e9gion bretonne.<\/p>\n\n\n\n<p id=\"viewer-b1phh1826\" style=\"font-size:18px\">Un s\u00e9jour en pension compl\u00e8te concoct\u00e9 pour vous d\u00e9lasser et vous recharger dans un environnement apaisant et une ambiance bienveillante.<\/p>\n\n\n\n<p id=\"viewer-nugb93463\" style=\"font-size:18px\">Seul(e), en couple ou avec votre meilleur(e) ami(e), vous \u00eates bienvenu(e) quelque soit votre niveau de pratique et m\u00eame si vous \u00eates compl\u00e8tement d\u00e9butant(e).<\/p>\n\n\n\n<p id=\"viewer-b6l4z1170\" style=\"font-size:18px\">Le Domaine Lesnen Petit Bois en Ille et Vilaine r\u00e9serve pour ce stage 1 ou 2 de ses gites dans de belles b\u00e2tisses anciennes r\u00e9nov\u00e9es. Il s&#8217;\u00e9tend sur 6 hectares au beau milieu de la campagne et est habit\u00e9 par de nombreux animaux dont de superbes paons en libert\u00e9.<\/p>\n\n\n\n<p id=\"viewer-r9psv2252\" style=\"font-size:18px\">Stage 5 personnes minimum jusqu&#8217;\u00e0 10 personnes en r\u00e9sidence<\/p>\n\n\n\n<p style=\"font-size:18px\">Pour les personnes habitants non loin, il est possible de suivre le stage en externe et en d\u00e9jeunant avec le groupe<\/p>\n\n\n\n<p id=\"viewer-q4dnl5606\" style=\"font-size:18px\">Vous trouverez une pr\u00e9sentation d\u00e9taill\u00e9e, les tarifs et la fiche d&#8217;inscription en suivant ce lien <a href=\"https:\/\/www.canva.com\/design\/DAG6LOCfucI\/3u0fIMeC8PhoPuUpiLpptw\/view?utm_content=DAG6LOCfucI&amp;utm_campaign=designshare&amp;utm_medium=link2&amp;utm_source=uniquelinks&amp;utlId=he5060bb5ae\">https:\/\/www.canva.com\/design\/DAG6LOCfucI\/3u0fIMeC8PhoPuUpiLpptw\/view?utm_content=DAG6LOCfucI&amp;utm_campaign=designshare&amp;utm_medium=link2&amp;utm_source=uniquelinks&amp;utlId=he5060bb5ae<\/a><\/p>\n\n\n<div class=\"wp-block-image\">\n<figure class=\"aligncenter size-large is-resized\"><img loading=\"lazy\" decoding=\"async\" width=\"1024\" height=\"683\" src=\"https:\/\/wudangsanbao.com\/wp-content\/uploads\/2026\/01\/P1310163-1024x683.jpg\" alt=\"\" class=\"wp-image-1820\" style=\"aspect-ratio:1.4992865607390746;width:546px;height:auto\" srcset=\"https:\/\/wudangsanbao.com\/wp-content\/uploads\/2026\/01\/P1310163-1024x683.jpg 1024w, https:\/\/wudangsanbao.com\/wp-content\/uploads\/2026\/01\/P1310163-300x200.jpg 300w, https:\/\/wudangsanbao.com\/wp-content\/uploads\/2026\/01\/P1310163-768x512.jpg 768w, https:\/\/wudangsanbao.com\/wp-content\/uploads\/2026\/01\/P1310163-1536x1025.jpg 1536w, https:\/\/wudangsanbao.com\/wp-content\/uploads\/2026\/01\/P1310163-2048x1366.jpg 2048w\" sizes=\"auto, (max-width: 1024px) 100vw, 1024px\" \/><\/figure>\n<\/div>","protected":false},"excerpt":{"rendered":"<p>Du 20 au 25 avril avec Dominique Robin au domaine Lesnen Petit Bois \u00e0 Saint Thual en Ille et Vilaine Avec ce stage en r\u00e9sidence Dominique vous propose de vous immerger dans les pratiques \u00e9nerg\u00e9tiques du Qigong et de la m\u00e9ditation tout en r\u00e9servant chaque jour des plages de repos et de balades dans cette <a class=\"read-more\" href=\"https:\/\/wudangsanbao.com\/index.php\/stage-de-printemps-qigong-et-meditation-2026\/\">Read More<\/a><\/p>\n","protected":false},"author":1,"featured_media":0,"parent":0,"menu_order":0,"comment_status":"closed","ping_status":"closed","template":"","meta":{"footnotes":""},"class_list":["post-1818","page","type-page","status-publish","hentry"],"_links":{"self":[{"href":"https:\/\/wudangsanbao.com\/index.php\/wp-json\/wp\/v2\/pages\/1818","targetHints":{"allow":["GET"]}}],"collection":[{"href":"https:\/\/wudangsanbao.com\/index.php\/wp-json\/wp\/v2\/pages"}],"about":[{"href":"https:\/\/wudangsanbao.com\/index.php\/wp-json\/wp\/v2\/types\/page"}],"author":[{"embeddable":true,"href":"https:\/\/wudangsanbao.com\/index.php\/wp-json\/wp\/v2\/users\/1"}],"replies":[{"embeddable":true,"href":"https:\/\/wudangsanbao.com\/index.php\/wp-json\/wp\/v2\/comments?post=1818"}],"version-history":[{"count":2,"href":"https:\/\/wudangsanbao.com\/index.php\/wp-json\/wp\/v2\/pages\/1818\/revisions"}],"predecessor-version":[{"id":1824,"href":"https:\/\/wudangsanbao.com\/index.php\/wp-json\/wp\/v2\/pages\/1818\/revisions\/1824"}],"wp:attachment":[{"href":"https:\/\/wudangsanbao.com\/index.php\/wp-json\/wp\/v2\/media?parent=1818"}],"curies":[{"name":"wp","href":"https:\/\/api.w.org\/{rel}","templated":true}]}}