{"id":203,"date":"2019-10-12T14:19:41","date_gmt":"2019-10-12T12:19:41","guid":{"rendered":"http:\/\/wudangsanbao.com\/?page_id=203"},"modified":"2019-10-12T14:25:26","modified_gmt":"2019-10-12T12:25:26","slug":"cours-a-paris","status":"publish","type":"page","link":"https:\/\/wudangsanbao.com\/index.php\/cours-a-paris\/","title":{"rendered":"Cours \u00e0 Paris"},"content":{"rendered":"\n<p style=\"text-align:center\">Espace Oxyg\u00e8ne Paris 20\u00e8me<\/p>\n\n\n\n<p style=\"text-align:center\">Tai Chi Chuan<\/p>\n\n\n\n<ul class=\"wp-block-gallery columns-2 is-cropped wp-block-gallery-1 is-layout-flex wp-block-gallery-is-layout-flex\"><li class=\"blocks-gallery-item\"><figure><img loading=\"lazy\" decoding=\"async\" width=\"450\" height=\"325\" src=\"http:\/\/wudangsanbao.com\/wp-content\/uploads\/2019\/10\/coursgambetta4.jpg\" alt=\"\" data-id=\"206\" data-link=\"http:\/\/wudangsanbao.com\/index.php\/cours-a-paris\/coursgambetta4\/\" class=\"wp-image-206\" srcset=\"https:\/\/wudangsanbao.com\/wp-content\/uploads\/2019\/10\/coursgambetta4.jpg 450w, https:\/\/wudangsanbao.com\/wp-content\/uploads\/2019\/10\/coursgambetta4-300x217.jpg 300w\" sizes=\"auto, (max-width: 450px) 100vw, 450px\" \/><\/figure><\/li><li class=\"blocks-gallery-item\"><figure><img loading=\"lazy\" decoding=\"async\" width=\"450\" height=\"331\" src=\"http:\/\/wudangsanbao.com\/wp-content\/uploads\/2019\/10\/coursgambetta6.jpg\" alt=\"\" data-id=\"207\" data-link=\"http:\/\/wudangsanbao.com\/index.php\/cours-a-paris\/coursgambetta6\/\" class=\"wp-image-207\" srcset=\"https:\/\/wudangsanbao.com\/wp-content\/uploads\/2019\/10\/coursgambetta6.jpg 450w, https:\/\/wudangsanbao.com\/wp-content\/uploads\/2019\/10\/coursgambetta6-300x221.jpg 300w\" sizes=\"auto, (max-width: 450px) 100vw, 450px\" \/><\/figure><\/li><li class=\"blocks-gallery-item\"><figure><img loading=\"lazy\" decoding=\"async\" width=\"550\" height=\"340\" src=\"http:\/\/wudangsanbao.com\/wp-content\/uploads\/2019\/10\/coursgambetta3.jpg\" alt=\"\" data-id=\"208\" data-link=\"http:\/\/wudangsanbao.com\/index.php\/cours-a-paris\/coursgambetta3\/\" class=\"wp-image-208\" srcset=\"https:\/\/wudangsanbao.com\/wp-content\/uploads\/2019\/10\/coursgambetta3.jpg 550w, https:\/\/wudangsanbao.com\/wp-content\/uploads\/2019\/10\/coursgambetta3-300x185.jpg 300w\" sizes=\"auto, (max-width: 550px) 100vw, 550px\" \/><\/figure><\/li><li class=\"blocks-gallery-item\"><figure><img loading=\"lazy\" decoding=\"async\" width=\"450\" height=\"309\" src=\"http:\/\/wudangsanbao.com\/wp-content\/uploads\/2019\/10\/coursgambetta2.jpg\" alt=\"\" data-id=\"209\" data-link=\"http:\/\/wudangsanbao.com\/index.php\/cours-a-paris\/coursgambetta2\/\" class=\"wp-image-209\" srcset=\"https:\/\/wudangsanbao.com\/wp-content\/uploads\/2019\/10\/coursgambetta2.jpg 450w, https:\/\/wudangsanbao.com\/wp-content\/uploads\/2019\/10\/coursgambetta2-300x206.jpg 300w\" sizes=\"auto, (max-width: 450px) 100vw, 450px\" \/><\/figure><\/li><\/ul>\n\n\n\n<p style=\"text-align:center\">Apprentissage de la Forme \u00e0 mains nues<\/p>\n\n\n\n<ul class=\"wp-block-gallery columns-3 is-cropped wp-block-gallery-2 is-layout-flex wp-block-gallery-is-layout-flex\"><li class=\"blocks-gallery-item\"><figure><img loading=\"lazy\" decoding=\"async\" width=\"450\" height=\"324\" src=\"http:\/\/wudangsanbao.com\/wp-content\/uploads\/2019\/10\/courstj2.jpg\" alt=\"\" data-id=\"212\" data-link=\"http:\/\/wudangsanbao.com\/index.php\/cours-a-paris\/courstj2\/\" class=\"wp-image-212\" srcset=\"https:\/\/wudangsanbao.com\/wp-content\/uploads\/2019\/10\/courstj2.jpg 450w, https:\/\/wudangsanbao.com\/wp-content\/uploads\/2019\/10\/courstj2-300x216.jpg 300w\" sizes=\"auto, (max-width: 450px) 100vw, 450px\" \/><\/figure><\/li><li class=\"blocks-gallery-item\"><figure><img loading=\"lazy\" decoding=\"async\" width=\"500\" height=\"298\" src=\"http:\/\/wudangsanbao.com\/wp-content\/uploads\/2019\/10\/courstj1.jpg\" alt=\"\" data-id=\"213\" data-link=\"http:\/\/wudangsanbao.com\/index.php\/cours-a-paris\/courstj1\/\" class=\"wp-image-213\" srcset=\"https:\/\/wudangsanbao.com\/wp-content\/uploads\/2019\/10\/courstj1.jpg 500w, https:\/\/wudangsanbao.com\/wp-content\/uploads\/2019\/10\/courstj1-300x179.jpg 300w\" sizes=\"auto, (max-width: 500px) 100vw, 500px\" \/><\/figure><\/li><li class=\"blocks-gallery-item\"><figure><img loading=\"lazy\" decoding=\"async\" width=\"350\" height=\"322\" src=\"http:\/\/wudangsanbao.com\/wp-content\/uploads\/2019\/10\/coursgambetta1.jpg\" alt=\"\" data-id=\"214\" data-link=\"http:\/\/wudangsanbao.com\/index.php\/cours-a-paris\/coursgambetta1\/\" class=\"wp-image-214\" srcset=\"https:\/\/wudangsanbao.com\/wp-content\/uploads\/2019\/10\/coursgambetta1.jpg 350w, https:\/\/wudangsanbao.com\/wp-content\/uploads\/2019\/10\/coursgambetta1-300x276.jpg 300w\" sizes=\"auto, (max-width: 350px) 100vw, 350px\" \/><\/figure><\/li><li class=\"blocks-gallery-item\"><figure><img loading=\"lazy\" decoding=\"async\" width=\"300\" height=\"391\" src=\"http:\/\/wudangsanbao.com\/wp-content\/uploads\/2019\/10\/coursgambetta7.jpg\" alt=\"\" data-id=\"215\" data-link=\"http:\/\/wudangsanbao.com\/index.php\/cours-a-paris\/coursgambetta7\/\" class=\"wp-image-215\" srcset=\"https:\/\/wudangsanbao.com\/wp-content\/uploads\/2019\/10\/coursgambetta7.jpg 300w, https:\/\/wudangsanbao.com\/wp-content\/uploads\/2019\/10\/coursgambetta7-230x300.jpg 230w\" sizes=\"auto, (max-width: 300px) 100vw, 300px\" \/><\/figure><\/li><li class=\"blocks-gallery-item\"><figure><img loading=\"lazy\" decoding=\"async\" width=\"450\" height=\"368\" src=\"http:\/\/wudangsanbao.com\/wp-content\/uploads\/2019\/10\/coursgambetta10.jpg\" alt=\"\" data-id=\"216\" data-link=\"http:\/\/wudangsanbao.com\/index.php\/cours-a-paris\/coursgambetta10\/\" class=\"wp-image-216\" srcset=\"https:\/\/wudangsanbao.com\/wp-content\/uploads\/2019\/10\/coursgambetta10.jpg 450w, https:\/\/wudangsanbao.com\/wp-content\/uploads\/2019\/10\/coursgambetta10-300x245.jpg 300w\" sizes=\"auto, (max-width: 450px) 100vw, 450px\" \/><\/figure><\/li><li class=\"blocks-gallery-item\"><figure><img loading=\"lazy\" decoding=\"async\" width=\"300\" height=\"394\" src=\"http:\/\/wudangsanbao.com\/wp-content\/uploads\/2019\/10\/coursgambetta9.jpg\" alt=\"\" data-id=\"217\" data-link=\"http:\/\/wudangsanbao.com\/index.php\/cours-a-paris\/coursgambetta9\/\" class=\"wp-image-217\" srcset=\"https:\/\/wudangsanbao.com\/wp-content\/uploads\/2019\/10\/coursgambetta9.jpg 300w, https:\/\/wudangsanbao.com\/wp-content\/uploads\/2019\/10\/coursgambetta9-228x300.jpg 228w\" sizes=\"auto, (max-width: 300px) 100vw, 300px\" \/><\/figure><\/li><\/ul>\n\n\n\n<p style=\"text-align:center\">Tuishou<\/p>\n\n\n\n<ul class=\"wp-block-gallery columns-3 is-cropped wp-block-gallery-3 is-layout-flex wp-block-gallery-is-layout-flex\"><li class=\"blocks-gallery-item\"><figure><img loading=\"lazy\" decoding=\"async\" width=\"650\" height=\"394\" src=\"http:\/\/wudangsanbao.com\/wp-content\/uploads\/2019\/10\/courstj4.jpg\" alt=\"\" data-id=\"219\" data-link=\"http:\/\/wudangsanbao.com\/index.php\/cours-a-paris\/courstj4\/\" class=\"wp-image-219\" srcset=\"https:\/\/wudangsanbao.com\/wp-content\/uploads\/2019\/10\/courstj4.jpg 650w, https:\/\/wudangsanbao.com\/wp-content\/uploads\/2019\/10\/courstj4-300x182.jpg 300w\" sizes=\"auto, (max-width: 650px) 100vw, 650px\" \/><\/figure><\/li><li class=\"blocks-gallery-item\"><figure><img loading=\"lazy\" decoding=\"async\" width=\"312\" height=\"400\" src=\"http:\/\/wudangsanbao.com\/wp-content\/uploads\/2019\/10\/courstj6.jpg\" alt=\"\" data-id=\"220\" data-link=\"http:\/\/wudangsanbao.com\/index.php\/cours-a-paris\/courstj6\/\" class=\"wp-image-220\" srcset=\"https:\/\/wudangsanbao.com\/wp-content\/uploads\/2019\/10\/courstj6.jpg 312w, https:\/\/wudangsanbao.com\/wp-content\/uploads\/2019\/10\/courstj6-234x300.jpg 234w\" sizes=\"auto, (max-width: 312px) 100vw, 312px\" \/><\/figure><\/li><li class=\"blocks-gallery-item\"><figure><img loading=\"lazy\" decoding=\"async\" width=\"400\" height=\"317\" src=\"http:\/\/wudangsanbao.com\/wp-content\/uploads\/2019\/10\/courstj3.jpg\" alt=\"\" data-id=\"221\" data-link=\"http:\/\/wudangsanbao.com\/index.php\/cours-a-paris\/courstj3\/\" class=\"wp-image-221\" srcset=\"https:\/\/wudangsanbao.com\/wp-content\/uploads\/2019\/10\/courstj3.jpg 400w, https:\/\/wudangsanbao.com\/wp-content\/uploads\/2019\/10\/courstj3-300x238.jpg 300w\" sizes=\"auto, (max-width: 400px) 100vw, 400px\" \/><\/figure><\/li><\/ul>\n\n\n\n<p style=\"text-align:center\">Pratique de la forme<\/p>\n\n\n\n<ul class=\"wp-block-gallery columns-2 is-cropped wp-block-gallery-4 is-layout-flex wp-block-gallery-is-layout-flex\"><li class=\"blocks-gallery-item\"><figure><img loading=\"lazy\" decoding=\"async\" width=\"450\" height=\"250\" src=\"http:\/\/wudangsanbao.com\/wp-content\/uploads\/2019\/10\/courstj16.jpg\" alt=\"\" data-id=\"222\" data-link=\"http:\/\/wudangsanbao.com\/index.php\/cours-a-paris\/courstj16\/\" class=\"wp-image-222\" srcset=\"https:\/\/wudangsanbao.com\/wp-content\/uploads\/2019\/10\/courstj16.jpg 450w, https:\/\/wudangsanbao.com\/wp-content\/uploads\/2019\/10\/courstj16-300x167.jpg 300w\" sizes=\"auto, (max-width: 450px) 100vw, 450px\" \/><\/figure><\/li><li class=\"blocks-gallery-item\"><figure><img loading=\"lazy\" decoding=\"async\" width=\"500\" height=\"305\" src=\"http:\/\/wudangsanbao.com\/wp-content\/uploads\/2019\/10\/courstj15.jpg\" alt=\"\" data-id=\"223\" data-link=\"http:\/\/wudangsanbao.com\/index.php\/cours-a-paris\/courstj15\/\" class=\"wp-image-223\" srcset=\"https:\/\/wudangsanbao.com\/wp-content\/uploads\/2019\/10\/courstj15.jpg 500w, https:\/\/wudangsanbao.com\/wp-content\/uploads\/2019\/10\/courstj15-300x183.jpg 300w\" sizes=\"auto, (max-width: 500px) 100vw, 500px\" \/><\/figure><\/li><li class=\"blocks-gallery-item\"><figure><img loading=\"lazy\" decoding=\"async\" width=\"550\" height=\"326\" src=\"http:\/\/wudangsanbao.com\/wp-content\/uploads\/2019\/10\/courstj14.jpg\" alt=\"\" data-id=\"224\" data-link=\"http:\/\/wudangsanbao.com\/index.php\/cours-a-paris\/courstj14\/\" class=\"wp-image-224\" srcset=\"https:\/\/wudangsanbao.com\/wp-content\/uploads\/2019\/10\/courstj14.jpg 550w, https:\/\/wudangsanbao.com\/wp-content\/uploads\/2019\/10\/courstj14-300x178.jpg 300w\" sizes=\"auto, (max-width: 550px) 100vw, 550px\" \/><\/figure><\/li><li class=\"blocks-gallery-item\"><figure><img loading=\"lazy\" decoding=\"async\" width=\"450\" height=\"358\" src=\"http:\/\/wudangsanbao.com\/wp-content\/uploads\/2019\/10\/courstj13.jpg\" alt=\"\" data-id=\"225\" data-link=\"http:\/\/wudangsanbao.com\/index.php\/cours-a-paris\/courstj13\/\" class=\"wp-image-225\" srcset=\"https:\/\/wudangsanbao.com\/wp-content\/uploads\/2019\/10\/courstj13.jpg 450w, https:\/\/wudangsanbao.com\/wp-content\/uploads\/2019\/10\/courstj13-300x239.jpg 300w\" sizes=\"auto, (max-width: 450px) 100vw, 450px\" \/><\/figure><\/li><\/ul>\n","protected":false},"excerpt":{"rendered":"<p>Espace Oxyg\u00e8ne Paris 20\u00e8me Tai Chi Chuan Apprentissage de la Forme \u00e0 mains nues Tuishou Pratique de la forme<\/p>\n","protected":false},"author":2,"featured_media":0,"parent":0,"menu_order":0,"comment_status":"closed","ping_status":"closed","template":"","meta":{"footnotes":""},"class_list":["post-203","page","type-page","status-publish","hentry"],"_links":{"self":[{"href":"https:\/\/wudangsanbao.com\/index.php\/wp-json\/wp\/v2\/pages\/203","targetHints":{"allow":["GET"]}}],"collection":[{"href":"https:\/\/wudangsanbao.com\/index.php\/wp-json\/wp\/v2\/pages"}],"about":[{"href":"https:\/\/wudangsanbao.com\/index.php\/wp-json\/wp\/v2\/types\/page"}],"author":[{"embeddable":true,"href":"https:\/\/wudangsanbao.com\/index.php\/wp-json\/wp\/v2\/users\/2"}],"replies":[{"embeddable":true,"href":"https:\/\/wudangsanbao.com\/index.php\/wp-json\/wp\/v2\/comments?post=203"}],"version-history":[{"count":5,"href":"https:\/\/wudangsanbao.com\/index.php\/wp-json\/wp\/v2\/pages\/203\/revisions"}],"predecessor-version":[{"id":226,"href":"https:\/\/wudangsanbao.com\/index.php\/wp-json\/wp\/v2\/pages\/203\/revisions\/226"}],"wp:attachment":[{"href":"https:\/\/wudangsanbao.com\/index.php\/wp-json\/wp\/v2\/media?parent=203"}],"curies":[{"name":"wp","href":"https:\/\/api.w.org\/{rel}","templated":true}]}}