{"id":51,"date":"2019-10-05T14:35:49","date_gmt":"2019-10-05T12:35:49","guid":{"rendered":"http:\/\/wudangsanbao.com\/?page_id=51"},"modified":"2025-08-31T15:55:05","modified_gmt":"2025-08-31T13:55:05","slug":"tai-chi-chuan-cours-adultes","status":"publish","type":"page","link":"https:\/\/wudangsanbao.com\/index.php\/tai-chi-chuan-cours-adultes\/","title":{"rendered":"Tai chi chuan cours adultes"},"content":{"rendered":"\n<p style=\"font-size:17px\">Pratique des enchainements \u00e0 mains nues (taolu), des pouss\u00e9es avec partenaire (tuishou), des techniques de self-d\u00e9fense (sanshou) et des armes traditionnelles du Tai Chi Chuan: sabre, \u00e9p\u00e9e, lance <\/p>\n\n\n\n<p class=\"has-text-align-center\" style=\"font-size:18px\"> Tous niveaux \u00e0 partir de 16 ans <\/p>\n\n\n<div class=\"wp-block-image\">\n<figure class=\"aligncenter size-large is-resized\"><img loading=\"lazy\" decoding=\"async\" width=\"1024\" height=\"621\" src=\"http:\/\/wudangsanbao.com\/wp-content\/uploads\/2023\/09\/2023-06-04_Taijiquan-a-Dinan-2-1024x621.jpg\" alt=\"\" class=\"wp-image-1626\" style=\"width:486px;height:undefinedpx\" srcset=\"https:\/\/wudangsanbao.com\/wp-content\/uploads\/2023\/09\/2023-06-04_Taijiquan-a-Dinan-2-1024x621.jpg 1024w, https:\/\/wudangsanbao.com\/wp-content\/uploads\/2023\/09\/2023-06-04_Taijiquan-a-Dinan-2-300x182.jpg 300w, https:\/\/wudangsanbao.com\/wp-content\/uploads\/2023\/09\/2023-06-04_Taijiquan-a-Dinan-2-768x466.jpg 768w, https:\/\/wudangsanbao.com\/wp-content\/uploads\/2023\/09\/2023-06-04_Taijiquan-a-Dinan-2-1536x932.jpg 1536w, https:\/\/wudangsanbao.com\/wp-content\/uploads\/2023\/09\/2023-06-04_Taijiquan-a-Dinan-2-2048x1242.jpg 2048w\" sizes=\"auto, (max-width: 1024px) 100vw, 1024px\" \/><\/figure>\n<\/div>\n\n\n<p class=\"has-text-align-center has-text-color\" style=\"color:#58040b;font-size:18px\"><strong> <\/strong><\/p>\n\n\n\n<p class=\"has-text-align-center has-text-color\" style=\"color:#58040b;font-size:18px\"><strong>Jeudi 19h &#8211; 21h   <\/strong><\/p>\n\n\n\n<p class=\"has-text-align-center has-text-color\" style=\"color:#58040b;font-size:18px\"><strong>MINIAC MORVAN 35    <\/strong><\/p>\n\n\n\n<p class=\"has-text-align-center has-text-color\" style=\"color:#58040b;font-size:18px\">Espace Nicolas Moison<\/p>\n\n\n\n<p class=\"has-text-align-center\">Entr\u00e9e par la rue du G\u00e9n\u00e9ral de Gaulle, derri\u00e8re l&#8217;Espace Bel Air, nouveau gymnase<\/p>\n\n\n\n<p class=\"has-text-align-center\" style=\"font-size:18px\">Salle Tertre Guy, 1ere salle \u00e0 droite dans l&#8217;entr\u00e9e<\/p>\n\n\n\n<p class=\"has-text-align-center\" style=\"font-size:18px\">Reprise jeudi 11 septembre 2025<\/p>\n\n\n\n<p class=\"has-text-align-right\" style=\"font-size:18px\"><\/p>\n\n\n\n<p class=\"has-text-color\" style=\"color:#3c3b40;font-size:18px\">Vous \u00eates invit\u00e9(e) \u00e0 faire un <strong>cours d&#8217;essai gratuit <\/strong>avant toute premi\u00e8re inscription<\/p>\n\n\n\n<p style=\"font-size:18px\"><a href=\"http:\/\/wudangsanbao.com\/index.php\/tarifs\/\"><strong>TARIFS<\/strong><\/a> &nbsp; &nbsp; &nbsp; &nbsp; &nbsp; &nbsp; &nbsp; &nbsp; &nbsp; &nbsp; &nbsp; &nbsp; &nbsp; &nbsp; &nbsp; &nbsp; &nbsp; &nbsp; &nbsp; &nbsp; &nbsp; &nbsp; &nbsp; &nbsp; &nbsp; &nbsp; &nbsp; &nbsp; &nbsp; <\/p>\n\n\n\n<p class=\"has-text-align-center\" style=\"font-size:18px\"><strong><a href=\"http:\/\/wudangsanbao.com\/index.php\/programme-de-lecole-wudang-practical\/\">PROGRAMME DE L&#8217;ECOLE WUDANG<\/a> <\/strong><\/p>\n\n\n<div class=\"wp-block-image\">\n<figure class=\"aligncenter size-large is-resized\"><img loading=\"lazy\" decoding=\"async\" width=\"863\" height=\"550\" src=\"http:\/\/wudangsanbao.com\/wp-content\/uploads\/2019\/12\/Tenerif-\u00e9p\u00e9e.jpg\" alt=\"\" class=\"wp-image-1395\" style=\"width:482px;height:undefinedpx\" srcset=\"https:\/\/wudangsanbao.com\/wp-content\/uploads\/2019\/12\/Tenerif-\u00e9p\u00e9e.jpg 863w, https:\/\/wudangsanbao.com\/wp-content\/uploads\/2019\/12\/Tenerif-\u00e9p\u00e9e-300x191.jpg 300w, https:\/\/wudangsanbao.com\/wp-content\/uploads\/2019\/12\/Tenerif-\u00e9p\u00e9e-768x489.jpg 768w\" sizes=\"auto, (max-width: 863px) 100vw, 863px\" \/><\/figure>\n<\/div>\n\n\n<p class=\"has-text-align-center has-text-color has-medium-font-size\" style=\"color:#58040b\"><strong> B\u00e9n\u00e9fices de la pratique du Taijiquan Wudang<\/strong><\/p>\n\n\n\n<p style=\"font-size:17px\">Le travail de la lenteur et des postures qui met en jeu la conscience dans le contr\u00f4le du corps influe sur le souffle et stimule l&#8217;\u00e9nergie. Aussi le calme observ\u00e9 refl\u00e8te-t-il la concentration associ\u00e9e \u00e0 la disponibilit\u00e9. <\/p>\n\n\n\n<p style=\"font-size:17px\">La pratique du Taiji Quan permet \u00e0 la fois d&#8217;assouplir et de renforcer les muscles et les articulations et procure un effet massage des organes internes. Les b\u00e9n\u00e9fices sur la sant\u00e9 les plus fr\u00e9quemment rencontr\u00e9s dans les \u00e9tudes scientifiques sont l&#8217;am\u00e9lioration de l&#8217;\u00e9quilibre, de la respiration et du sommeil, l&#8217;att\u00e9nuation de l&#8217;ost\u00e9oporose et de l&#8217;arthrose.&nbsp;<\/p>\n\n\n\n<p style=\"font-size:17px\">L&#8217;aspect martial et dynamique du style Wudang permet de d\u00e9velopper et d&#8217;affiner des qualit\u00e9s essentielles telles que l&#8217;intention qui dirige toute action, la puissance dans le rel\u00e2chement et l&#8217;\u00e9coute intuitive: id\u00e9al pour les artistes, les \u00e9tudiants et toutes les personnes d\u00e9sireuses d&#8217;accro\u00eetre leur potentiel.<\/p>\n\n\n\n<p style=\"font-size:17px\">Enfin, le Taijiquan Wudang favorise des qualit\u00e9s mentales comme la d\u00e9termination, la m\u00e9moire, la confiance en soi et la sensation de pl\u00e9nitude.<\/p>\n\n\n<div class=\"wp-block-image\">\n<figure class=\"aligncenter size-large is-resized\"><img loading=\"lazy\" decoding=\"async\" width=\"590\" height=\"590\" src=\"http:\/\/wudangsanbao.com\/wp-content\/uploads\/2021\/03\/logosportordonnance_1_jpeg.jpg\" alt=\"\" class=\"wp-image-1506\" style=\"width:279px;height:279px\" srcset=\"https:\/\/wudangsanbao.com\/wp-content\/uploads\/2021\/03\/logosportordonnance_1_jpeg.jpg 590w, https:\/\/wudangsanbao.com\/wp-content\/uploads\/2021\/03\/logosportordonnance_1_jpeg-300x300.jpg 300w, https:\/\/wudangsanbao.com\/wp-content\/uploads\/2021\/03\/logosportordonnance_1_jpeg-150x150.jpg 150w\" sizes=\"auto, (max-width: 590px) 100vw, 590px\" \/><\/figure>\n<\/div>\n\n\n<figure class=\"wp-block-embed is-type-video is-provider-youtube wp-block-embed-youtube wp-embed-aspect-16-9 wp-has-aspect-ratio\"><div class=\"wp-block-embed__wrapper\">\n<iframe loading=\"lazy\" title=\"Wudang San Bao\" width=\"800\" height=\"450\" src=\"https:\/\/www.youtube.com\/embed\/BzUuvffEZiA?feature=oembed\" frameborder=\"0\" allow=\"accelerometer; autoplay; clipboard-write; encrypted-media; gyroscope; picture-in-picture; web-share\" referrerpolicy=\"strict-origin-when-cross-origin\" allowfullscreen><\/iframe>\n<\/div><\/figure>\n\n\n\n<figure class=\"wp-block-embed is-type-video is-provider-youtube wp-block-embed-youtube wp-embed-aspect-16-9 wp-has-aspect-ratio\"><div class=\"wp-block-embed__wrapper\">\n<iframe loading=\"lazy\" title=\"D\u00e9monstration du sabre Wudang\" width=\"800\" height=\"450\" src=\"https:\/\/www.youtube.com\/embed\/_Ls1k6Mds3U?feature=oembed\" frameborder=\"0\" allow=\"accelerometer; autoplay; clipboard-write; encrypted-media; gyroscope; picture-in-picture; web-share\" referrerpolicy=\"strict-origin-when-cross-origin\" allowfullscreen><\/iframe>\n<\/div><\/figure>\n\n\n\n<figure class=\"wp-block-embed is-type-video is-provider-youtube wp-block-embed-youtube wp-embed-aspect-16-9 wp-has-aspect-ratio\"><div class=\"wp-block-embed__wrapper\">\n<iframe loading=\"lazy\" title=\"D\u00e9monstration de Tai Chi Chuan Wudang Practical 2\" width=\"800\" height=\"450\" src=\"https:\/\/www.youtube.com\/embed\/WAmm06ZLY1Q?feature=oembed\" frameborder=\"0\" allow=\"accelerometer; autoplay; clipboard-write; encrypted-media; gyroscope; picture-in-picture; web-share\" referrerpolicy=\"strict-origin-when-cross-origin\" allowfullscreen><\/iframe>\n<\/div><\/figure>\n\n\n\n<p class=\"has-text-align-center has-text-color\" style=\"color:#58040b;font-size:19px\"><strong>Supports p\u00e9dagogiques<\/strong><\/p>\n\n\n\n<p style=\"font-size:17px\"><strong>Livres:<\/strong><\/p>\n\n\n\n<p style=\"font-size:17px\">La Forme Courte, d&#8217;Isabelle Boiti\u00e8re d&#8217;apr\u00e8s Dan Docherty (en fran\u00e7ais avec photos et d\u00e9tails de chaque position)<\/p>\n\n\n\n<p style=\"font-size:17px\">Instant Tao, de Dan Docherty ( en anglais, Trait\u00e9 et Canon du Tai Chi Chuan)<\/p>\n\n\n\n<p style=\"font-size:17px\">Complete Tai Chi Chuan, de Dan Docherty ( en anglais, tout sur le Tai Chi Chuan et la forme longue Wudang d\u00e9taill\u00e9e)<\/p>\n\n\n\n<p style=\"font-size:17px\">Decoding the Classics for the Modern Martial Artist, de Dan Docherty (en anglais, 6 Classiques traduits du chinois et comment\u00e9s ainsi que le Classique de la Boxe du g\u00e9n\u00e9ral Qi Ji Guang)<\/p>\n\n\n\n<p style=\"font-size:17px\">Tai Chi Bible, de Dan Docherty (en anglais)<\/p>\n\n\n\n<p style=\"font-size:17px\">La Bible du Tai Chi, de Dan Docherty (en fran\u00e7ais, \u00e9dition Guy Tr\u00e9daniel)<\/p>\n\n\n\n<p style=\"font-size:17px\">La Forme du Sabre, de Dan Docherty (en anglais, photos et d\u00e9tails de chaque technique)<\/p>\n\n\n\n<p style=\"font-size:17px\">La Forme de la Lance, de Dan Docherty (en anglais, photos et d\u00e9tails de chaque technique)<\/p>\n\n\n\n<p style=\"font-size:17px\"><strong>DVDs:<\/strong><\/p>\n\n\n\n<p style=\"font-size:17px\">Les Formes \u00e0 Mains Nues, de Dan Docherty (en anglais sous titr\u00e9 en fran\u00e7ais)<\/p>\n\n\n\n<p style=\"font-size:17px\">Instant Tao, de Dan Docherty (en anglais sous titr\u00e9 en fran\u00e7ais)<\/p>\n\n\n\n<p style=\"font-size:17px\">La Forme Courte, de Dominique Robin (pr\u00e9sentation et menu en fran\u00e7ais)<\/p>\n\n\n\n<p style=\"font-size:17px\">La Forme Courte, de Torben Rif (en danois)<\/p>\n\n\n\n<p style=\"font-size:17px\">La Forme de la Lance, de Torben Rif (menu en danois et anglais)<\/p>\n\n\n\n<p style=\"font-size:17px\">La Forme de l&#8217;Ep\u00e9e, de Torben Rif ( menu en danois et anglais)<\/p>\n","protected":false},"excerpt":{"rendered":"<p>Pratique des enchainements \u00e0 mains nues (taolu), des pouss\u00e9es avec partenaire (tuishou), des techniques de self-d\u00e9fense (sanshou) et des armes traditionnelles du Tai Chi Chuan: sabre, \u00e9p\u00e9e, lance Tous niveaux \u00e0 partir de 16 ans Jeudi 19h &#8211; 21h MINIAC MORVAN 35 Espace Nicolas Moison Entr\u00e9e par la rue du G\u00e9n\u00e9ral de Gaulle, derri\u00e8re l&#8217;Espace <a class=\"read-more\" href=\"https:\/\/wudangsanbao.com\/index.php\/tai-chi-chuan-cours-adultes\/\">Read More<\/a><\/p>\n","protected":false},"author":1,"featured_media":0,"parent":0,"menu_order":0,"comment_status":"closed","ping_status":"closed","template":"","meta":{"footnotes":""},"class_list":["post-51","page","type-page","status-publish","hentry"],"_links":{"self":[{"href":"https:\/\/wudangsanbao.com\/index.php\/wp-json\/wp\/v2\/pages\/51","targetHints":{"allow":["GET"]}}],"collection":[{"href":"https:\/\/wudangsanbao.com\/index.php\/wp-json\/wp\/v2\/pages"}],"about":[{"href":"https:\/\/wudangsanbao.com\/index.php\/wp-json\/wp\/v2\/types\/page"}],"author":[{"embeddable":true,"href":"https:\/\/wudangsanbao.com\/index.php\/wp-json\/wp\/v2\/users\/1"}],"replies":[{"embeddable":true,"href":"https:\/\/wudangsanbao.com\/index.php\/wp-json\/wp\/v2\/comments?post=51"}],"version-history":[{"count":79,"href":"https:\/\/wudangsanbao.com\/index.php\/wp-json\/wp\/v2\/pages\/51\/revisions"}],"predecessor-version":[{"id":1754,"href":"https:\/\/wudangsanbao.com\/index.php\/wp-json\/wp\/v2\/pages\/51\/revisions\/1754"}],"wp:attachment":[{"href":"https:\/\/wudangsanbao.com\/index.php\/wp-json\/wp\/v2\/media?parent=51"}],"curies":[{"name":"wp","href":"https:\/\/api.w.org\/{rel}","templated":true}]}}