{"id":658,"date":"2019-10-12T16:19:17","date_gmt":"2019-10-12T14:19:17","guid":{"rendered":"http:\/\/wudangsanbao.com\/?page_id=658"},"modified":"2019-11-30T19:27:55","modified_gmt":"2019-11-30T18:27:55","slug":"observer","status":"publish","type":"page","link":"https:\/\/wudangsanbao.com\/index.php\/observer\/","title":{"rendered":"Observer"},"content":{"rendered":"\n<p class=\"has-normal-font-size\">Par Dominique Robin<\/p>\n\n\n\n<p class=\"has-normal-font-size\">Dans ma pratique et mon enseignement du Tai Chi Chuan, j&#8217;ai souvent remarqu\u00e9 que beaucoup d&#8217;\u00e9l\u00e8ves ferment les yeux ou ne regardent pas leur professeur alors que celui-ci ou celle-ci ex\u00e9cute avec eux, devant eux, les mouvements de la forme du Tai Chi.<br>Cela m&#8217;intrigue et m&#8217;am\u00e8ne \u00e0 cette r\u00e9flexion que je souhaite partager.<\/p>\n\n\n\n<p class=\"has-normal-font-size\">Ma pratique personnelle peut avoir plusieurs objectifs allant de l&#8217;entra\u00eenement pur pour me perfectionner au plaisir d&#8217;exprimer mon Tai Chi dans un paysage magnifique pour faire Un avec la nature par exemple.<br>Aussi je consid\u00e8re les cours et les stages comme des moments de pratique ayant pour but l&#8217;apprentissage.<\/p>\n\n\n\n<p class=\"has-normal-font-size\">Il y a le temps de la r\u00e9p\u00e9tition, de la r\u00e9flexion et des questions.<br>En cours et chez moi, je r\u00e9p\u00e8te les mouvements nouvellement appris ou corrig\u00e9s en vue de les int\u00e9grer puis j&#8217;essaie de faire des liens pour augmenter ma compr\u00e9hension, je lis, je m&#8217;interroge et questionne mes professeurs. Vient aussi le temps de la recherche des sensations.<\/p>\n\n\n\n<p class=\"has-normal-font-size\">Pour autant que je sache, la notion de &#8221; ressenti &#8221; li\u00e9e \u00e0 celle d&#8217; &#8221; interne &#8221; n&#8217;a rien de magique.<br>Ce n&#8217;est pas parce que je ferme les yeux que quelque chose en moi va soudainement se produire.<br>Le &#8221; ressenti &#8221; et l&#8217; &#8221; interne &#8221; sont des ph\u00e9nom\u00e8nes concrets de connexion, certes subtils, qui se manifestent uniquement lorsqu&#8217;on porte son attention sur tel point pr\u00e9cis ou tel mouvement de son corps.<br>Toute son attention, donc son enti\u00e8re pr\u00e9sence, doit \u00eatre alors focalis\u00e9e (focus) sur un ou plusieurs \u00e9l\u00e9ments pr\u00e9cis, de mani\u00e8re r\u00e9p\u00e9t\u00e9e et syst\u00e9matique.<\/p>\n\n\n\n<p class=\"has-normal-font-size\">Mais il existe un temps primordial, un moment essentiel, dans tout apprentissage, c&#8217;est l&#8217;observation.<\/p>\n\n\n\n<p class=\"has-normal-font-size\">Faut-il rappeler que la m\u00e9morisation compl\u00e8te des mouvements, notamment ceux de la forme, est une \u00e9tape incontournable en Tai Chi, un pr\u00e9-requis indispensable \u00e0 la qu\u00eate du ressenti et du travail interne ? Ce chemin demande une attention visuelle et auditive continue, de la part de l&#8217;\u00e9l\u00e8ve d\u00e9butant comme du disciple, car les d\u00e9tails se r\u00e9v\u00e8lent au fur et \u00e0 mesure de l&#8217;apprentissage et non tout d&#8217;un bloc en quelques s\u00e9ances &#8221; \u00e7a y est, j&#8217;ai vu, je sais &#8221; !<br>Comme dans beaucoup de disciplines, de nouvelles portes s&#8217;ouvrent au fur et \u00e0 mesure de notre progression et nous tiennent ainsi l&#8217;esprit curieux et alerte pour longtemps.<\/p>\n\n\n\n<p class=\"has-normal-font-size\">Pratiquer le Tai Chi les yeux ferm\u00e9s est tr\u00e8s int\u00e9ressant lorsque pris comme un exercice afin de stimuler les capteurs kinesth\u00e9siques pour renforcer le sens de l&#8217;\u00e9quilibre et des directions, lors de la recherche d&#8217;une forme en miroir, ou encore \u00e0 but m\u00e9ditatif, par exemple) mais non comme un objectif en soi.<\/p>\n\n\n\n<p class=\"has-normal-font-size\">Car bien au contraire, la notion d&#8217;intention (intent = Yi), primordiale en Tai Chi comme dans tous les arts martiaux, requiert un regard toujours en \u00e9veil et en action.<br>Le regard doit permettre une vision \u00e0 la fois fov\u00e9ale (focalis\u00e9e sur un point pr\u00e9cis) et p\u00e9riph\u00e9rique (qui englobe avec conscience tout l&#8217;espace environnant).<br>D&#8217;autre part, le regard (associ\u00e9 \u00e0 l&#8217;oreille interne) est un point d&#8217;appui dans l&#8217;espace important pour l&#8217;\u00e9quilibre et qu&#8217;il serait bien dommage de se priver quand on jouit de la facult\u00e9 de la vue.<\/p>\n\n\n\n<p class=\"has-normal-font-size\">La pratique dans les cours et les stages, sauf sur proposition du professeur \u00e0 titre exp\u00e9rimental, a donc grand int\u00e9r\u00eat \u00e0 se faire les yeux grand ouverts, afin d&#8217;aiguiser au maximum son sens de l&#8217;observation essentiel \u00e0 l&#8217;\u00e9tude sans fin des d\u00e9tails, en vue d&#8217;une progression et d&#8217;une satisfaction certaines.<\/p>\n","protected":false},"excerpt":{"rendered":"<p>Par Dominique Robin Dans ma pratique et mon enseignement du Tai Chi Chuan, j&#8217;ai souvent remarqu\u00e9 que beaucoup d&#8217;\u00e9l\u00e8ves ferment les yeux ou ne regardent pas leur professeur alors que celui-ci ou celle-ci ex\u00e9cute avec eux, devant eux, les mouvements de la forme du Tai Chi.Cela m&#8217;intrigue et m&#8217;am\u00e8ne \u00e0 cette r\u00e9flexion que je souhaite <a class=\"read-more\" href=\"https:\/\/wudangsanbao.com\/index.php\/observer\/\">Read More<\/a><\/p>\n","protected":false},"author":2,"featured_media":0,"parent":0,"menu_order":0,"comment_status":"closed","ping_status":"closed","template":"","meta":{"footnotes":""},"class_list":["post-658","page","type-page","status-publish","hentry"],"_links":{"self":[{"href":"https:\/\/wudangsanbao.com\/index.php\/wp-json\/wp\/v2\/pages\/658","targetHints":{"allow":["GET"]}}],"collection":[{"href":"https:\/\/wudangsanbao.com\/index.php\/wp-json\/wp\/v2\/pages"}],"about":[{"href":"https:\/\/wudangsanbao.com\/index.php\/wp-json\/wp\/v2\/types\/page"}],"author":[{"embeddable":true,"href":"https:\/\/wudangsanbao.com\/index.php\/wp-json\/wp\/v2\/users\/2"}],"replies":[{"embeddable":true,"href":"https:\/\/wudangsanbao.com\/index.php\/wp-json\/wp\/v2\/comments?post=658"}],"version-history":[{"count":4,"href":"https:\/\/wudangsanbao.com\/index.php\/wp-json\/wp\/v2\/pages\/658\/revisions"}],"predecessor-version":[{"id":1223,"href":"https:\/\/wudangsanbao.com\/index.php\/wp-json\/wp\/v2\/pages\/658\/revisions\/1223"}],"wp:attachment":[{"href":"https:\/\/wudangsanbao.com\/index.php\/wp-json\/wp\/v2\/media?parent=658"}],"curies":[{"name":"wp","href":"https:\/\/api.w.org\/{rel}","templated":true}]}}