{"id":685,"date":"2019-10-12T16:32:03","date_gmt":"2019-10-12T14:32:03","guid":{"rendered":"http:\/\/wudangsanbao.com\/?page_id=685"},"modified":"2019-11-30T20:09:30","modified_gmt":"2019-11-30T19:09:30","slug":"7-2","status":"publish","type":"page","link":"https:\/\/wudangsanbao.com\/index.php\/7-2\/","title":{"rendered":"7"},"content":{"rendered":"\n<h2 class=\"wp-block-heading\" style=\"text-align:center\">&#8221; Sept ans de r\u00e9flexion&#8221; ou &#8221; Les sept samoura\u00efs&#8221;?<\/h2>\n\n\n\n<p class=\"has-normal-font-size\">M\u00e9moire d&#8217;examen f\u00e9d\u00e9ral  <br>par Dominique Robin <\/p>\n\n\n\n<div class=\"wp-block-image\"><figure class=\"aligncenter is-resized\"><img loading=\"lazy\" decoding=\"async\" src=\"http:\/\/wudangsanbao.com\/wp-content\/uploads\/2019\/10\/septsamourais.jpg\" alt=\"\" class=\"wp-image-687\" width=\"512\" height=\"284\" srcset=\"https:\/\/wudangsanbao.com\/wp-content\/uploads\/2019\/10\/septsamourais.jpg 301w, https:\/\/wudangsanbao.com\/wp-content\/uploads\/2019\/10\/septsamourais-300x167.jpg 300w\" sizes=\"auto, (max-width: 512px) 100vw, 512px\" \/><\/figure><\/div>\n\n\n\n<p class=\"has-normal-font-size\">Lors de mon tout premier cours de Tai Chi Chuan, il m&#8217;a sembl\u00e9 que je go\u00fbtais \u00e0 une pratique id\u00e9ale pour acqu\u00e9rir une concentration int\u00e9rieure et un esprit combatif ; ce que je recherchais sans doute \u00e0 cette p\u00e9riode sans le savoir.<br>Mais mon exp\u00e9rience la plus marquante, ce jour-l\u00e0, fut la sensation de me glisser dans des gestes ex\u00e9cut\u00e9s maintes fois, des centaines d&#8217;ann\u00e9es auparavant, par d&#8217;autres. C&#8217;\u00e9tait comme si je suivais un chemin emprunt\u00e9 autrefois par des anc\u00eatres. Les histoires, les sensations forment le pain des acteurs.<br>Je sentais donc des liens possibles tr\u00e8s forts entre moi, jeune actrice fran\u00e7aise, et ces mouvements chinois que je d\u00e9couvrais.<br>Je vais essayer de vous faire part de mes r\u00e9flexions sur ces liens qui se tissent maintenant depuis sept ans.<\/p>\n\n\n\n<p class=\"has-normal-font-size\"><strong>Intention-Action<\/strong><\/p>\n\n\n\n<p class=\"has-normal-font-size\">Que ce soit dans ma pratique du Tai Chi Chuan ou dans ma d\u00e9marche d&#8217;actrice, ces deux termes, intention et action, sont \u00e0 mes yeux la base m\u00eame du premier geste, du premier mot. Mais qui sont-ils ?<br>J&#8217;interroge mon dictionnaire qui me r\u00e9pond :<br><em>Intention : du latin intentio, action de diriger.<\/em>&nbsp;<em>Dessein d\u00e9lib\u00e9r\u00e9 d&#8217;accomplir tel ou tel acte ; volont\u00e9.<\/em><br><em>Action : du latin actio.<\/em>&nbsp;<em>Fait, facult\u00e9 d&#8217;agir, de manifester sa volont\u00e9 en accomplissant quelque chose ; par opposition \u00e0 la pens\u00e9e, \u00e0 la r\u00e9flexion.<\/em><br><br>L&#8217;intention et l&#8217;action sont inextricablement li\u00e9es.<br>Sans intention, l&#8217;action perd sa valeur.<br>Sans action, l&#8217;intention meurt.<\/p>\n\n\n\n<p class=\"has-normal-font-size\">Lorsque je commence \u00e0 travailler sur une pi\u00e8ce ou un sc\u00e9nario, j&#8217;ai d&#8217;abord une vue d&#8217;ensemble concernant le parcours du personnage que je vais interpr\u00e9ter.<br>Mais le personnage \u00e9volue sc\u00e8ne apr\u00e8s sc\u00e8ne, action apr\u00e8s action. Et r\u00e9action.<br>Alors \u00e0 chaque s\u00e9quence, je dois me poser des questions. Mon personnage demande :<br>&#8221; Qu&#8217;est ce que je veux ? &#8221; ou &#8221; De quoi ai-je besoin ? &#8220;, &#8221; Quel est mon but ? &#8221; et &#8221; Que se passe-t-il si je n&#8217;arrive pas \u00e0 ce que je veux ? &#8220;<br>Je dois m&#8217;engager alors physiquement dans la poursuite d&#8217;un but sp\u00e9cifique.<br>Un exemple : &#8221; Je cherche \u00e0 obtenir la r\u00e9ponse cruciale \u00e0 un myst\u00e8re. &#8220;<br>Je vais d\u00e9ployer tous les outils et toutes les ressources n\u00e9cessaires pour y parvenir.<br>Et c&#8217;est en regardant mon ou mes partenaire(s) que je dois pouvoir dire si je suis loin ou proche d&#8217;achever mon action.<\/p>\n\n\n\n<p class=\"has-normal-font-size\">La notion de regard m&#8217;appelle maintenant \u00e0 faire un lien avec la pratique du Tai Chi Chuan, \u00e0 propos de Yi, l&#8217;intention.<br>Car c&#8217;est dans les yeux que se lit l&#8217;intention. Que ce soit dans la pratique des formes ou en self-d\u00e9fense, le regard dirig\u00e9 est le d\u00e9but de l&#8217;action.<br>L&#8217;intention est aussi dans mes mains et dans mes pieds, engag\u00e9s \u00e0 chaque instant dans le mouvement. Mais je ne regarde pas mes mains, ni la lame de mon \u00e9p\u00e9e. Je regarde l\u00e0 o\u00f9 peut partir une attaque, et l\u00e0 o\u00f9 je vais diriger ma contre-attaque, ma technique.<\/p>\n\n\n\n<p class=\"has-normal-font-size\">&#8221; Une self-d\u00e9fense efficace d\u00e9pend du fait que le d\u00e9fenseur conserve son intention, et qu&#8217;il d\u00e9truise ou change l&#8217;intention de son adversaire. &#8220;<br>Dan Docherty<\/p>\n\n\n\n<p class=\"has-normal-font-size\"><strong>Contrastes-Oppositions<\/strong><\/p>\n\n\n\n<p class=\"has-normal-font-size\">Le travail le plus difficile, le plus long et le plus passionnant sur un personnage est \u00e0 mon sens la recherche des contrastes et donc la capacit\u00e9 \u00e0 donner du relief \u00e0 ce qu&#8217;il dit et fait.<br>Au sein de chaque personnage, comme de chaque \u00eatre humain, existent une face visible et une face invisible, une partie lumi\u00e8re et une partie ombre, une part dite civilis\u00e9e et une part animale, etc\u2026<br>Chaque personne poss\u00e8de des qualit\u00e9s et des d\u00e9fauts, \u00e0 ses yeux, et aux yeux des autres qui ne sont pas forc\u00e9ment les m\u00eames.<br>De plus, la nature humaine est faite de contradictions qui entra\u00eenent parfois des choix bien surprenants.<br>Passer \u00e0 c\u00f4t\u00e9 de ces contrastes reviendrait \u00e0 se priver d&#8217;une richesse de jeu sans fin et \u00e0 proposer un personnage attendu, plat et sans grand int\u00e9r\u00eat.<\/p>\n\n\n\n<p class=\"has-normal-font-size\">Je retrouve des \u00e9quivalences dans le Tai Chi Chuan. C&#8217;est l&#8217;histoire du yin et du yang et de la perp\u00e9tuelle alternance, avec des notions oppos\u00e9es telles que dur-souple, rapide-lent, ouverture-fermeture, contraction-expansion, immobilit\u00e9-mouvement, et bien s\u00fbr vide-plein qu&#8217;il est important de pouvoir clairement distinguer dans n&#8217;importe quelle posture.<\/p>\n\n\n\n<p class=\"has-normal-font-size\">La notion de vide et de plein se retrouve d&#8217;ailleurs chez les acteurs.<br>&#8221; Un acteur, faut qu&#8217;il soit personne. Quand on est connu, on est trop plein de soi. &#8221; confie un jour Anouk Grimberg lors d&#8217;une interview.<br>Juliette Binoche parle de &#8221; l&#8217;oubli de soi &#8220;.<br>Quant \u00e0 moi, je rejoindrais plut\u00f4t dans ma qu\u00eate, celle de Yoshi O\u00efda, acteur japonais, qui parle de l&#8217; &#8221; acteur invisible &#8220;. Dispara\u00eetre pour \u00eatre enfin l\u00e0.<br>Le metteur en sc\u00e8ne Peter Brook travaille \u00e0 partir de &#8221; l&#8217;espace vide &#8221; ; celui du plateau de th\u00e9\u00e2tre et celui, interne, de ses com\u00e9diens. L&#8217;espace vide dans lequel va s&#8217;\u00e9panouir l&#8217;imagination du public.<\/p>\n\n\n\n<p class=\"has-normal-font-size\">Une autre notion d&#8217;ailleurs revient sans cesse : celle d&#8217;int\u00e9rieur-ext\u00e9rieur, interne-externe.<br>Dans l&#8217;apprentissage de la forme du Tai Chi Chuan, par exemple, on part de la forme ext\u00e9rieure. On copie d&#8217;abord le professeur en essayant de comprendre ce que l&#8217;on fait. Puis plus tard, avec la pratique, on tente d&#8217;ex\u00e9cuter le mouvement en allant le chercher \u00e0 sa source, depuis la racine (les pieds) en passant par le centre (la taille). On recherche progressivement l&#8217;interne dans sa pratique.<\/p>\n\n\n\n<p class=\"has-normal-font-size\">Pour un r\u00f4le, un acteur peut choisir deux m\u00e9thodes : ou bien il se concentre sur le ressenti, l&#8217;\u00e9motion, et il travaille de l&#8217;int\u00e9rieur vers l&#8217;ext\u00e9rieur ; ou alors sur une action physique et travaille de l&#8217;ext\u00e9rieur vers l&#8217;int\u00e9rieur. Alterner les deux peut \u00eatre tr\u00e8s int\u00e9ressant.<\/p>\n\n\n\n<p class=\"has-normal-font-size\">L&#8217;opposition de l&#8217;aspect int\u00e9rieur- ext\u00e9rieur est v\u00e9cue ensuite dans le jeu m\u00eame.<br>Un jeu dynamique voire explosif requiert un grand calme int\u00e9rieur au risque d&#8217;avoir un jeu trop tendu. De m\u00eame, un jeu calme n\u00e9cessite une certaine dynamique int\u00e9rieure au risque de voir le public s&#8217;endormir !<\/p>\n\n\n\n<p class=\"has-normal-font-size\">En self-d\u00e9fense et en tuishou, je dois \u00eatre calme, concentr\u00e9e et disponible afin d&#8217;avoir des r\u00e9actions vives et efficaces.<br>De m\u00eame lorsque je pratique les formes des armes qui sont rapides, je m&#8217;efforce de conserver un calme int\u00e9rieur, pour r\u00e9guler mon souffle et ne pas finir en apn\u00e9e.<br>Par contre, lorsque je pratique la forme des mains, j&#8217;essaye de ne pas laisser mon rythme int\u00e9rieur se faire entra\u00eener par la lenteur de mes gestes, mais plut\u00f4t de me concentrer sur les techniques et leurs applications, sur l&#8217;intention donc, afin de capter leur dynamique.<\/p>\n\n\n\n<p class=\"has-normal-font-size\"><strong>Rythme-Ecoute<\/strong><\/p>\n\n\n\n<p class=\"has-normal-font-size\">Chaque personne poss\u00e8de son propre rythme int\u00e9rieur.<br>Il est tr\u00e8s int\u00e9ressant pour un acteur de d\u00e9finir ce rythme en vue de construire un personnage. L&#8217;utilisation alors d&#8217;images telles que l&#8217;eau, le feu, le bois, le m\u00e9tal nous \u00e9voquent les cinq \u00e9l\u00e9ments; mais celles du velours, de la glace, de l&#8217;\u00e9lectricit\u00e9 ou de la lame tranchante peuvent \u00e9galement \u00eatre exp\u00e9riment\u00e9es par les acteurs.<br>Deux partenaires de jeu qui \u00e9voluent avec des rythmes diff\u00e9rents, cela donne d\u00e9j\u00e0 une saveur \u00e0 la sc\u00e8ne. Ensuite, il y a le rythme propre \u00e0 la sc\u00e8ne insuffl\u00e9 par la situation, le genre (drame, com\u00e9die\u2026) et l&#8217;intention du metteur en sc\u00e8ne.<\/p>\n\n\n\n<p class=\"has-normal-font-size\">Et l\u00e0, l&#8217;\u00e9change qui commence entre deux acteurs est similaire \u00e0 celui engag\u00e9 entre deux partenaires de tuishou libre : intuitif et bas\u00e9 sur l&#8217;\u00e9coute. L&#8217;\u00e9coute de son propre rythme et du rythme de l&#8217;autre. Rep\u00e9rer les ouvertures, les fermetures. Un temps pour recevoir, un temps pour r\u00e9agir.<br>Les moments d&#8217;\u00e9coute pr\u00e9c\u00e8dent les moments d&#8217;action. Mais engag\u00e9e dans l&#8217;action, je reste \u00e0 l&#8217;\u00e9coute : sentir l\u00e0 o\u00f9 c&#8217;est fluide, l\u00e0 o\u00f9 \u00e7a r\u00e9siste. Je continue dans cette direction ou bien je modifie. L&#8217;\u00e9change est dialogue-mouvement.<\/p>\n\n\n\n<p class=\"has-normal-font-size\">In\u00e9vitablement li\u00e9 \u00e0 l&#8217;\u00e9coute, le sens du rythme me semble aussi indispensable dans un art martial bas\u00e9 sur la d\u00e9fense et la contre-attaque que sur une sc\u00e8ne de th\u00e9\u00e2tre ou devant une cam\u00e9ra, avec des r\u00e9pliques \u00e0 faire vivre avec ses partenaires.<\/p>\n\n\n\n<p class=\"has-normal-font-size\"><strong>Espace<\/strong><\/p>\n\n\n\n<p class=\"has-normal-font-size\">La sc\u00e8ne de th\u00e9\u00e2tre est un endroit singulier o\u00f9 l&#8217;acteur doit se projeter afin de le remplir. Cela implique qu&#8217;il doit avoir une conscience aigu\u00eb de l&#8217;espace dans lequel il \u00e9volue.<br>Il existe une codification simple en huit directions qui n&#8217;est pas sans rappeler les huit trigrammes (Ba Gua) : Pleine face, dos tourn\u00e9, c\u00f4t\u00e9 droit, c\u00f4t\u00e9 gauche, et les quatre diagonales interm\u00e9diaires.<\/p>\n\n\n\n<p class=\"has-normal-font-size\"><strong>R\u00e9p\u00e9tition<\/strong><\/p>\n\n\n\n<p class=\"has-normal-font-size\">Au th\u00e9\u00e2tre, la r\u00e9p\u00e9tition est un processus qui va des premiers t\u00e2tonnements au filage. Entre les deux, c&#8217;est une zone d&#8217;explorations et de choix.<br>Au fur et \u00e0 mesure, la progression devient moins intellectuelle et plus intuitive. On se concentre moins sur ce qu&#8217;on doit faire mais plus sur le moment d&#8217;\u00e9change avec ses partenaires. On se concentre sur ce qui se passe dans l&#8217;instant avec la connaissance de l&#8217;action qui nous guide.<\/p>\n\n\n\n<p class=\"has-normal-font-size\">Dans la pratique du Tai Chi Chuan, je retrouve cette notion de r\u00e9p\u00e9tition qui implique de faire et refaire plusieurs fois le m\u00eame mouvement, la m\u00eame technique ; en terme d&#8217;apprentissage, de la forme par exemple, et en terme d&#8217;entra\u00eenement, comme avec les tui shou, afin d&#8217;exercer la coordination, l&#8217;\u00e9quilibre et le travail des pieds entre autres.<br>Au fur et \u00e0 mesure de ma pratique, je prends conscience des chemins que mon corps a pris l&#8217;habitude d&#8217;emprunter (postures, techniques) et des endroits o\u00f9 il commence \u00e0 \u00eatre \u00e0 l&#8217;aise. Ma concentration se tourne alors vers d&#8217;autres champs d&#8217;exploration, telle que l&#8217;\u00e9coute de la force de mon partenaire-adversaire, ou bien des points de tension que je peux localiser dans mon corps ou aussi au niveau mental, afin d&#8217;\u00eatre pr\u00eate \u00e0 faire face \u00e0 l&#8217;impr\u00e9vu.<\/p>\n\n\n\n<p class=\"has-normal-font-size\">Certains acteurs entra\u00eenent leur corps, leur voix et leurs \u00e9motions et exercent leur imagination \u00e0 travers des exercices. A ce propos, voici ce que dit Yoshi O\u00efda : &#8221; Les mouvements r\u00e9p\u00e9t\u00e9s ont pour effet de stimuler notre finesse de perception et notre acuit\u00e9 sensible. &#8220;<\/p>\n\n\n\n<p class=\"has-normal-font-size\"><strong>Energie-Instant<\/strong><\/p>\n\n\n\n<p class=\"has-normal-font-size\">Dans la mesure o\u00f9 le corps, l&#8217;esprit, et les \u00e9motions sont indissociables, il existe un mouvement permanent, sans cesse modifi\u00e9, qui va de l&#8217;\u00e9tat int\u00e9rieur \u00e0 la forme ext\u00e9rieure ; et retour, en boucle.<br>Au-del\u00e0 de toute base fondamentale ou de l&#8217;essence d&#8217;une technique, l&#8217;id\u00e9al est de trouver, gr\u00e2ce \u00e0 une concentration ouverte et fluide, la libert\u00e9 (espace de disponibilit\u00e9 totale), qui devient source d&#8217;\u00e9nergie, elle-m\u00eame source de cr\u00e9ation et de communication \u00e0 un niveau plus profond.<\/p>\n\n\n\n<p class=\"has-normal-font-size\">L&#8217;\u00e9nergie permet de repr\u00e9senter un monde invisible par la pr\u00e9sence visible.<br>Au th\u00e9\u00e2tre, lors de repr\u00e9sentations de compagnies \u00e9trang\u00e8res par exemple, le public sent l&#8217;\u00e9nergie des acteurs sans forc\u00e9ment comprendre leur langage et, \u00e0 travers cette \u00e9nergie, capte ais\u00e9ment l&#8217;intrigue.<br>Avec le Tai Chi Chuan \u00e9galement, cette relation d&#8217;\u00e9nergie \u00e0 \u00e9nergie, entre deux personnes, repr\u00e9sente un lien invisible qui renvoie \u00e0 une autre dimension, une dimension universelle de l&#8217;\u00e9change vivant.<\/p>\n\n\n\n<p class=\"has-normal-font-size\">Ceci implique un engagement de tout l&#8217;\u00eatre dans chaque instant. Dans l&#8217; &#8221; ici et maintenant &#8220;.<br>L&#8217;instant, cet espace qu&#8217;on ne peut ni d\u00e9limiter, ni arr\u00eater, \u00e0 peine apparu, d\u00e9j\u00e0 autre, est pourtant le lieu o\u00f9 correspondent les \u00e9nergies humaines et le monde naturel, le lieu o\u00f9 peut surgir la force profonde de tout \u00eatre.<\/p>\n\n\n\n<p class=\"has-normal-font-size\">Faire voyager en un temps et un espace autres\u2026<\/p>\n\n\n\n<p class=\"has-normal-font-size\">Chercher l&#8217;inattendu et le geste juste\u2026<\/p>\n\n\n\n<p class=\"has-normal-font-size\">\u2026l&#8217;instant de gr\u00e2ce.<\/p>\n\n\n\n<p style=\"text-align:center\" class=\"has-normal-font-size\"><em>&#8221; Le r\u00eave courait toujours bien en avant de soi. Le rattraper, vivre un instant en \u00e9troite unisson, l\u00e0 \u00e9tait le miracle.<br>La vie th\u00e9\u00e2tre, la vie l\u00e9gende, se raccordait alors intimement au jour, et de leur union jaillissaient en gerbes d&#8217;\u00e9tincelles de grands oiseaux divins, les minutes d&#8217;\u00e9ternit\u00e9. &#8220;<\/em><\/p>\n\n\n\n<p style=\"text-align:center\" class=\"has-normal-font-size\"><em>Ana\u00efs Nin, &#8220;Un hiver d&#8217;artifice&#8221;<\/em><br><\/p>\n\n\n\n<p style=\"text-align:right\" class=\"has-normal-font-size\">Dominique Robin, 2003<\/p>\n","protected":false},"excerpt":{"rendered":"<p>&#8221; Sept ans de r\u00e9flexion&#8221; ou &#8221; Les sept samoura\u00efs&#8221;? M\u00e9moire d&#8217;examen f\u00e9d\u00e9ral par Dominique Robin Lors de mon tout premier cours de Tai Chi Chuan, il m&#8217;a sembl\u00e9 que je go\u00fbtais \u00e0 une pratique id\u00e9ale pour acqu\u00e9rir une concentration int\u00e9rieure et un esprit combatif ; ce que je recherchais sans doute \u00e0 cette p\u00e9riode <a class=\"read-more\" href=\"https:\/\/wudangsanbao.com\/index.php\/7-2\/\">Read More<\/a><\/p>\n","protected":false},"author":2,"featured_media":0,"parent":0,"menu_order":0,"comment_status":"closed","ping_status":"closed","template":"","meta":{"footnotes":""},"class_list":["post-685","page","type-page","status-publish","hentry"],"_links":{"self":[{"href":"https:\/\/wudangsanbao.com\/index.php\/wp-json\/wp\/v2\/pages\/685","targetHints":{"allow":["GET"]}}],"collection":[{"href":"https:\/\/wudangsanbao.com\/index.php\/wp-json\/wp\/v2\/pages"}],"about":[{"href":"https:\/\/wudangsanbao.com\/index.php\/wp-json\/wp\/v2\/types\/page"}],"author":[{"embeddable":true,"href":"https:\/\/wudangsanbao.com\/index.php\/wp-json\/wp\/v2\/users\/2"}],"replies":[{"embeddable":true,"href":"https:\/\/wudangsanbao.com\/index.php\/wp-json\/wp\/v2\/comments?post=685"}],"version-history":[{"count":8,"href":"https:\/\/wudangsanbao.com\/index.php\/wp-json\/wp\/v2\/pages\/685\/revisions"}],"predecessor-version":[{"id":1232,"href":"https:\/\/wudangsanbao.com\/index.php\/wp-json\/wp\/v2\/pages\/685\/revisions\/1232"}],"wp:attachment":[{"href":"https:\/\/wudangsanbao.com\/index.php\/wp-json\/wp\/v2\/media?parent=685"}],"curies":[{"name":"wp","href":"https:\/\/api.w.org\/{rel}","templated":true}]}}