{"id":74,"date":"2019-10-05T15:33:25","date_gmt":"2019-10-05T13:33:25","guid":{"rendered":"http:\/\/wudangsanbao.com\/?page_id=74"},"modified":"2024-08-20T20:04:24","modified_gmt":"2024-08-20T18:04:24","slug":"enseignants","status":"publish","type":"page","link":"https:\/\/wudangsanbao.com\/index.php\/enseignants\/","title":{"rendered":"Enseignante"},"content":{"rendered":"<div class=\"wp-block-image\">\n<figure class=\"aligncenter size-large is-resized\"><img loading=\"lazy\" decoding=\"async\" width=\"1024\" height=\"682\" src=\"http:\/\/wudangsanbao.com\/wp-content\/uploads\/2021\/06\/fullsizeoutput_10f0-1024x682.jpeg\" alt=\"\" class=\"wp-image-1516\" style=\"width:488px;height:auto\" srcset=\"https:\/\/wudangsanbao.com\/wp-content\/uploads\/2021\/06\/fullsizeoutput_10f0-1024x682.jpeg 1024w, https:\/\/wudangsanbao.com\/wp-content\/uploads\/2021\/06\/fullsizeoutput_10f0-300x200.jpeg 300w, https:\/\/wudangsanbao.com\/wp-content\/uploads\/2021\/06\/fullsizeoutput_10f0-768x511.jpeg 768w, https:\/\/wudangsanbao.com\/wp-content\/uploads\/2021\/06\/fullsizeoutput_10f0-1536x1023.jpeg 1536w, https:\/\/wudangsanbao.com\/wp-content\/uploads\/2021\/06\/fullsizeoutput_10f0-2048x1364.jpeg 2048w\" sizes=\"auto, (max-width: 1024px) 100vw, 1024px\" \/><\/figure>\n<\/div>\n\n\n<p><\/p>\n\n\n\n<p class=\"has-text-color has-normal-font-size\" style=\"color:#2a424c\"><strong>Dominique Robin<\/strong>&nbsp;a commenc\u00e9 \u00e0 pratiquer le <strong>Tai Chi Chuan Wudang<\/strong> en 1996 \u00e0 Paris aupr\u00e8s de Patrice Becker et \u00e0 recevoir l&#8217;enseignement direct de Sifu Dan Docherty \u00e0 partir de 2000. Sa formation a continu\u00e9 sous la tutelle d&#8217;Isabelle Boiti\u00e8re, d&#8217;Armelle Malfilatre et de Michel Naepels, en parall\u00e8le \u00e0 sa pratique de l&#8217;escrime entam\u00e9e depuis plusieurs ann\u00e9es&nbsp;avec ma\u00eetres Patrice Camboni et Fran\u00e7ois Rostain.<\/p>\n\n\n\n<p class=\"has-text-color has-normal-font-size\" style=\"color:#2a424c\">Dominique a poursuivi son chemin d&#8217;apprentissage \u00e0 travers les cours et les entra\u00eenements de Wudang Paris, les stages avec Sifu Dan Docherty (GB), Godfrey Dornelly (GB), Torben Rif (DK), Steve Wooster ainsi que diverses rencontres internationales.<\/p>\n\n\n\n<p class=\"has-text-color has-normal-font-size\" style=\"color:#2a424c\">En 2002, une formidable opportunit\u00e9 de commencer \u00e0 enseigner s&#8217;est pr\u00e9sent\u00e9e gr\u00e2ce \u00e0 l&#8217;association des Arts \u00c9nerg\u00e9tiques Sevranais. Ensuite Dominique a d\u00e9velopp\u00e9 \u00e0 Paris et en banlieue d&#8217;autres cours aupr\u00e8s des enfants, des adultes et des seniors et a fond\u00e9 l&#8217;association Wudang San Bao.<\/p>\n\n\n\n<p class=\"has-text-color has-normal-font-size\" style=\"color:#2a424c\">Curieuse, elle aime explorer d&#8217;autres angles de recherche afin d&#8217;affiner sa pratique et d&#8217;approfondir sa compr\u00e9hension des arts martiaux internes. Elle s&#8217;est ainsi entra\u00een\u00e9e au Systema (art martial russe) aupr\u00e8s de Khosrow Helly et au Yi Quan (boxe de l&#8217;intention) avec Vuong Tek Meng et a particip\u00e9 \u00e0 plusieurs masterclasses: Vladimir Vassiliev (Systema), Allen Pittman (Sagesse du Corps et Bagua), Hino Akira (Budo).<\/p>\n\n\n\n<p class=\"has-text-color has-normal-font-size\" style=\"color:#2a424c\">Dominique a particip\u00e9 \u00e0 des comp\u00e9titions de Taolu de Tai Chi Chuan entre 2001 et 2006. Elle a \u00e9t\u00e9 plusieurs fois m\u00e9daill\u00e9e d&#8217;Or au niveau national et europ\u00e9en, en solo et en groupe.<\/p>\n\n\n\n<p class=\"has-text-color has-normal-font-size\" style=\"color:#2a424c\">Elle est titulaire du&nbsp;<strong>Brevet de Professeur d&#8217;Arts Martiaux Internes Chinois<\/strong>&nbsp;sp\u00e9cialit\u00e9 Tai Chi Chuan homologu\u00e9 par le Minist\u00e8re de la Jeunesse et des Sports et de la Vie Associative et de l&#8217;Attestation Technique niveau 3, Duan 4.<\/p>\n\n\n\n<p class=\"has-text-color has-normal-font-size\" style=\"color:#2a424c\">Dominique&nbsp;a dispens\u00e9 des cours \u00e0 Paris pendant plusieurs ann\u00e9es et a co-anim\u00e9 avec Jack Walsh les ateliers de Tai Chi \u00e0 Paris Plage au bassin de la Villette de 2008 \u00e0 2013. Elle est \u00e0 pr\u00e9sent install\u00e9e en Ille et Vilaine et continue d&#8217;animer des cours dans sa nouvelle r\u00e9gion, des stages en France et \u00e0 l&#8217;\u00e9tranger. Elle est invit\u00e9e r\u00e9guli\u00e8rement \u00e0 animer des stages de perfectionnement aupr\u00e8s de l&#8217;association Wudang TCC de l&#8217;Obiou en Is\u00e8re. Elle est \u00e9galement invit\u00e9e \u00e0 animer des stages dans des \u00e9coles d&#8217;autres styles de Tai Chi Chuan notamment en Bretagne et Pays de Loire.<\/p>\n\n\n\n<p class=\"has-text-color\" style=\"color:#2a424c;font-size:16px\">Parall\u00e8lement, Dominique s&#8217;int\u00e9resse depuis plusieurs ann\u00e9es au <strong>Qigong<\/strong>. Elle s&#8217;est form\u00e9e aupr\u00e8s de Bob Lowey (Daoyin Yangshen Gong Ecosse), de Ronnie Robinson (Ecosse) et de Torben Rif (Danemark).<\/p>\n\n\n\n<p class=\"has-text-color has-normal-font-size\" style=\"color:#2a424c\">Depuis 2010, Dominique enseigne le Qigong en cours hebdomadaires et en stages. Pendant plusieurs ann\u00e9es, elle a organis\u00e9 et anim\u00e9 des stages en r\u00e9sidence \u00e0 la Tour d&#8217;Auzay (Deux S\u00e8vres). Elle est r\u00e9guli\u00e8rement invit\u00e9e en Ecosse comme intervenante \u00e9trang\u00e8re \u00e0 la formation de futurs enseignants de Qigong au sein de la Qigong Teachers Association UK.<\/p>\n\n\n\n<p class=\"has-text-color has-normal-font-size\" style=\"color:#2a424c\">Titulaire de l&#8217;Attestation Technique niveau 2 Qigong d\u00e9livr\u00e9e par la F\u00e9d\u00e9ration des Arts \u00c9nerg\u00e9tiques et Martiaux Chinois (anciennement FFWushu), elle a obtenu depuis le&nbsp;<strong>Certificat de Qualification Professionnelle en Arts \u00c9nerg\u00e9tiques Chinois<\/strong>&nbsp;d\u00e9livr\u00e9 par la Commission Paritaire Nationale Emploi Formation du Sport.<\/p>\n\n\n\n<p class=\"has-text-color\" style=\"color:#2a424c;font-size:16px\">Consciente des grands b\u00e9n\u00e9fices qu&#8217;apportent la pratique du Tai Chi Chuan et du Qigong sur la sant\u00e9, Dominique a \u00e9largi sa formation vers le champ des th\u00e9rapies compl\u00e9mentaires et \u00e0 re\u00e7u de l&#8217;Institut de Formation et de Recherche des Arts \u00c9nerg\u00e9tiques et Martiaux Chinois (IFRAEMC) un&nbsp;<strong>Certificat de Formation Compl\u00e9mentaire Sant\u00e9<\/strong>&nbsp;apr\u00e8s une s\u00e9rie de formations continues ainsi qu&#8217;une <strong>Habilitation d&#8217;Activit\u00e9 Physique Adapt\u00e9e sur Prescription M\u00e9dicale.<\/strong><\/p>\n\n\n\n<p class=\"has-text-color\" style=\"color:#2a424c;font-size:16px\">Cette \u00e9volution a conduit Dominique \u00e0 se former au soin d&#8217;accompagnement par le Shiatsu. En octobre 2020, elle a obtenu le titre professionnel de <strong>Sp\u00e9cialiste en Shiatsu<\/strong>.<\/p>\n\n\n\n<p class=\"has-normal-font-size\"><a href=\"http:\/\/youtu.be\/_Ls1k6Mds3U\">Vid\u00e9o d\u00e9monstration au sabre de Dominique \u00e0 l&#8217;Institut du Judo Paris<\/a><\/p>\n\n\n\n<p class=\"has-text-color has-link-color wp-elements-83712dccb3bbc426de654a6a188c401f\" style=\"color:#2a424c;font-size:16px\"><strong>Dominique a accompagn\u00e9 des enseignants dans la voie dipl\u00f4mante<\/strong>:<\/p>\n\n\n<div class=\"wp-block-image\">\n<figure class=\"aligncenter size-large is-resized\"><img loading=\"lazy\" decoding=\"async\" width=\"1024\" height=\"768\" src=\"https:\/\/wudangsanbao.com\/wp-content\/uploads\/2024\/08\/Hungry-tiger-jumps-over-the-stream-1024x768.jpg\" alt=\"\" class=\"wp-image-1676\" style=\"width:491px;height:auto\" srcset=\"https:\/\/wudangsanbao.com\/wp-content\/uploads\/2024\/08\/Hungry-tiger-jumps-over-the-stream-1024x768.jpg 1024w, https:\/\/wudangsanbao.com\/wp-content\/uploads\/2024\/08\/Hungry-tiger-jumps-over-the-stream-300x225.jpg 300w, https:\/\/wudangsanbao.com\/wp-content\/uploads\/2024\/08\/Hungry-tiger-jumps-over-the-stream-768x576.jpg 768w, https:\/\/wudangsanbao.com\/wp-content\/uploads\/2024\/08\/Hungry-tiger-jumps-over-the-stream-1536x1152.jpg 1536w, https:\/\/wudangsanbao.com\/wp-content\/uploads\/2024\/08\/Hungry-tiger-jumps-over-the-stream-2048x1536.jpg 2048w\" sizes=\"auto, (max-width: 1024px) 100vw, 1024px\" \/><\/figure>\n<\/div>\n\n\n<p><\/p>\n\n\n\n<p style=\"font-size:16px\"><strong>Julia Dijkstra<\/strong> a commenc\u00e9 \u00e0 pratiquer le Tai Chi Chuan Wudang en 2005, au sein des Arts Energ\u00e9tiques Sevranais avec Dominique Robin pour professeure. Elle a aussi suivi l&#8217;enseignement du ma\u00eetre Dan Docherty et d&#8217;autres instructeurs Wudang comme Torben Rif et Godfrey Dornelly.<\/p>\n\n\n\n<p style=\"font-size:16px\">Elle a obtenu le <strong>Certificat de Moniteur en Arts Martiaux Chinois Internes <\/strong>en 2012 et le <strong>Certification de Qualification Professionnel<\/strong> en 2017. Sensibilis\u00e9e aux personnes en situation de handicap, elle a suivi plusieurs formations, et notamment dans la prise en charge d&#8217;enfants. Par ailleurs Julia est titulaire d&#8217;une maitrise SPAPS et d&#8217;un DEA Habilit\u00e9s Motrices et Cultures Sportives.<\/p>\n\n\n\n<p style=\"font-size:16px\">Depuis 2016, Julia participe \u00e0 des comp\u00e9titions de Tai Chi Chuan en taolu et a plusieurs fois \u00e9t\u00e9 m\u00e9daill\u00e9e d&#8217;or au niveau national et europ\u00e9en.<\/p>\n\n\n\n<p style=\"font-size:16px\">Install\u00e9e en Is\u00e8re, elle a fond\u00e9 l&#8217;association Wudang TCC de l&#8217;Obiou et y dispense des cours pour adultes. Elle intervient \u00e9galement aupr\u00e8s des enfants dans les temps d&#8217;activit\u00e9 p\u00e9riscolaire ainsi qu&#8217;au Centre de Lutte Contre l&#8217;Isolement et la Pr\u00e9vention du Suicide (CLIPS)<\/p>\n\n\n\n<p style=\"font-size:16px\">Contact: 06 74 09 41 41 <\/p>\n\n\n\n<figure class=\"wp-block-gallery has-nested-images columns-default aligncenter wp-block-gallery-1 is-layout-flex wp-block-gallery-is-layout-flex\"><div class=\"wp-block-image\">\n<figure class=\"aligncenter size-large\"><img loading=\"lazy\" decoding=\"async\" width=\"450\" height=\"374\" data-id=\"620\" src=\"http:\/\/wudangsanbao.com\/wp-content\/uploads\/2019\/10\/fabien1.jpg\" alt=\"\" class=\"wp-image-620\" srcset=\"https:\/\/wudangsanbao.com\/wp-content\/uploads\/2019\/10\/fabien1.jpg 450w, https:\/\/wudangsanbao.com\/wp-content\/uploads\/2019\/10\/fabien1-300x249.jpg 300w\" sizes=\"auto, (max-width: 450px) 100vw, 450px\" \/><\/figure>\n<\/div><\/figure>\n\n\n\n<p><\/p>\n\n\n\n<p class=\"has-text-color has-normal-font-size\" style=\"color:#2a424c\"><strong>Fabien Gibier<\/strong> a d\u00e9but\u00e9 sa pratique du Tai Chi Chuan Wudang en 2010 aupr\u00e8s de Dominique Robin, au sein de l&#8217;association Wudang San Bao, et est devenu disciple de Dan Docherty en 2012.<\/p>\n\n\n\n<p class=\"has-text-color has-normal-font-size\" style=\"color:#2a424c\">Il a r\u00e9guli\u00e8rement suivi des stages avec des instructeurs Wudang \u00e9trangers lors de leur venue en France, Godfrey Dornelly (GB), Torben Rif (DK) et bien s\u00fbr le ma\u00eetre de l&#8217;\u00e9cole Dan Docherty.<\/p>\n\n\n\n<p class=\"has-text-color has-normal-font-size\" style=\"color:#2a424c\">Parall\u00e8lement \u00e0 sa pratique du Tai Chi Chuan, il s&#8217;est initi\u00e9 pendant 2 ans \u00e0 l&#8217;Aunkai aupr\u00e8s de Christophe Martin et s&#8217;entraine au Yi Quan aupr\u00e8s d&#8217;Emmanuel Agletiner.<\/p>\n\n\n\n<p class=\"has-text-color has-normal-font-size\" style=\"color:#2a424c\">Fabien a enseign\u00e9 le Tai Chi Chuan Wudang en tant qu&#8217;assistant \u00e0 Wudang San Bao entre 2013 et 2020, ainsi qu&#8217;au sein de ses propres cours \u00e0 Paris. Il a anim\u00e9 les ateliers Tai Chi de Paris Plage les \u00e9t\u00e9s 2015, 2016 et 2019, sur les quais de Seine niveau Louvres.<\/p>\n\n\n\n<p class=\"has-text-color has-normal-font-size\" style=\"color:#2a424c\">Il intervient aussi en milieu hospitalier ainsi qu&#8217;en EHPAD aupr\u00e8s de publics vari\u00e9s.<\/p>\n\n\n\n<p class=\"has-text-color has-normal-font-size\" style=\"color:#2a424c\">Contact:&nbsp;<a href=\"mailto:youxia.taichi@yahoo.fr\">youxia.taichi@yahoo.fr<\/a>&nbsp;ou 07 68 89 48 61<\/p>\n\n\n\n<p class=\"has-text-color has-normal-font-size\" style=\"color:#2a424c\">Fabien&nbsp;est titulaire du&nbsp;<strong>Certificat de Moniteur<\/strong>&nbsp;d\u00e9livr\u00e9 par la F\u00e9d\u00e9ration des Arts Energ\u00e9tiques et Martiaux Chinois (ex FFWushu) et du&nbsp;<strong>Certificat de Qualification Professionnelle Arts Martiaux Internes Chinois&nbsp;<\/strong>d\u00e9livr\u00e9 par la CPNEF du Sport. Il a \u00e9galement suivi des formations continues aupr\u00e8s de l&#8217;IFRAemC et re\u00e7u un&nbsp;<strong>Certificat de Formation Compl\u00e9mentaire Sant\u00e9.<\/strong><\/p>\n\n\n\n<figure class=\"wp-block-gallery has-nested-images columns-default aligncenter wp-block-gallery-2 is-layout-flex wp-block-gallery-is-layout-flex\"><div class=\"wp-block-image\">\n<figure class=\"aligncenter size-large\"><img loading=\"lazy\" decoding=\"async\" width=\"450\" height=\"353\" data-id=\"748\" src=\"http:\/\/wudangsanbao.com\/wp-content\/uploads\/2019\/10\/jocelyne4-1.jpg\" alt=\"\" class=\"wp-image-748\" srcset=\"https:\/\/wudangsanbao.com\/wp-content\/uploads\/2019\/10\/jocelyne4-1.jpg 450w, https:\/\/wudangsanbao.com\/wp-content\/uploads\/2019\/10\/jocelyne4-1-300x235.jpg 300w\" sizes=\"auto, (max-width: 450px) 100vw, 450px\" \/><\/figure>\n<\/div><\/figure>\n\n\n\n<p><\/p>\n\n\n\n<p class=\"has-text-color has-normal-font-size\" style=\"color:#2a424c\"><strong>Jocelyne Cailleau<\/strong>,&nbsp;pratique le Tai Chi Chuan Wudang depuis 2002 et a suivi de nombreux stages aupr\u00e8s de Dan Docherty, Godfrey Dornelly et Torben Rif. Elle a suivi les cours et a \u00e9t\u00e9 assistante au sein de Wudang San Bao pendant plusieurs ann\u00e9es. Elle poursuit toujours son entrainement aupr\u00e8s d&#8217;Armelle Malfilatre \u00e0 Wudang Paris.<\/p>\n\n\n\n<p class=\"has-text-color has-normal-font-size\" style=\"color:#2a424c\">Jocelyne a ouvert un cours en plein air au Terrain des Marronniers, Paris 19e Contact: Association Buttes Chaumont Wudang Tai Chi Chuan au 06 63 21 13 98.<\/p>\n\n\n\n<p class=\"has-text-color has-normal-font-size\" style=\"color:#2a424c\">Jocelyne est titulaire du&nbsp;<strong>Certificat de Moniteur<\/strong>&nbsp;d\u00e9livr\u00e9 par la F\u00e9d\u00e9ration des Arts Energ\u00e9tiques et Martiaux Chinois (ex FFWushu).<\/p>\n","protected":false},"excerpt":{"rendered":"<p>Dominique Robin&nbsp;a commenc\u00e9 \u00e0 pratiquer le Tai Chi Chuan Wudang en 1996 \u00e0 Paris aupr\u00e8s de Patrice Becker et \u00e0 recevoir l&#8217;enseignement direct de Sifu Dan Docherty \u00e0 partir de 2000. Sa formation a continu\u00e9 sous la tutelle d&#8217;Isabelle Boiti\u00e8re, d&#8217;Armelle Malfilatre et de Michel Naepels, en parall\u00e8le \u00e0 sa pratique de l&#8217;escrime entam\u00e9e depuis <a class=\"read-more\" href=\"https:\/\/wudangsanbao.com\/index.php\/enseignants\/\">Read More<\/a><\/p>\n","protected":false},"author":2,"featured_media":0,"parent":0,"menu_order":0,"comment_status":"closed","ping_status":"closed","template":"","meta":{"footnotes":""},"class_list":["post-74","page","type-page","status-publish","hentry"],"_links":{"self":[{"href":"https:\/\/wudangsanbao.com\/index.php\/wp-json\/wp\/v2\/pages\/74","targetHints":{"allow":["GET"]}}],"collection":[{"href":"https:\/\/wudangsanbao.com\/index.php\/wp-json\/wp\/v2\/pages"}],"about":[{"href":"https:\/\/wudangsanbao.com\/index.php\/wp-json\/wp\/v2\/types\/page"}],"author":[{"embeddable":true,"href":"https:\/\/wudangsanbao.com\/index.php\/wp-json\/wp\/v2\/users\/2"}],"replies":[{"embeddable":true,"href":"https:\/\/wudangsanbao.com\/index.php\/wp-json\/wp\/v2\/comments?post=74"}],"version-history":[{"count":54,"href":"https:\/\/wudangsanbao.com\/index.php\/wp-json\/wp\/v2\/pages\/74\/revisions"}],"predecessor-version":[{"id":1692,"href":"https:\/\/wudangsanbao.com\/index.php\/wp-json\/wp\/v2\/pages\/74\/revisions\/1692"}],"wp:attachment":[{"href":"https:\/\/wudangsanbao.com\/index.php\/wp-json\/wp\/v2\/media?parent=74"}],"curies":[{"name":"wp","href":"https:\/\/api.w.org\/{rel}","templated":true}]}}