{"id":78,"date":"2019-10-05T15:34:17","date_gmt":"2019-10-05T13:34:17","guid":{"rendered":"http:\/\/wudangsanbao.com\/?page_id=78"},"modified":"2019-12-06T23:19:39","modified_gmt":"2019-12-06T22:19:39","slug":"articles","status":"publish","type":"page","link":"https:\/\/wudangsanbao.com\/index.php\/articles\/","title":{"rendered":"Articles"},"content":{"rendered":"\n<figure class=\"wp-block-table\"><table class=\"has-fixed-layout\"><tbody><tr><td><a href=\"http:\/\/wudangsanbao.com\/index.php\/la-legende-du-tai-chi-chuan\/\">La l\u00e9gende du Tai Chi Chuan<\/a>&nbsp;<br>par Jade Becker<\/td><td><a href=\"http:\/\/wudangsanbao.com\/index.php\/7-2\/\">7, Sept ans de r\u00e9flexion ou Les sept samoura\u00efs?<\/a>&nbsp;<br>m\u00e9moire par Dominique Robin<\/td><\/tr><\/tbody><\/table><\/figure>\n\n\n\n<figure class=\"wp-block-table\"><table class=\"has-fixed-layout\"><tbody><tr><td><a href=\"http:\/\/wudangsanbao.com\/index.php\/le-tai-chi-chuan-un-art-martial-veritable\/\">Le ta\u00ef chi chuan, un art martial v\u00e9ritable<\/a>&nbsp;<br>interview de Patrice Becker<\/td><td><a href=\"http:\/\/wudangsanbao.com\/index.php\/le-schema-corporel-en-tai-chi-chuan\/\">Le sch\u00e9ma corporel en Tai Chi Chuan<\/a>&nbsp;<br>m\u00e9moire par Julia Dijkstra<\/td><\/tr><\/tbody><\/table><\/figure>\n\n\n\n<figure class=\"wp-block-table\"><table class=\"has-fixed-layout\"><tbody><tr><td><a href=\"http:\/\/wudangsanbao.com\/index.php\/le-simple-fouet\/\">Le Simple Fouet<\/a>&nbsp;<br>par Dan Docherty<\/td><td><a href=\"http:\/\/wudangsanbao.com\/index.php\/san-bao\/\">San Bao, Trois Tr\u00e9sors<\/a><br>par Dominique Robin<\/td><\/tr><\/tbody><\/table><\/figure>\n\n\n\n<figure class=\"wp-block-table\"><table class=\"has-fixed-layout\"><tbody><tr><td><a href=\"http:\/\/wudangsanbao.com\/index.php\/observer\/\">Observer<\/a>&nbsp;<br>par Dominique Robin<\/td><td><a href=\"http:\/\/wudangsanbao.com\/index.php\/pas-tout-a-fait-mauvais\/\">Pas tout \u00e0 fait mauvais<\/a>&nbsp;<br>interview de Dan Docherty<\/td><\/tr><\/tbody><\/table><\/figure>\n\n\n\n<figure class=\"wp-block-table\"><table class=\"has-fixed-layout\"><tbody><tr><td><a href=\"http:\/\/wudangsanbao.com\/index.php\/fragrant-harbour-le-port-aux-parfums\/\">Fragrant Harbour, le Port aux Parfums<\/a>&nbsp;<br>par Dan Docherty<\/td><td><a href=\"http:\/\/wudangsanbao.com\/index.php\/sous-un-tilleul\/\">Sous un tilleul<\/a>&nbsp;<br>m\u00e9moire par Fabien Gibier<\/td><\/tr><\/tbody><\/table><\/figure>\n\n\n\n<figure class=\"wp-block-table\"><table class=\"has-fixed-layout\"><tbody><tr><td><a href=\"http:\/\/wudangsanbao.com\/index.php\/la-pratique-et-le-temps\/\">La pratique et le temps<\/a>&nbsp;<br>entretien avec Jocelyne Cailleau<\/td><td><a href=\"http:\/\/wudangsanbao.com\/index.php\/la-repetition\/\">La r\u00e9p\u00e9tition<\/a>&nbsp;<br>m\u00e9moire par Jocelyne Cailleau<\/td><\/tr><\/tbody><\/table><\/figure>\n\n\n\n<figure class=\"wp-block-table\"><table class=\"has-fixed-layout\"><tbody><tr><td><a href=\"http:\/\/wudangsanbao.com\/index.php\/a-la-recherche-de-la-bonne-forme-des-mains\/\">A la recherche de la bonne forme des mains<\/a>&nbsp;<br>par Godfrey Dornelly<\/td><\/tr><\/tbody><\/table><\/figure>\n","protected":false},"excerpt":{"rendered":"<p>La l\u00e9gende du Tai Chi Chuan&nbsp;par Jade Becker 7, Sept ans de r\u00e9flexion ou Les sept samoura\u00efs?&nbsp;m\u00e9moire par Dominique Robin Le ta\u00ef chi chuan, un art martial v\u00e9ritable&nbsp;interview de Patrice Becker Le sch\u00e9ma corporel en Tai Chi Chuan&nbsp;m\u00e9moire par Julia Dijkstra Le Simple Fouet&nbsp;par Dan Docherty San Bao, Trois Tr\u00e9sorspar Dominique Robin Observer&nbsp;par Dominique Robin <a class=\"read-more\" href=\"https:\/\/wudangsanbao.com\/index.php\/articles\/\">Read More<\/a><\/p>\n","protected":false},"author":2,"featured_media":0,"parent":0,"menu_order":0,"comment_status":"closed","ping_status":"closed","template":"","meta":{"footnotes":""},"class_list":["post-78","page","type-page","status-publish","hentry"],"_links":{"self":[{"href":"https:\/\/wudangsanbao.com\/index.php\/wp-json\/wp\/v2\/pages\/78","targetHints":{"allow":["GET"]}}],"collection":[{"href":"https:\/\/wudangsanbao.com\/index.php\/wp-json\/wp\/v2\/pages"}],"about":[{"href":"https:\/\/wudangsanbao.com\/index.php\/wp-json\/wp\/v2\/types\/page"}],"author":[{"embeddable":true,"href":"https:\/\/wudangsanbao.com\/index.php\/wp-json\/wp\/v2\/users\/2"}],"replies":[{"embeddable":true,"href":"https:\/\/wudangsanbao.com\/index.php\/wp-json\/wp\/v2\/comments?post=78"}],"version-history":[{"count":7,"href":"https:\/\/wudangsanbao.com\/index.php\/wp-json\/wp\/v2\/pages\/78\/revisions"}],"predecessor-version":[{"id":1335,"href":"https:\/\/wudangsanbao.com\/index.php\/wp-json\/wp\/v2\/pages\/78\/revisions\/1335"}],"wp:attachment":[{"href":"https:\/\/wudangsanbao.com\/index.php\/wp-json\/wp\/v2\/media?parent=78"}],"curies":[{"name":"wp","href":"https:\/\/api.w.org\/{rel}","templated":true}]}}