{"id":806,"date":"2019-11-08T15:46:21","date_gmt":"2019-11-08T14:46:21","guid":{"rendered":"http:\/\/wudangsanbao.com\/?page_id=806"},"modified":"2022-01-23T20:12:29","modified_gmt":"2022-01-23T19:12:29","slug":"traite-du-taiji-quan-taiji-quan-lun","status":"publish","type":"page","link":"https:\/\/wudangsanbao.com\/index.php\/traite-du-taiji-quan-taiji-quan-lun\/","title":{"rendered":"Trait\u00e9 du Taiji Quan (Taiji Quan Lun)"},"content":{"rendered":"<table border=\"0\" width=\"90%\" align=\"center\">\n<tbody>\n<tr>\n<td height=\"20\"><span style=\"color: #333333; font-family: Arial, Helvetica, sans-serif;\">D\u00e8s que vous bougez, tout le corps doit \u00eatre l\u00e9ger et agile<\/span><\/td>\n<\/tr>\n<\/tbody>\n<\/table>\n<table border=\"0\" width=\"90%\" align=\"center\">\n<tbody>\n<tr>\n<td><span style=\"color: #333333; font-family: Arial, Helvetica, sans-serif;\">En particulier, il doit \u00eatre reli\u00e9.<\/span><\/td>\n<\/tr>\n<\/tbody>\n<\/table>\n<table border=\"0\" width=\"90%\" align=\"center\">\n<tbody>\n<tr>\n<td><span style=\"color: #666666; font-family: Arial, Helvetica, sans-serif;\">Qi (l&#8217;\u00e9nergie vitale) doit \u00eatre excit\u00e9 vers l&#8217;activit\u00e9,<\/span><\/td>\n<\/tr>\n<\/tbody>\n<\/table>\n<table border=\"0\" width=\"90%\" align=\"center\">\n<tbody>\n<tr>\n<td>\n<div align=\"left\"><span style=\"color: #333333; font-family: Arial, Helvetica, sans-serif;\">Pendant que Shen (l&#8217;esprit) doit \u00eatre th\u00e9sauris\u00e9 \u00e0 l&#8217;int\u00e9rieur.<\/span><\/div>\n<\/td>\n<\/tr>\n<\/tbody>\n<\/table>\n<table border=\"0\" width=\"90%\" align=\"center\">\n<tbody>\n<tr>\n<td><span style=\"color: #333333; font-family: Arial, Helvetica, sans-serif;\">A aucun endroit il ne doit y avoir d&#8217;insuffisance ou de d\u00e9ficience,<\/span><\/td>\n<\/tr>\n<\/tbody>\n<\/table>\n<table border=\"0\" width=\"90%\" align=\"center\">\n<tbody>\n<tr>\n<td><span style=\"color: #333333; font-family: Arial, Helvetica, sans-serif;\">A aucun endroit il ne doit y avoir de trous ou de bosses,<\/span><\/td>\n<\/tr>\n<\/tbody>\n<\/table>\n<table border=\"0\" width=\"90%\" align=\"center\">\n<tbody>\n<tr>\n<td><span style=\"color: #333333; font-family: Arial, Helvetica, sans-serif;\">Aucun endroit ne doit \u00eatre raccourci ou hyper \u00e9tendu.<\/span><\/td>\n<\/tr>\n<\/tbody>\n<\/table>\n<table border=\"0\" width=\"90%\" align=\"center\">\n<tbody>\n<tr>\n<td><span style=\"color: #333333; font-family: Arial, Helvetica, sans-serif;\">La racine est dans les pieds;<\/span><\/td>\n<\/tr>\n<\/tbody>\n<\/table>\n<table border=\"0\" width=\"90%\" align=\"center\">\n<tbody>\n<tr>\n<td><span style=\"color: #333333; font-family: Arial, Helvetica, sans-serif;\">La d\u00e9charge est produite par les jambes,<\/span><\/td>\n<\/tr>\n<\/tbody>\n<\/table>\n<table border=\"0\" width=\"90%\" align=\"center\">\n<tbody>\n<tr>\n<td><span style=\"color: #333333; font-family: Arial, Helvetica, sans-serif;\">La puissance qui contr\u00f4le est dans la taille,<\/span><\/td>\n<\/tr>\n<\/tbody>\n<\/table>\n<table border=\"0\" width=\"90%\" align=\"center\">\n<tbody>\n<tr>\n<td height=\"8\"><span style=\"color: #333333; font-family: Arial, Helvetica, sans-serif;\">Et l&#8217;apparence est dans la main et les doigts.<\/span><\/td>\n<\/tr>\n<\/tbody>\n<\/table>\n<table border=\"0\" width=\"90%\" align=\"center\">\n<tbody>\n<tr>\n<td><span style=\"color: #333333; font-family: Arial, Helvetica, sans-serif;\">Depuis les pieds vers les jambes vers la taille,<\/span><\/td>\n<\/tr>\n<\/tbody>\n<\/table>\n<table border=\"0\" width=\"90%\" align=\"center\">\n<tbody>\n<tr>\n<td><span style=\"color: #333333; font-family: Arial, Helvetica, sans-serif;\">Tout doit \u00eatre compl\u00e8tement uniforme et accompli dans une respiration (litt\u00e9ralement, un Qi),<\/span><\/td>\n<\/tr>\n<\/tbody>\n<\/table>\n<table border=\"0\" width=\"90%\" align=\"center\">\n<tbody>\n<tr>\n<td><span style=\"color: #333333; font-family: Arial, Helvetica, sans-serif;\">Qu&#8217;il s&#8217;agisse d&#8217;avancer ou de reculer.<\/span><\/td>\n<\/tr>\n<\/tbody>\n<\/table>\n<table border=\"0\" width=\"90%\" align=\"center\">\n<tbody>\n<tr>\n<td><span style=\"color: #333333; font-family: Arial, Helvetica, sans-serif;\">Cela aboutira \u00e0 une bonne synchronisation et \u00e0 des mouvements corrects.<\/span><\/td>\n<\/tr>\n<\/tbody>\n<\/table>\n<table border=\"0\" width=\"90%\" align=\"center\">\n<tbody>\n<tr>\n<td><span style=\"color: #333333; font-family: Arial, Helvetica, sans-serif;\">Si en certains endroits la synchronisation et le mouvement correct ne sont pas accomplis,<\/span><\/td>\n<\/tr>\n<\/tbody>\n<\/table>\n<table border=\"0\" width=\"90%\" align=\"center\">\n<tbody>\n<tr>\n<td><span style=\"color: #333333; font-family: Arial, Helvetica, sans-serif;\">Les mouvements du corps deviennent arbitraires et d\u00e9sordonn\u00e9s.<\/span><\/td>\n<\/tr>\n<\/tbody>\n<\/table>\n<table border=\"0\" width=\"90%\" align=\"center\">\n<tbody>\n<tr>\n<td><span style=\"color: #333333; font-family: Arial, Helvetica, sans-serif;\">La maladie doit \u00eatre cherch\u00e9e dans la taille et les jambes.<\/span><\/td>\n<\/tr>\n<\/tbody>\n<\/table>\n<table border=\"0\" width=\"90%\" align=\"center\">\n<tbody>\n<tr>\n<td><span style=\"color: #333333; font-family: Arial, Helvetica, sans-serif;\">Dessus et dessous, avant et arri\u00e8re, gauche et droite sont tous comme ceci.<\/span><\/td>\n<\/tr>\n<\/tbody>\n<\/table>\n<table border=\"0\" width=\"90%\" align=\"center\">\n<tbody>\n<tr>\n<td><span style=\"color: #333333; font-family: Arial, Helvetica, sans-serif;\">En g\u00e9n\u00e9ral cela est contr\u00f4l\u00e9 par Yi (l&#8217;intention) et pas de fa\u00e7on ext\u00e9rieure.<\/span><\/td>\n<\/tr>\n<\/tbody>\n<\/table>\n<table border=\"0\" width=\"90%\" align=\"center\">\n<tbody>\n<tr>\n<td><span style=\"color: #333333; font-family: Arial, Helvetica, sans-serif;\">S&#8217;il y a le haut, imm\u00e9diatement il y a le bas;<\/span><\/td>\n<\/tr>\n<\/tbody>\n<\/table>\n<table border=\"0\" width=\"90%\" align=\"center\">\n<tbody>\n<tr>\n<td><span style=\"color: #333333; font-family: Arial, Helvetica, sans-serif;\">S&#8217;il y a l&#8217;avant, imm\u00e9diatement il y a l&#8217;arri\u00e8re;<\/span><\/td>\n<\/tr>\n<\/tbody>\n<\/table>\n<table border=\"0\" width=\"90%\" align=\"center\">\n<tbody>\n<tr>\n<td><span style=\"color: #333333; font-family: Arial, Helvetica, sans-serif;\">S&#8217;il y a la gauche, imm\u00e9diatement il y a la droite.<\/span><\/td>\n<\/tr>\n<\/tbody>\n<\/table>\n<table border=\"0\" width=\"90%\" align=\"center\">\n<tbody>\n<tr>\n<td><span style=\"color: #333333; font-family: Arial, Helvetica, sans-serif;\">Si Yi doit monter,<\/span><\/td>\n<\/tr>\n<\/tbody>\n<\/table>\n<table border=\"0\" width=\"90%\" align=\"center\">\n<tbody>\n<tr>\n<td><span style=\"color: #333333; font-family: Arial, Helvetica, sans-serif;\">Yi pour descendre est l\u00e0 aussit\u00f4t.<\/span><\/td>\n<\/tr>\n<\/tbody>\n<\/table>\n<table border=\"0\" width=\"90%\" align=\"center\">\n<tbody>\n<tr>\n<td><span style=\"color: #333333; font-family: Arial, Helvetica, sans-serif;\">Ou bien, si vous soulevez quelque chose,<\/span><\/td>\n<\/tr>\n<\/tbody>\n<\/table>\n<table border=\"0\" width=\"90%\" align=\"center\">\n<tbody>\n<tr>\n<td><span style=\"color: #333333; font-family: Arial, Helvetica, sans-serif;\">Alors il y a Yi pour le fracasser vers le bas avec une force accrue.<\/span><\/td>\n<\/tr>\n<\/tbody>\n<\/table>\n<table border=\"0\" width=\"90%\" align=\"center\">\n<tbody>\n<tr>\n<td><span style=\"color: #333333; font-family: Arial, Helvetica, sans-serif;\">De cette mani\u00e8re ses racines seront durement \u00e9prouv\u00e9es<\/span><\/td>\n<\/tr>\n<\/tbody>\n<\/table>\n<table border=\"0\" width=\"90%\" align=\"center\">\n<tbody>\n<tr>\n<td><span style=\"color: #333333; font-family: Arial, Helvetica, sans-serif;\">Et la destruction sera prompte et hors de doute.<\/span><\/td>\n<\/tr>\n<\/tbody>\n<\/table>\n<table border=\"0\" width=\"90%\" align=\"center\">\n<tbody>\n<tr>\n<td><span style=\"color: #333333; font-family: Arial, Helvetica, sans-serif;\">Le vide et le substantiel doivent \u00eatre clairement distingu\u00e9s.<\/span><\/td>\n<\/tr>\n<\/tbody>\n<\/table>\n<table border=\"0\" width=\"90%\" align=\"center\">\n<tbody>\n<tr>\n<td><span style=\"color: #333333; font-family: Arial, Helvetica, sans-serif;\">Chaque endroit bien s\u00fbr a son propre \u00e9quilibre de vide et de substantiel,<\/span><\/td>\n<\/tr>\n<\/tbody>\n<\/table>\n<table border=\"0\" width=\"90%\" align=\"center\">\n<tbody>\n<tr>\n<td><span style=\"color: #333333; font-family: Arial, Helvetica, sans-serif;\">Chaque endroit consiste en cela, un vide et un substantiel.<\/span><\/td>\n<\/tr>\n<\/tbody>\n<\/table>\n<table border=\"0\" width=\"90%\" align=\"center\">\n<tbody>\n<tr>\n<td><span style=\"color: #333333; font-family: Arial, Helvetica, sans-serif;\">Chaque partie du corps \u00e0 son tour est suspendue ensemble,<\/span><\/td>\n<\/tr>\n<\/tbody>\n<\/table>\n<table border=\"0\" width=\"90%\" align=\"center\">\n<tbody>\n<tr>\n<td><span style=\"color: #333333; font-family: Arial, Helvetica, sans-serif;\">Sans causer la moindre rupture.<\/span><\/td>\n<\/tr>\n<\/tbody>\n<\/table>\n<table border=\"0\" width=\"90%\" align=\"center\">\n<tbody>\n<tr>\n<td><span style=\"color: #333333; font-family: Arial, Helvetica, sans-serif;\">Ce Chang Chuan (cette boxe longue),<\/span><\/td>\n<\/tr>\n<\/tbody>\n<\/table>\n<table border=\"0\" width=\"90%\" align=\"center\">\n<tbody>\n<tr>\n<td><span style=\"color: #333333; font-family: Arial, Helvetica, sans-serif;\">Il est comme la grande rivi\u00e8re, le Chang Jiang,<\/span><\/td>\n<\/tr>\n<\/tbody>\n<\/table>\n<table border=\"0\" width=\"90%\" align=\"center\">\n<tbody>\n<tr>\n<td><span style=\"color: #333333; font-family: Arial, Helvetica, sans-serif;\">Qui d\u00e9ferle et coule, sans interruption.<\/span><\/td>\n<\/tr>\n<\/tbody>\n<\/table>\n<table border=\"0\" width=\"90%\" align=\"center\">\n<tbody>\n<tr>\n<td><span style=\"color: #333333; font-family: Arial, Helvetica, sans-serif;\">Des treize tactiques,<\/span><\/td>\n<\/tr>\n<\/tbody>\n<\/table>\n<table border=\"0\" width=\"90%\" align=\"center\">\n<tbody>\n<tr>\n<td><span style=\"color: #333333; font-family: Arial, Helvetica, sans-serif;\">Peng, Lu, Ji, An, Cai, Lie, Zhou et Kao;<\/span><\/td>\n<\/tr>\n<\/tbody>\n<\/table>\n<table border=\"0\" width=\"90%\" align=\"center\">\n<tbody>\n<tr>\n<td><span style=\"color: #333333; font-family: Arial, Helvetica, sans-serif;\">Ils sont les Huit Trigrammes.<\/span><\/td>\n<\/tr>\n<\/tbody>\n<\/table>\n<table border=\"0\" width=\"90%\" align=\"center\">\n<tbody>\n<tr>\n<td><span style=\"color: #333333; font-family: Arial, Helvetica, sans-serif;\">Avancer, Reculer, se Tourner \u00e0 Gauche, Regarder \u00e0 Droite et se Stabiliser au Centre;<\/span><\/td>\n<\/tr>\n<\/tbody>\n<\/table>\n<table border=\"0\" width=\"90%\" align=\"center\">\n<tbody>\n<tr>\n<td><span style=\"color: #333333; font-family: Arial, Helvetica, sans-serif;\">Ceux-l\u00e0 sont les cinq \u00e9l\u00e9ments.<\/span><\/td>\n<\/tr>\n<\/tbody>\n<\/table>\n<table border=\"0\" width=\"90%\" align=\"center\">\n<tbody>\n<tr>\n<td><span style=\"color: #333333; font-family: Arial, Helvetica, sans-serif;\">Peng, Lu, Ji et An,<\/span><\/td>\n<\/tr>\n<\/tbody>\n<\/table>\n<table border=\"0\" width=\"90%\" align=\"center\">\n<tbody>\n<tr>\n<td><span style=\"color: #333333; font-family: Arial, Helvetica, sans-serif;\">Sont les trigrammes Chien, Kun, Kan, Li, les quatre points cardinaux.<\/span><\/td>\n<\/tr>\n<\/tbody>\n<\/table>\n<table border=\"0\" width=\"90%\" align=\"center\">\n<tbody>\n<tr>\n<td><span style=\"color: #333333; font-family: Arial, Helvetica, sans-serif;\">Cai, Lie, Zhou et Kao<\/span><\/td>\n<\/tr>\n<\/tbody>\n<\/table>\n<table border=\"0\" width=\"90%\" align=\"center\">\n<tbody>\n<tr>\n<td><span style=\"color: #333333; font-family: Arial, Helvetica, sans-serif;\">Sont les trigrammes Sun, Chen, Tui, Ken, les quatre coins.<\/span><\/td>\n<\/tr>\n<\/tbody>\n<\/table>\n<table border=\"0\" width=\"90%\" align=\"center\">\n<tbody>\n<tr>\n<td><span style=\"color: #333333; font-family: Arial, Helvetica, sans-serif;\">Avancer, Reculer, se Tourner \u00e0 Gauche, Regarder \u00e0 Droite et se Stabiliser au Centre;<\/span><\/td>\n<\/tr>\n<\/tbody>\n<\/table>\n<table border=\"0\" width=\"90%\" align=\"center\">\n<tbody>\n<tr>\n<td><span style=\"color: #333333; font-family: Arial, Helvetica, sans-serif;\">Sont le M\u00e9tal, le Bois, l&#8217;Eau, le Feu et la Terre.<\/span><\/td>\n<\/tr>\n<\/tbody>\n<\/table>\n<table border=\"0\" width=\"90%\" align=\"center\">\n<tbody>\n<tr>\n<td height=\"91\"><span style=\"color: #333333; font-family: Arial, Helvetica, sans-serif; font-size: small;\">Ce texte est souvent attribu\u00e9 \u00e0 l&#8217;ermite taoiste Chang San-feng (XIVe si\u00e8cle) mais il n&#8217;y en a aucune preuve d&#8217;une mani\u00e8re ou d&#8217;une autre.<\/span><\/td>\n<\/tr>\n<\/tbody>\n<\/table>\n","protected":false},"excerpt":{"rendered":"<p>D\u00e8s que vous bougez, tout le corps doit \u00eatre l\u00e9ger et agile En particulier, il doit \u00eatre reli\u00e9. Qi (l&#8217;\u00e9nergie vitale) doit \u00eatre excit\u00e9 vers l&#8217;activit\u00e9, Pendant que Shen (l&#8217;esprit) doit \u00eatre th\u00e9sauris\u00e9 \u00e0 l&#8217;int\u00e9rieur. A aucun endroit il ne doit y avoir d&#8217;insuffisance ou de d\u00e9ficience, A aucun endroit il ne doit y avoir <a class=\"read-more\" href=\"https:\/\/wudangsanbao.com\/index.php\/traite-du-taiji-quan-taiji-quan-lun\/\">Read More<\/a><\/p>\n","protected":false},"author":2,"featured_media":0,"parent":0,"menu_order":0,"comment_status":"closed","ping_status":"closed","template":"","meta":{"footnotes":""},"class_list":["post-806","page","type-page","status-publish","hentry"],"_links":{"self":[{"href":"https:\/\/wudangsanbao.com\/index.php\/wp-json\/wp\/v2\/pages\/806","targetHints":{"allow":["GET"]}}],"collection":[{"href":"https:\/\/wudangsanbao.com\/index.php\/wp-json\/wp\/v2\/pages"}],"about":[{"href":"https:\/\/wudangsanbao.com\/index.php\/wp-json\/wp\/v2\/types\/page"}],"author":[{"embeddable":true,"href":"https:\/\/wudangsanbao.com\/index.php\/wp-json\/wp\/v2\/users\/2"}],"replies":[{"embeddable":true,"href":"https:\/\/wudangsanbao.com\/index.php\/wp-json\/wp\/v2\/comments?post=806"}],"version-history":[{"count":4,"href":"https:\/\/wudangsanbao.com\/index.php\/wp-json\/wp\/v2\/pages\/806\/revisions"}],"predecessor-version":[{"id":1558,"href":"https:\/\/wudangsanbao.com\/index.php\/wp-json\/wp\/v2\/pages\/806\/revisions\/1558"}],"wp:attachment":[{"href":"https:\/\/wudangsanbao.com\/index.php\/wp-json\/wp\/v2\/media?parent=806"}],"curies":[{"name":"wp","href":"https:\/\/api.w.org\/{rel}","templated":true}]}}