{"id":809,"date":"2019-11-08T15:47:13","date_gmt":"2019-11-08T14:47:13","guid":{"rendered":"http:\/\/wudangsanbao.com\/?page_id=809"},"modified":"2022-01-23T20:26:06","modified_gmt":"2022-01-23T19:26:06","slug":"canon-du-taiji-quan-taiji-quan-lun","status":"publish","type":"page","link":"https:\/\/wudangsanbao.com\/index.php\/canon-du-taiji-quan-taiji-quan-lun\/","title":{"rendered":"Canon du Taiji Quan (Taiji Quan Lun)"},"content":{"rendered":"\n<figure class=\"wp-block-table\"><table class=\"\"><tbody><tr><td>Taiji (la Supr\u00eame Limite),<\/td><\/tr><tr><td>Est n\u00e9 de Wuji (Sans Limite).<\/td><\/tr><tr><td>Il produit \u00e0 la fois le mouvement et l&#8217;immobilit\u00e9.<\/td><\/tr><tr><td>C&#8217;est la m\u00e8re de Yin et de Yang.<\/td><\/tr><tr><td>D\u00e8s qu&#8217;il y a mouvement, il y a s\u00e9paration.<\/td><\/tr><tr><td>D\u00e8s qu&#8217;il y a immobilit\u00e9, il y a unit\u00e9.<\/td><\/tr><tr><td>Il n&#8217;y a rien d&#8217;exag\u00e9r\u00e9, ni rien qui ne manque.<\/td><\/tr><tr><td>Sui (suivre) en se pliant puis se redressant,<\/td><\/tr><tr><td>Quand l&#8217;adversaire est dur et raide et que je suis flexible et doux, cela s&#8217;appelle Zou (mobilit\u00e9);<\/td><\/tr><tr><td>Quand je suis fluide et pas l&#8217;adversaire, cela s&#8217;appelle Nian (adh\u00e9rence);<\/td><\/tr><tr><td>Si les actions de l&#8217;adversaires sont vives, alors ma r\u00e9ponse est vive.<\/td><\/tr><tr><td>Si ses actions sont lentes, je les Sui (suis) lentement.<\/td><\/tr><tr><td>Bien qu&#8217;il y ait 10 000 transformations,<\/td><\/tr><tr><td>Les principes restent les m\u00eame.<\/td><\/tr><tr><td>A travers la pratique et la familiarit\u00e9 (Zhao Shu), on en vient \u00e0 comprendre graduellement Jin (la force entra\u00een\u00e9e).<\/td><\/tr><tr><td>A partir de la compr\u00e9hension de Jin, on peut parvenir \u00e0 l&#8217;illumination (Shen Ming),<\/td><\/tr><tr><td>Cependant, on doit \u00eatre appliqu\u00e9 pendant une longue p\u00e9riode,<\/td><\/tr><tr><td>Et on ne peut pas devenir expert instantan\u00e9ment.<\/td><\/tr><tr><td>Videz la force de la nuque et du sommet de la t\u00eate,<\/td><\/tr><tr><td>Qi (l&#8217;\u00e9nergie vitale) s&#8217;enfonce dans le Dan Tian (r\u00e9gion de la chaleur vitale).<\/td><\/tr><\/tbody><\/table><\/figure>\n\n\n\n<figure class=\"wp-block-table\"><table class=\"\"><tbody><tr><td>Ne penchez d&#8217;aucun c\u00f4t\u00e9, ni vers l&#8217;avant ou l&#8217;arri\u00e8re,<\/td><\/tr><tr><td>Subitement dissimulez, subitement r\u00e9v\u00e9lez,<\/td><\/tr><tr><td>Quand la gauche se sent lourde, alors videz la gauche,<\/td><\/tr><tr><td>Quand la droite se sent lourde, alors \u00e9loignez la droite,<\/td><\/tr><tr><td>Lorsque l&#8217;adversaire regarde vers le haut, je suis encore plus haut;<\/td><\/tr><tr><td>Lorsqu&#8217;il regarde vers le bas, je suis encore plus bas.<\/td><\/tr><tr><td>Lorsqu&#8217;il avance, la distance semble incomparablement longue,<\/td><\/tr><tr><td>Lorsqu&#8217;il bat en retraite, la distance semble incomparablement courte.<\/td><\/tr><tr><td>Une plume ne peut \u00eatre ajout\u00e9e,<\/td><\/tr><tr><td>Une mouche ne peut se poser,<\/td><\/tr><tr><td>Personne ne me conna\u00eet,<\/td><\/tr><tr><td>Moi seul les connais,<\/td><\/tr><tr><td>Un h\u00e9ros devient ainsi invincible.<\/td><\/tr><tr><td>D&#8217;autres \u00e9coles d&#8217;arts martiaux sont si nombreuses<\/td><\/tr><tr><td>Bien qu&#8217;elles aient des diff\u00e9rences externes,<\/td><\/tr><tr><td>Sans exception, elles n&#8217;\u00e9quivalent \u00e0 rien de plus que le fort tyranisant le faible;<\/td><\/tr><tr><td>Le lent capitulant devant le rapide;<\/td><\/tr><tr><td>Le puissant battant les impuissants;<\/td><\/tr><tr><td>Les mains lentes se rendant aux mains rapides.<\/td><\/tr><tr><td>Ceci est enti\u00e8rement d\u00fb \u00e0 l&#8217;habilit\u00e9 naturelle inn\u00e9e (Ciel Ant\u00e9rieur)<\/td><\/tr><\/tbody><\/table><\/figure>\n\n\n\n<figure class=\"wp-block-table\"><table class=\"\"><tbody><tr><td>Cela n&#8217;est pas du tout apparent\u00e9 \u00e0 l&#8217;apprentissage de l&#8217;utilisation habile de Li (force.)<\/td><\/tr><tr><td>A propos de la phrase &#8220;Quatre taels (le gramme chinois) d\u00e9place mille catties (le kilo chinois)&#8221;.<\/td><\/tr><tr><td>Il est \u00e9vident qu&#8217;on n&#8217;utilise pas la force pour prendre l&#8217;avantage.<\/td><\/tr><tr><td>Lorsqu&#8217;on observe un viel homme de quatre vingts ans r\u00e9sister \u00e0 l&#8217;assaut d&#8217;un groupe de personnes,<\/td><\/tr><tr><td>Comment cela peut-il \u00eatre d\u00fb \u00e0 la vitesse?<\/td><\/tr><tr><td>Tenez-vous comme une balance en \u00e9quilibre,<\/td><\/tr><tr><td>Bougez comme une roue.<\/td><\/tr><tr><td>Enfoncez le poids d&#8217;un c\u00f4t\u00e9 puis Sui (suivez),<\/td><\/tr><tr><td>Avec la double lourdeur, il y a alors entrave.<\/td><\/tr><tr><td>On voit souvent des personnes qui ont pratiqu\u00e9 leurs habilit\u00e9s pendant des ann\u00e9es,<\/td><\/tr><tr><td>Mais qui ne peuvent toujours pas changer ou tourner.<\/td><\/tr><tr><td>Cela conduit \u00e0 \u00eatre enti\u00e8rement r\u00e9gl\u00e9 sur les autres.<\/td><\/tr><tr><td>Ils n&#8217;ont pas conscience de leur maladie de double lourdeur.<\/td><\/tr><tr><td>Si l&#8217;on souhaite se lib\u00e9rer de cette maladie,<\/td><\/tr><tr><td>On doit conna\u00eetre Yin et Yang.<\/td><\/tr><tr><td>Quand Nian (adh\u00e9rence) est simplement Zou (mobilit\u00e9),<\/td><\/tr><tr><td>Quand Zou est simplement Nian,<\/td><\/tr><tr><td>Quand Yin ne s&#8217;\u00e9carte pas de Yang,<\/td><\/tr><tr><td>Quand Yang ne s&#8217;\u00e9carte pas de Yin,<\/td><\/tr><tr><td>Quand Yin et Yang s&#8217;aident mutuellement,<\/td><\/tr><\/tbody><\/table><\/figure>\n\n\n\n<figure class=\"wp-block-table\"><table class=\"\"><tbody><tr><td>Alors on peut dire que nous comprenons Jin (la force entra\u00een\u00e9e).<\/td><\/tr><tr><td>Apr\u00e8s avoir compris Jin,<\/td><\/tr><tr><td>Plus on s&#8217;entra\u00eene, plus on devient expert.<\/td><\/tr><tr><td>Silencieusement m\u00e9morisez, \u00e9tudiez et imitez.<\/td><\/tr><tr><td>Graduellement on atteint le point o\u00f9 l&#8217;on peut faire tout ce qu&#8217;on veut,<\/td><\/tr><tr><td>A l&#8217;origine c&#8217;est s&#8217;abandonner pour suivre l&#8217;adversaire,<\/td><\/tr><tr><td>Beaucoup d&#8217;erreurs en d\u00e9laissant ce qui est proche pour rechercher ce qui est loin.<\/td><\/tr><tr><td>Il est dit: &#8220;Une minute de divergence conduit \u00e0 une erreur de mille Li (kilom\u00e8tre chinois)&#8221;.<\/td><\/tr><tr><td>L&#8217;\u00e9tudiant doit exercer son sens critique avec attention.<\/td><\/tr><\/tbody><\/table><\/figure>\n\n\n\n<p class=\"has-text-align-center has-normal-font-size\"> Ce texte est souvent attribu\u00e9 \u00e0 Wang Zong-yue, un artiste martial et actif \u00e9rudit de la fin du XVIIIe si\u00e8cle<\/p>\n","protected":false},"excerpt":{"rendered":"<p>Taiji (la Supr\u00eame Limite), Est n\u00e9 de Wuji (Sans Limite). Il produit \u00e0 la fois le mouvement et l&#8217;immobilit\u00e9. C&#8217;est la m\u00e8re de Yin et de Yang. D\u00e8s qu&#8217;il y a mouvement, il y a s\u00e9paration. D\u00e8s qu&#8217;il y a immobilit\u00e9, il y a unit\u00e9. Il n&#8217;y a rien d&#8217;exag\u00e9r\u00e9, ni rien qui ne manque. <a class=\"read-more\" href=\"https:\/\/wudangsanbao.com\/index.php\/canon-du-taiji-quan-taiji-quan-lun\/\">Read More<\/a><\/p>\n","protected":false},"author":2,"featured_media":0,"parent":0,"menu_order":0,"comment_status":"closed","ping_status":"closed","template":"","meta":{"footnotes":""},"class_list":["post-809","page","type-page","status-publish","hentry"],"_links":{"self":[{"href":"https:\/\/wudangsanbao.com\/index.php\/wp-json\/wp\/v2\/pages\/809","targetHints":{"allow":["GET"]}}],"collection":[{"href":"https:\/\/wudangsanbao.com\/index.php\/wp-json\/wp\/v2\/pages"}],"about":[{"href":"https:\/\/wudangsanbao.com\/index.php\/wp-json\/wp\/v2\/types\/page"}],"author":[{"embeddable":true,"href":"https:\/\/wudangsanbao.com\/index.php\/wp-json\/wp\/v2\/users\/2"}],"replies":[{"embeddable":true,"href":"https:\/\/wudangsanbao.com\/index.php\/wp-json\/wp\/v2\/comments?post=809"}],"version-history":[{"count":5,"href":"https:\/\/wudangsanbao.com\/index.php\/wp-json\/wp\/v2\/pages\/809\/revisions"}],"predecessor-version":[{"id":1560,"href":"https:\/\/wudangsanbao.com\/index.php\/wp-json\/wp\/v2\/pages\/809\/revisions\/1560"}],"wp:attachment":[{"href":"https:\/\/wudangsanbao.com\/index.php\/wp-json\/wp\/v2\/media?parent=809"}],"curies":[{"name":"wp","href":"https:\/\/api.w.org\/{rel}","templated":true}]}}