{"id":818,"date":"2019-11-08T16:16:25","date_gmt":"2019-11-08T15:16:25","guid":{"rendered":"http:\/\/wudangsanbao.com\/?page_id=818"},"modified":"2022-01-23T20:44:56","modified_gmt":"2022-01-23T19:44:56","slug":"chanson-du-combattant-da-shou-ge","status":"publish","type":"page","link":"https:\/\/wudangsanbao.com\/index.php\/chanson-du-combattant-da-shou-ge\/","title":{"rendered":"Chanson du combattant (da shou ge)"},"content":{"rendered":"\n<p class=\"has-normal-font-size\"> Peng, Lu, Ji et An doivent \u00eatre consid\u00e9r\u00e9s s\u00e9rieusement. <\/p>\n\n\n\n<p class=\"has-normal-font-size\">Le haut et le bas s&#8217;accompagnent mutuellement et l&#8217;adversaire trouve qu&#8217;il est difficile d&#8217;entrer. <\/p>\n\n\n\n<p class=\"has-normal-font-size\">Laissez-le attaquer avec une grande force, Utilisez quatre taels pour d\u00e9placer mille catties. <\/p>\n\n\n\n<p class=\"has-normal-font-size\">Attirez l&#8217;adversaire dans son vide, harmonisez et d\u00e9chargez promptement.<\/p>\n\n\n\n<p class=\"has-normal-font-size\">Adh\u00e9rez, gardez la continuit\u00e9, soyez doux, suivez, ne perdez pas le contact ni ne r\u00e9sistez. <\/p>\n\n\n\n<p class=\"has-normal-font-size\">Cai, Lie, Zhou et Kao sont encore plus impressionnants, En les utilisant il n&#8217;y a pas besoin d&#8217;y penser. <\/p>\n\n\n\n<p class=\"has-normal-font-size\">Si vous pouvez \u00eatre l\u00e9ger et agile vous pouvez alors comprendre Jin (la force).<\/p>\n\n\n\n<p class=\"has-normal-font-size\">Accomplissez-le dans un cercle, mais pas avec les mains et les pieds d\u00e9sorganis\u00e9s. <\/p>\n\n\n\n<p class=\"has-normal-font-size\">De plus le secret c&#8217;est: <\/p>\n\n\n\n<p class=\"has-normal-font-size\">Si l&#8217;adversaire ne bouge pas, je ne bouge pas. <\/p>\n\n\n\n<p class=\"has-normal-font-size\">Si l&#8217;adversaire bouge un peu, je bouge le premier. <\/p>\n\n\n\n<p class=\"has-normal-font-size\">Paraissez relax\u00e9, mais ne vous relaxez pas. <\/p>\n\n\n\n<p class=\"has-normal-font-size\">Soyez pr\u00eat \u00e0 bouger, mais ne bougez pas. <\/p>\n\n\n\n<p class=\"has-normal-font-size\">Jin est rompu , mais Yi (l&#8217;intention) est intacte. &nbsp;<\/p>\n\n\n\n<p class=\"has-text-align-center\"> Auteur inconnu <\/p>\n","protected":false},"excerpt":{"rendered":"<p>Peng, Lu, Ji et An doivent \u00eatre consid\u00e9r\u00e9s s\u00e9rieusement. Le haut et le bas s&#8217;accompagnent mutuellement et l&#8217;adversaire trouve qu&#8217;il est difficile d&#8217;entrer. Laissez-le attaquer avec une grande force, Utilisez quatre taels pour d\u00e9placer mille catties. Attirez l&#8217;adversaire dans son vide, harmonisez et d\u00e9chargez promptement. Adh\u00e9rez, gardez la continuit\u00e9, soyez doux, suivez, ne perdez pas <a class=\"read-more\" href=\"https:\/\/wudangsanbao.com\/index.php\/chanson-du-combattant-da-shou-ge\/\">Read More<\/a><\/p>\n","protected":false},"author":2,"featured_media":0,"parent":0,"menu_order":0,"comment_status":"closed","ping_status":"closed","template":"","meta":{"footnotes":""},"class_list":["post-818","page","type-page","status-publish","hentry"],"_links":{"self":[{"href":"https:\/\/wudangsanbao.com\/index.php\/wp-json\/wp\/v2\/pages\/818","targetHints":{"allow":["GET"]}}],"collection":[{"href":"https:\/\/wudangsanbao.com\/index.php\/wp-json\/wp\/v2\/pages"}],"about":[{"href":"https:\/\/wudangsanbao.com\/index.php\/wp-json\/wp\/v2\/types\/page"}],"author":[{"embeddable":true,"href":"https:\/\/wudangsanbao.com\/index.php\/wp-json\/wp\/v2\/users\/2"}],"replies":[{"embeddable":true,"href":"https:\/\/wudangsanbao.com\/index.php\/wp-json\/wp\/v2\/comments?post=818"}],"version-history":[{"count":6,"href":"https:\/\/wudangsanbao.com\/index.php\/wp-json\/wp\/v2\/pages\/818\/revisions"}],"predecessor-version":[{"id":1565,"href":"https:\/\/wudangsanbao.com\/index.php\/wp-json\/wp\/v2\/pages\/818\/revisions\/1565"}],"wp:attachment":[{"href":"https:\/\/wudangsanbao.com\/index.php\/wp-json\/wp\/v2\/media?parent=818"}],"curies":[{"name":"wp","href":"https:\/\/api.w.org\/{rel}","templated":true}]}}