{"id":820,"date":"2019-11-08T16:17:20","date_gmt":"2019-11-08T15:17:20","guid":{"rendered":"http:\/\/wudangsanbao.com\/?page_id=820"},"modified":"2022-01-23T20:54:12","modified_gmt":"2022-01-23T19:54:12","slug":"explication-du-diagramme-du-taiji-tai-ji-tu-shuo","status":"publish","type":"page","link":"https:\/\/wudangsanbao.com\/index.php\/explication-du-diagramme-du-taiji-tai-ji-tu-shuo\/","title":{"rendered":"Explication du diagramme du Taiji (Tai ji tu shuo)"},"content":{"rendered":"<table border=\"0\" width=\"90%\" align=\"center\">\n<tbody>\n<tr>\n<td><span style=\"color: #333333; font-family: Arial, Helvetica, sans-serif;\">Wu Ji d\u00e9j\u00e0 Tai Ji<\/span><\/td>\n<\/tr>\n<tr>\n<td><span style=\"color: #333333; font-family: Arial, Helvetica, sans-serif;\">Tai Ji bouge pour produire Yang<\/span><\/td>\n<\/tr>\n<tr>\n<td><span style=\"color: #333333; font-family: Arial, Helvetica, sans-serif;\">Mouvement jusqu&#8217;\u00e0 sa limite (Ji) puis immobile<\/span><\/td>\n<\/tr>\n<tr>\n<td><span style=\"color: #333333; font-family: Arial, Helvetica, sans-serif;\">L&#8217;immobilit\u00e9 produit alors Yin<\/span><\/td>\n<\/tr>\n<tr>\n<td><span style=\"color: #333333; font-family: Arial, Helvetica, sans-serif;\">Immobilit\u00e9 jusqu&#8217;\u00e0 sa limite puis retourne au mouvement.<\/span><\/td>\n<\/tr>\n<tr>\n<td><span style=\"color: #333333; font-family: Arial, Helvetica, sans-serif;\">Un mouvement, une immobilit\u00e9<\/span><\/td>\n<\/tr>\n<tr>\n<td><span style=\"color: #333333; font-family: Arial, Helvetica, sans-serif;\">Chacun agit comme la racine de l&#8217;autre<\/span><\/td>\n<\/tr>\n<tr>\n<td><span style=\"color: #333333; font-family: Arial, Helvetica, sans-serif;\">Et (ils) se s\u00e9parent en Yin et Yang.<\/span><\/td>\n<\/tr>\n<tr>\n<td><span style=\"color: #333333; font-family: Arial, Helvetica, sans-serif;\">Les deux principes (Liang Yi) sont \u00e9tablis<\/span><\/td>\n<\/tr>\n<tr>\n<td><span style=\"color: #333333; font-family: Arial, Helvetica, sans-serif;\">Yang change avec Yin et ils s&#8217;unissent pour produire l&#8217;eau, le feu, le bois, le m\u00e9tal et la terre.<\/span><\/td>\n<\/tr>\n<tr>\n<td><span style=\"color: #333333; font-family: Arial, Helvetica, sans-serif;\">Les cinq Qi se d\u00e9ploient sans \u00e0-coups<\/span><\/td>\n<\/tr>\n<tr>\n<td><span style=\"color: #333333; font-family: Arial, Helvetica, sans-serif;\">Les quatre saisons avancent \u00e0 leur rythme.<\/span><\/td>\n<\/tr>\n<tr>\n<td><span style=\"color: #333333; font-family: Arial, Helvetica, sans-serif;\">Les Cinq El\u00e9ments ne faisant qu&#8217;un sont Yin et Yang.<\/span><\/td>\n<\/tr>\n<tr>\n<td><span style=\"color: #333333; font-family: Arial, Helvetica, sans-serif;\">Yin et Yang ne faisant qu&#8217;un sont Tai Ji.<\/span><\/td>\n<\/tr>\n<tr>\n<td><span style=\"color: #333333; font-family: Arial, Helvetica, sans-serif;\">L&#8217;origine de Tai Ji est dans Wu Ji.<\/span><\/td>\n<\/tr>\n<tr>\n<td><span style=\"color: #333333; font-family: Arial, Helvetica, sans-serif;\">D\u00e8s que les Cinq El\u00e9ments sont produits, chacun a son caract\u00e8re.<\/span><\/td>\n<\/tr>\n<tr>\n<td><span style=\"color: #333333; font-family: Arial, Helvetica, sans-serif;\">La r\u00e9alit\u00e9 de Wu Ji et l&#8217;essence de Deux (les Deux Principes) et de Cinq (Cinq El\u00e9ments) se combinent et coagulent merveilleusement.<\/span><\/td>\n<\/tr>\n<tr>\n<td><span style=\"color: #333333; font-family: Arial, Helvetica, sans-serif;\">Le Tao du Ciel (Qian) parfait le Masculin; le Tao de la Terre (Kun) parfait le F\u00e9minin.<\/span><\/td>\n<\/tr>\n<tr>\n<td><span style=\"color: #333333; font-family: Arial, Helvetica, sans-serif;\">Les Deux Qi r\u00e9agissent (copulent) et s&#8217;influencent mutuellement, transformant et donnant naissance aux 10 000 choses.<\/span><\/td>\n<\/tr>\n<tr>\n<td><span style=\"color: #333333; font-family: Arial, Helvetica, sans-serif;\">Les 10 000 choses ne cessent de donner naissance et de transformer sans fin.<\/span><\/td>\n<\/tr>\n<\/tbody>\n<\/table>\n<table border=\"0\" width=\"90%\" align=\"center\">\n<tbody>\n<tr>\n<td><span style=\"color: #333333; font-family: Arial, Helvetica, sans-serif;\">Seul l&#8217;Homme obtient cette excellence et est le plus intelligent.<\/span><\/td>\n<\/tr>\n<tr>\n<td><span style=\"color: #333333; font-family: Arial, Helvetica, sans-serif;\">Apr\u00e8s que sa forme ait \u00e9t\u00e9 cr\u00e9\u00e9e, son esprit d\u00e9couvre la connaissance.<\/span><\/td>\n<\/tr>\n<tr>\n<td><span style=\"color: #333333; font-family: Arial, Helvetica, sans-serif;\">Les cinq caract\u00e8res (des Cinq El\u00e9ments) sont stimul\u00e9s et entrent en mouvement.<\/span><\/td>\n<\/tr>\n<tr>\n<td><span style=\"color: #333333; font-family: Arial, Helvetica, sans-serif;\">Le bien et le mal sont distingu\u00e9s et les 10 000 choses apparaissent.<\/span><\/td>\n<\/tr>\n<tr>\n<td><span style=\"color: #333333; font-family: Arial, Helvetica, sans-serif;\">Les Sages fixent les contenus utilisant le Bienveillance et la Droiture (Ren Yi), le Centre et la Justesse (Zhong Zheng).<\/span><\/td>\n<\/tr>\n<tr>\n<td><span style=\"color: #333333; font-family: Arial, Helvetica, sans-serif;\">Ils pr\u00e9conisent l&#8217;immobilit\u00e9 et \u00e9tablissent la limite (Ji) de l&#8217;homme<\/span><\/td>\n<\/tr>\n<tr>\n<td><span style=\"color: #333333; font-family: Arial, Helvetica, sans-serif;\">Jadis, &#8220;la vertu des sages \u00e9tait en l&#8217;harmonie avec le Ciel et la Terre.<\/span><\/td>\n<\/tr>\n<tr>\n<td><span style=\"color: #333333; font-family: Arial, Helvetica, sans-serif;\">Leur illumination en harmonie avec le soleil et la lune.<\/span><\/td>\n<\/tr>\n<tr>\n<td><span style=\"color: #333333; font-family: Arial, Helvetica, sans-serif;\">L&#8217;ordre de leurs actes en harmonie avec les quatre saisons.<\/span><\/td>\n<\/tr>\n<tr>\n<td><span style=\"color: #333333; font-family: Arial, Helvetica, sans-serif;\">Leur chance et leur malchance en harmonie avec les d\u00e9mons et les dieux&#8221;.<\/span><\/td>\n<\/tr>\n<tr>\n<td><span style=\"color: #333333; font-family: Arial, Helvetica, sans-serif;\">(Citation du Livre des Transformations)<\/span><\/td>\n<\/tr>\n<tr>\n<td><span style=\"color: #333333; font-family: Arial, Helvetica, sans-serif;\">La chance de l&#8217;homme sup\u00e9rieur tient dans la culture (de sa vertu);<\/span><\/td>\n<\/tr>\n<tr>\n<td><span style=\"color: #333333; font-family: Arial, Helvetica, sans-serif;\">La malchance de l&#8217;homme petit tient dans sa nature.<\/span><\/td>\n<\/tr>\n<tr>\n<td><span style=\"color: #333333; font-family: Arial, Helvetica, sans-serif;\">Ainsi il est dit qu&#8217;en \u00e9tablissant le Tao du Ciel, on parle de Yin et de Yang.<\/span><\/td>\n<\/tr>\n<tr>\n<td><span style=\"color: #333333; font-family: Arial, Helvetica, sans-serif;\">En \u00e9tablissant le Tao de la Terre, on parle de Yin et de Yang.<\/span><\/td>\n<\/tr>\n<tr>\n<td><span style=\"color: #333333; font-family: Arial, Helvetica, sans-serif;\">En \u00e9tablissant le Tao de l&#8217;Homme, on parle de Bienveillance et de Droiture.<\/span><\/td>\n<\/tr>\n<tr>\n<td><span style=\"color: #333333; font-family: Arial, Helvetica, sans-serif;\">Il est dit \u00e9galement, &#8220;Si l&#8217;on retourne \u00e0 l&#8217;origine de toute chose, on sait ce qu&#8217;il y a \u00e0 dire \u00e0 propos de la vie et de la mort&#8221;.<\/span><\/td>\n<\/tr>\n<tr>\n<td><span style=\"color: #333333; font-family: Arial, Helvetica, sans-serif;\">Combien est grand le Yi (Yi Jing \/ I Ching &#8211; le Livre des Transformations).<\/span><\/td>\n<\/tr>\n<tr>\n<td><span style=\"color: #333333; font-family: Arial, Helvetica, sans-serif;\">Il est alors le plus parfait.<\/span><\/td>\n<\/tr>\n<tr>\n<td height=\"99\"><span style=\"color: #333333; font-family: Arial, Helvetica, sans-serif; font-size: small;\">Ce texte est de Zhou Dun-yi (1017-1073), philosophe, membre de la Secte du Diagramme Tai Ji souvent appel\u00e9e n\u00e9o-confucianiste. Il \u00e9tait un adepte de l&#8217;alchimie physiologique taoiste.<\/span><\/td>\n<\/tr>\n<\/tbody>\n<\/table>\n","protected":false},"excerpt":{"rendered":"<p>Wu Ji d\u00e9j\u00e0 Tai Ji Tai Ji bouge pour produire Yang Mouvement jusqu&#8217;\u00e0 sa limite (Ji) puis immobile L&#8217;immobilit\u00e9 produit alors Yin Immobilit\u00e9 jusqu&#8217;\u00e0 sa limite puis retourne au mouvement. Un mouvement, une immobilit\u00e9 Chacun agit comme la racine de l&#8217;autre Et (ils) se s\u00e9parent en Yin et Yang. Les deux principes (Liang Yi) sont <a class=\"read-more\" href=\"https:\/\/wudangsanbao.com\/index.php\/explication-du-diagramme-du-taiji-tai-ji-tu-shuo\/\">Read More<\/a><\/p>\n","protected":false},"author":2,"featured_media":0,"parent":0,"menu_order":0,"comment_status":"closed","ping_status":"closed","template":"","meta":{"footnotes":""},"class_list":["post-820","page","type-page","status-publish","hentry"],"_links":{"self":[{"href":"https:\/\/wudangsanbao.com\/index.php\/wp-json\/wp\/v2\/pages\/820","targetHints":{"allow":["GET"]}}],"collection":[{"href":"https:\/\/wudangsanbao.com\/index.php\/wp-json\/wp\/v2\/pages"}],"about":[{"href":"https:\/\/wudangsanbao.com\/index.php\/wp-json\/wp\/v2\/types\/page"}],"author":[{"embeddable":true,"href":"https:\/\/wudangsanbao.com\/index.php\/wp-json\/wp\/v2\/users\/2"}],"replies":[{"embeddable":true,"href":"https:\/\/wudangsanbao.com\/index.php\/wp-json\/wp\/v2\/comments?post=820"}],"version-history":[{"count":3,"href":"https:\/\/wudangsanbao.com\/index.php\/wp-json\/wp\/v2\/pages\/820\/revisions"}],"predecessor-version":[{"id":1566,"href":"https:\/\/wudangsanbao.com\/index.php\/wp-json\/wp\/v2\/pages\/820\/revisions\/1566"}],"wp:attachment":[{"href":"https:\/\/wudangsanbao.com\/index.php\/wp-json\/wp\/v2\/media?parent=820"}],"curies":[{"name":"wp","href":"https:\/\/api.w.org\/{rel}","templated":true}]}}