{"id":855,"date":"2019-11-08T16:53:37","date_gmt":"2019-11-08T15:53:37","guid":{"rendered":"http:\/\/wudangsanbao.com\/?page_id=855"},"modified":"2019-11-08T16:55:42","modified_gmt":"2019-11-08T15:55:42","slug":"forme-longue","status":"publish","type":"page","link":"https:\/\/wudangsanbao.com\/index.php\/forme-longue\/","title":{"rendered":"Forme longue"},"content":{"rendered":"\n<table border=\"0\" width=\"85%\" align=\"center\">\n<tbody>\n<tr>\n<td>\n<div align=\"center\"><span style=\"font-family: Arial, Helvetica, sans-serif;\">Section 1<\/span><\/div>\n<\/td>\n<\/tr>\n<\/tbody>\n<\/table>\n<table border=\"0\" width=\"85%\" align=\"center\">\n<tbody>\n<tr>\n<td width=\"53%\"><span style=\"font-family: Arial, Helvetica, sans-serif;\">1 Position de d\u00e9part (Wu Chi)<br>2 Style de commencement du Tai Chi<br>(les bras en garde, \u00e9tendre les bras)<br>3 Style des sept \u00e9toiles<br>4 Saisir la queue de l&#8217;oiseau<br>5 Le simple fouet<br>6 Le vol oblique<br>7 Lever les mains et s&#8217;approcher<br>(Saisie simple puis double des jambes)<br>8 La grue blanche bat des ailes<br>(Style de Casser le bras)<br>9 Brosser le genou (pas pivotant)<br>10 Style des sept \u00e9toiles (\u00e0 gauche)<\/span><\/td>\n<td width=\"47%\"><br><span style=\"font-family: Arial, Helvetica, sans-serif;\">11 Brosser le genou (pas pivotant)<br>12 Style des sept \u00e9toiles (\u00e0 gauche)<br>13 Caresser le luth<br>14 S&#8217;approcher, parer et donner un coup de poing<br>15 Comme en fermant une porte<br>16 Enlacer le tigre et retourner \u00e0 la montagne<br>17 Croiser les mains<br>17 Brosser le genou (pas pivotant) en diagonale<br>18 Se tourner, brosser le genou (pas pivotant)<br>20 Style des sept \u00e9toiles (\u00e0 droite)<br>21 Saisir la queue de l&#8217;oiseau<br>22 Le simple fouet en diagonale<br><\/span><\/td>\n<\/tr>\n<\/tbody>\n<\/table>\n<table border=\"0\" width=\"85%\" align=\"center\" >\n<tbody>\n<tr>\n<td height=\"27\">\n<div align=\"center\"><span style=\"font-family: Arial, Helvetica, sans-serif;\">Section 2<\/span><\/div>\n<\/td>\n<\/tr>\n<\/tbody>\n<\/table>\n<table border=\"0\" width=\"85%\" align=\"center\" >\n<tbody>\n<tr>\n<td width=\"53%\" height=\"160\">\n<p><span style=\"font-family: Arial, Helvetica, sans-serif;\">23 Le poing sous le coude<br>24 Reculer et repousser le singe<br>25 Le vol oblique (bas et haut)<br>26 Lever les mains et s&#8217;approcher<br>27 La grue blanche bat des ailes<br>28 Brosser le genou (pas pivotant)<br>29 Style des sept \u00e9toiles (\u00e0 gauche)<br>30 L&#8217;aiguille au fond de la mer<br>31 D\u00e9ployer l&#8217;\u00e9ventail vers l&#8217;arri\u00e8re<\/span><\/p>\n<\/td>\n<td width=\"47%\" height=\"160\"><br><span style=\"font-family: Arial, Helvetica, sans-serif;\">32 Pivoter et balancer le poing<br>33 Reculer, parer et donner un coup de poing<br>34 S&#8217;approcher et saisir la queue de l&#8217;oiseau<br>(Sept \u00e9toiles invers\u00e9)<br>35 Le simple fouet<br>36 Faire ondoyer les mains dans les nuages<br>(ou Les mains qui tournent)<br>37 Le simple fouet<\/span><\/td>\n<\/tr>\n<\/tbody>\n<\/table>\n<table border=\"0\" width=\"85%\" align=\"center\" \n<tbody>\n<tr>\n<td height=\"30\">\n<div align=\"center\"><span style=\"font-family: Arial, Helvetica, sans-serif;\">Section 3<\/span><\/div>\n<\/td>\n<\/tr>\n<\/tbody>\n<\/table>\n<table border=\"0\" width=\"85%\" align=\"center\" >\n<tbody>\n<tr>\n<td width=\"53%\" height=\"290\">\n<div align=\"left\"><span style=\"font-family: Arial, Helvetica, sans-serif;\">38 Flatter l&#8217;encolure du cheval (\u00e0 gauche)<br>39 Draper le corps \u00e0 gauche<br>(S\u00e9parer les mains) (Le tigre enlace la t\u00eate)<br>40 S\u00e9parer les jambes \u00e0 droite<br>(Lever la jambe droite et donner un coup de pied circulaire)<br>41 Flatter l&#8217;encolure du cheval (\u00e0 droite)<br>42 Draper le corps \u00e0 droite<br>43 S\u00e9parer les jambes \u00e0 gauche<br>44 Se retourner et donner un coup de talon<br>45 Brosser le genou (pas pivotant)<br>46 Faire un pas en avant et planter le poing<br>47 Se retourner et balancer le poing<br>48 Avancer et flatter l&#8217;encolure du cheval (\u00e0 gauche)<br>49 Draper le corps \u00e0 gauche<br>50 S\u00e9parer les jambes \u00e0 droite<br>51 Reculer en sept \u00e9toiles<br><\/span><\/div>\n<\/td>\n<td width=\"47%\" height=\"290\">\n<div align=\"left\">\n<p><span style=\"font-family: Arial, Helvetica, sans-serif;\">52 Reculer pour battre le tigre<br>53 Pivoter et donner un coup de pied<br>54 Boxer les oreilles<br>55 Draper le corps \u00e0 droite<br>56 S\u00e9parer les jambes \u00e0 gauche<br>57 Tourner sur soi et donner un coup de talon<br>58 Balancer le poing<br>59 S&#8217;approcher, parer et donner un coup de poing<br>60 Comme en fermant une porte<br>61 Enlacer le tigre et retourner \u00e0 la montagne<br>62 Croiser les mains<br>63 Brosser le genou (pas pivotant) en diagonale<br>64 Se tourner, brosser le genou (pas pivotant)<br>65 Style des sept \u00e9toiles<br>66 Saisir la queue de l&#8217;oiseau<br>67 Le simple fouet en diagonale<\/span><\/p>\n<\/div>\n<\/td>\n<\/tr>\n<\/tbody>\n<\/table>\n<table border=\"0\" width=\"85%\" align=\"center\">\n<tbody>\n<tr>\n<td>\n<div align=\"center\"><span style=\"font-family: Arial, Helvetica, sans-serif;\">Section 4<\/span><\/div>\n<\/td>\n<\/tr>\n<\/tbody>\n<\/table>\n<table border=\"0\" width=\"85%\" align=\"center\">\n<tbody>\n<tr>\n<td width=\"53%\"><span style=\"font-family: Arial, Helvetica, sans-serif;\">68 Style des sept \u00e9toiles<br>69 S\u00e9parer la crini\u00e8re du cheval sauvage<br>70 Style des sept \u00e9toiles<br>71 S\u00e9parer la crini\u00e8re du cheval sauvage<br>72 Style des sept \u00e9toiles<br>73 S\u00e9parer la crini\u00e8re du cheval sauvage<br>74 La fille de jade lance la navette<br>75 Style des sept \u00e9toiles<\/span><\/td>\n<td width=\"47%\"><span style=\"font-family: Arial, Helvetica, sans-serif;\">76 S\u00e9parer la crini\u00e8re du cheval sauvage<br>77 La fille de jade lance la navette<br>78 Style des sept \u00e9toiles<br>79 Saisir la queue de l&#8217;oiseau<br>80 Le simple fouet<br>81 Faire ondoyer les mains dans les nuages<br>82 Le simple fouet<\/span><\/td>\n<\/tr>\n<\/tbody>\n<\/table>\n<table border=\"0\" width=\"85%\" align=\"center\">\n<tbody>\n<tr>\n<td>\n<div align=\"center\"><span style=\"font-family: Arial, Helvetica, sans-serif;\">Section 5<\/span><\/div>\n<\/td>\n<\/tr>\n<\/tbody>\n<\/table>\n<table border=\"0\" width=\"85%\" align=\"center\">\n<tbody>\n<tr>\n<td width=\"53%\"><span style=\"font-family: Arial, Helvetica, sans-serif;\">83 Le serpent rampe vers le bas<br>84 Le jeune coq d&#8217;or se tient sur une patte (\u00e0 droite)<br>(Le serpent blanc sort sa langue)<br>85 Reculer et repousser le singe<br>(Le jeune coq d&#8217;or se tient sur une patte, \u00e0 gauche)<br>86 Faire un pas de c\u00f4t\u00e9, le vol oblique<br>87 Lever les mains et s&#8217;approcher (saisie double des jambes)<br>88 La grue blanche bat des ailes<br>89 Brosser le genou (pas pivotant)<br><\/span><\/td>\n<td width=\"47%\">\n<p><span style=\"font-family: Arial, Helvetica, sans-serif;\">90 Style des sept \u00e9toiles<br>91 L&#8217;aiguille au fond de la mer<br>92 D\u00e9ployer l&#8217;\u00e9ventail vers l&#8217;arri\u00e8re<br>93 Pivoter et balancer le poing<br>94 S&#8217;approcher, parer et donner un coup de poing<br>95 S&#8217;approcher, saisir la queue de l&#8217;oiseau<br>96 Le simple fouet<br>97 Faire ondoyer les mains dans les nuages<br>98 Le simple fouet<br><\/span><\/p>\n<\/td>\n<\/tr>\n<\/tbody>\n<\/table>\n<table border=\"0\" width=\"85%\" align=\"center\">\n<tbody>\n<tr>\n<td>\n<div align=\"center\"><span style=\"font-family: Arial, Helvetica, sans-serif;\">Section 6<\/span><\/div>\n<\/td>\n<\/tr>\n<\/tbody>\n<\/table>\n<table border=\"0\" width=\"85%\" align=\"center\">\n<tbody>\n<tr>\n<td width=\"53%\"><span style=\"font-family: Arial, Helvetica, sans-serif;\">99 Flatter l&#8217;encolure du cheval (\u00e0 gauche)<br>100 Claquer le visage<br>101 Croiser les mains et balayer d&#8217;une main la jambe lotus<br>102 Brosser le genou (pas pivotant)<br>103 Faire un pas pour donner un coup de poing dans l&#8217;aine<br>104 S&#8217;approcher, saisir la queue de l&#8217;oiseau<br>105 Le simple fouet<br>106 Le serpent rampe vers le bas<br>107 S&#8217;approcher en sept \u00e9toiles<br>108 Reculer pour chevaucher le tigre<br>109 Se tourner et claquer le visage<\/span><\/td>\n<td width=\"47%\"><span style=\"font-family: Arial, Helvetica, sans-serif;\">110 Se tourner et balayer des deux mains la jambe lotus<br>111 Bander l&#8217;arc pour tirer sur le tigre<br>112 Flatter l&#8217;encolure du cheval (\u00e0 gauche)<br>113 Claquer le visage<br>114 Se retourner et balancer le poing<br>115 S&#8217;approcher pour flatter l&#8217;encolure du cheval<br>116 S&#8217;approcher, saisir la queue de l&#8217;oiseau<br>117 Le simple fouet<br>118 Tai Chi au repos<br>119 Style d&#8217;ach\u00e8vement<br><\/span><\/td>\n<\/tr>\n<\/tbody>\n<\/table>\n<table border=\"0\" width=\"85%\" align=\"center\">\n<tbody>\n<tr>\n<td>\n<\/td>\n<\/tr>\n<\/tbody>\n<\/table>\n","protected":false},"excerpt":{"rendered":"<p>Section 1 1 Position de d\u00e9part (Wu Chi)2 Style de commencement du Tai Chi(les bras en garde, \u00e9tendre les bras)3 Style des sept \u00e9toiles4 Saisir la queue de l&#8217;oiseau5 Le simple fouet6 Le vol oblique7 Lever les mains et s&#8217;approcher(Saisie simple puis double des jambes)8 La grue blanche bat des ailes(Style de Casser le bras)9 <a class=\"read-more\" href=\"https:\/\/wudangsanbao.com\/index.php\/forme-longue\/\">Read More<\/a><\/p>\n","protected":false},"author":2,"featured_media":0,"parent":0,"menu_order":0,"comment_status":"closed","ping_status":"closed","template":"","meta":{"footnotes":""},"class_list":["post-855","page","type-page","status-publish","hentry"],"_links":{"self":[{"href":"https:\/\/wudangsanbao.com\/index.php\/wp-json\/wp\/v2\/pages\/855","targetHints":{"allow":["GET"]}}],"collection":[{"href":"https:\/\/wudangsanbao.com\/index.php\/wp-json\/wp\/v2\/pages"}],"about":[{"href":"https:\/\/wudangsanbao.com\/index.php\/wp-json\/wp\/v2\/types\/page"}],"author":[{"embeddable":true,"href":"https:\/\/wudangsanbao.com\/index.php\/wp-json\/wp\/v2\/users\/2"}],"replies":[{"embeddable":true,"href":"https:\/\/wudangsanbao.com\/index.php\/wp-json\/wp\/v2\/comments?post=855"}],"version-history":[{"count":4,"href":"https:\/\/wudangsanbao.com\/index.php\/wp-json\/wp\/v2\/pages\/855\/revisions"}],"predecessor-version":[{"id":861,"href":"https:\/\/wudangsanbao.com\/index.php\/wp-json\/wp\/v2\/pages\/855\/revisions\/861"}],"wp:attachment":[{"href":"https:\/\/wudangsanbao.com\/index.php\/wp-json\/wp\/v2\/media?parent=855"}],"curies":[{"name":"wp","href":"https:\/\/api.w.org\/{rel}","templated":true}]}}