{"id":871,"date":"2019-11-08T17:00:20","date_gmt":"2019-11-08T16:00:20","guid":{"rendered":"http:\/\/wudangsanbao.com\/?page_id=871"},"modified":"2019-11-08T17:00:32","modified_gmt":"2019-11-08T16:00:32","slug":"forme-du-sabre","status":"publish","type":"page","link":"https:\/\/wudangsanbao.com\/index.php\/forme-du-sabre\/","title":{"rendered":"Forme du sabre"},"content":{"rendered":"<table border=\"0\" width=\"85%\" align=\"center\">\n<tbody>\n<tr>\n<td height=\"803\"><span style=\"font-family: Arial, Helvetica, sans-serif;\">Tai Chi au repos<br \/>\nPosition de d\u00e9part<br \/>\n1 Style de commencement du Tai Chi<br \/>\n2 Saisir la queue de l&#8217;oiseau<br \/>\n3 Brosser le genou, pas pivotant<br \/>\n4 S\u00e9parer le sabre<br \/>\n5 Esquiver et montrer le sabre<br \/>\n6 Cueillir une \u00e9toile \u00e0 gauche<br \/>\n7 Avancer pour taquiner les parties g\u00e9nitales<br \/>\n8 Se replier pour d\u00e9tourner avec le sabre<br \/>\n9 Percer le c\u0153ur<br \/>\n10 Accrocher la cloche d&#8217;or \u00e0 gauche<br \/>\n11 Ouvrir (en poussant) la fen\u00eatre pour regarder la lune<br \/>\n12 Pivoter et trancher<br \/>\n13 Pivoter et taquiner les parties g\u00e9nitales<br \/>\n14 Accrocher la cloche d&#8217;or \u00e0 gauche<br \/>\n15 Escalader la montagne pour regarder au loin<br \/>\n16 L&#8217;\u00e9pervier se retourne<br \/>\n17 Le roc d\u00e9ploie ses ailes<br \/>\n18 L&#8217;hirondelle rentre dans son nid<br \/>\n19 Avancer et d\u00e9tourner avec le sabre<br \/>\n20 Piquer le visage<br \/>\n21 Pivoter en cachant le sabre<br \/>\n22 Pointer le pantalon avec le sabre<br \/>\n23 Trancher le tigre<br \/>\n24 L&#8217;hirondelle rentre dans son nid<br \/>\n25 Avancer et d\u00e9tourner avec le sabre<br \/>\n26 Percer le c\u0153ur<br \/>\n27 Pivoter en cachant le sabre<br \/>\n28 Style d&#8217;ouverture au-dessus des trois<br \/>\n29 Enlever ses bottes en \u00e9tant so\u00fbl<br \/>\n30 Style du poisson couch\u00e9<br \/>\n31 Le sabre-nuage et cacher le sabre<br \/>\n32 Piquer le visage<br \/>\n33 Tourner sur soi-m\u00eame et trancher<br \/>\n34 Chercher dans la mer<br \/>\n35 Extraire la lune de la mer<br \/>\n36 Accrocher la cloche d&#8217;or \u00e0 gauche<br \/>\n37 Ouvrir (en poussant) la fen\u00eatre pour regarder la lune<br \/>\n38 Style des sept \u00e9toiles<br \/>\n39 Le tigre affam\u00e9 saute par dessus le courant<br \/>\n40 Piquer le visage<\/span><\/td>\n<td height=\"803\">\n<span style=\"font-family: Arial, Helvetica, sans-serif;\">41 Style du tigre couch\u00e9<br \/>\n42 Cacher le sabre<br \/>\n43 Percer le c\u0153ur<br \/>\n44 Le dragon lov\u00e9<br \/>\n45 Le dragon lov\u00e9 fait des pas rapides<br \/>\n46 Style du poisson couch\u00e9<br \/>\n47 Le sabre-nuage et cacher le sabre<br \/>\n48 Percer le c\u0153ur<br \/>\n49 Style du tigre couch\u00e9<br \/>\n50 Style du poisson couch\u00e9<br \/>\n51 Le sabre-nuage et cacher le sabre<br \/>\n52 Piquer le visage<br \/>\n53 Style du tigre couch\u00e9<br \/>\n54 Style du poisson couch\u00e9<br \/>\n55 Le sabre-nuage et cacher le sabre<br \/>\n56 Percer le c\u0153ur<br \/>\n57 Pivoter et trancher<br \/>\n58 Chercher dans la mer<br \/>\n59 Balayer mille escadrons<br \/>\n60 Cueillir une \u00e9toile \u00e0 gauche<br \/>\n61 Trancher le tigre<br \/>\n62 Le cheval rapporte une cloche<br \/>\n63 Enlacer la lune<br \/>\n64 Diriger le bateau \u00e0 la rame dans le courant<br \/>\n65 Le vol oblique<br \/>\n66 Avancer et trancher avec le sabre<br \/>\n67 Pivoter et trancher<br \/>\n68 Chercher dans la mer<br \/>\n69 Balayer mille escadrons<br \/>\n70 L&#8217;\u00e9toile filante poursuit la lune<br \/>\n71 Trancher le tigre<br \/>\n72 Le dragon-nuage joue dans l&#8217;eau<br \/>\n73 Pivoter et trancher<br \/>\n74 Avancer et trancher<br \/>\n75 Cacher le sabre<br \/>\n76 Percer le c\u0153ur<br \/>\n77 Cueillir une \u00e9toile \u00e0 gauche<br \/>\n78 Remettre le sabre<br \/>\n79 Brosser le genou, pas tournant<br \/>\n80 Tai Chi en harmonie<br \/>\n81 Style d&#8217;ach\u00e8vement<\/span><\/td>\n<\/tr>\n<\/tbody>\n<\/table>\n","protected":false},"excerpt":{"rendered":"<p>Tai Chi au repos Position de d\u00e9part 1 Style de commencement du Tai Chi 2 Saisir la queue de l&#8217;oiseau 3 Brosser le genou, pas pivotant 4 S\u00e9parer le sabre 5 Esquiver et montrer le sabre 6 Cueillir une \u00e9toile \u00e0 gauche 7 Avancer pour taquiner les parties g\u00e9nitales 8 Se replier pour d\u00e9tourner avec <a class=\"read-more\" href=\"https:\/\/wudangsanbao.com\/index.php\/forme-du-sabre\/\">Read More<\/a><\/p>\n","protected":false},"author":2,"featured_media":0,"parent":0,"menu_order":0,"comment_status":"closed","ping_status":"closed","template":"","meta":{"footnotes":""},"class_list":["post-871","page","type-page","status-publish","hentry"],"_links":{"self":[{"href":"https:\/\/wudangsanbao.com\/index.php\/wp-json\/wp\/v2\/pages\/871","targetHints":{"allow":["GET"]}}],"collection":[{"href":"https:\/\/wudangsanbao.com\/index.php\/wp-json\/wp\/v2\/pages"}],"about":[{"href":"https:\/\/wudangsanbao.com\/index.php\/wp-json\/wp\/v2\/types\/page"}],"author":[{"embeddable":true,"href":"https:\/\/wudangsanbao.com\/index.php\/wp-json\/wp\/v2\/users\/2"}],"replies":[{"embeddable":true,"href":"https:\/\/wudangsanbao.com\/index.php\/wp-json\/wp\/v2\/comments?post=871"}],"version-history":[{"count":2,"href":"https:\/\/wudangsanbao.com\/index.php\/wp-json\/wp\/v2\/pages\/871\/revisions"}],"predecessor-version":[{"id":873,"href":"https:\/\/wudangsanbao.com\/index.php\/wp-json\/wp\/v2\/pages\/871\/revisions\/873"}],"wp:attachment":[{"href":"https:\/\/wudangsanbao.com\/index.php\/wp-json\/wp\/v2\/media?parent=871"}],"curies":[{"name":"wp","href":"https:\/\/api.w.org\/{rel}","templated":true}]}}