{"id":93,"date":"2019-10-05T15:53:29","date_gmt":"2019-10-05T13:53:29","guid":{"rendered":"http:\/\/wudangsanbao.com\/?page_id=93"},"modified":"2019-12-05T19:46:49","modified_gmt":"2019-12-05T18:46:49","slug":"textes-classiques","status":"publish","type":"page","link":"https:\/\/wudangsanbao.com\/index.php\/textes-classiques\/","title":{"rendered":"Textes Classiques"},"content":{"rendered":"\n<div class=\"wp-block-image\"><figure class=\"aligncenter size-large is-resized\"><img loading=\"lazy\" decoding=\"async\" src=\"http:\/\/wudangsanbao.com\/wp-content\/uploads\/2019\/12\/Decoding-the-classics-674x1024.jpg\" alt=\"\" class=\"wp-image-1272\" width=\"244\" height=\"371\" srcset=\"https:\/\/wudangsanbao.com\/wp-content\/uploads\/2019\/12\/Decoding-the-classics-674x1024.jpg 674w, https:\/\/wudangsanbao.com\/wp-content\/uploads\/2019\/12\/Decoding-the-classics-198x300.jpg 198w, https:\/\/wudangsanbao.com\/wp-content\/uploads\/2019\/12\/Decoding-the-classics-768x1166.jpg 768w, https:\/\/wudangsanbao.com\/wp-content\/uploads\/2019\/12\/Decoding-the-classics-1012x1536.jpg 1012w, https:\/\/wudangsanbao.com\/wp-content\/uploads\/2019\/12\/Decoding-the-classics-1349x2048.jpg 1349w, https:\/\/wudangsanbao.com\/wp-content\/uploads\/2019\/12\/Decoding-the-classics-scaled.jpg 1686w\" sizes=\"auto, (max-width: 244px) 100vw, 244px\" \/><\/figure><\/div>\n\n\n\n<figure class=\"wp-block-table\"><table class=\"\"><tbody><tr><td>Traduits du chinois en anglais par Dan Docherty dans son livre &#8220;Decoding the Classics for the Modern Martial Artists&#8221;, traduits de l&#8217;anglais en fran\u00e7ais par Dominique Robin et \u00e9dit\u00e9s ici avec l&#8217;autorisation de Dan Docherty<br><br> <a href=\"http:\/\/wudangsanbao.com\/index.php\/traite-du-taiji-quan-taiji-quan-lun\/\">1 Trait\u00e9 du Taiji Quan (Taiji Quan Lun)<\/a>  <br><br><a href=\"http:\/\/wudangsanbao.com\/index.php\/canon-du-taiji-quan-taiji-quan-lun\/\">2 Canon du Taiji Quan (Taiji Quan Jing)<\/a> <br><br> <a href=\"http:\/\/wudangsanbao.com\/index.php\/interpretation-des-treize-tactiques-shi-san-shi-xing-gong-xin-jie\/\">3 Interpr\u00e9tation de la Pratique des Treize Tactiques (Shi San Shi Xing Gong Xin Jie)<\/a><br><br>  <a href=\"http:\/\/wudangsanbao.com\/index.php\/chanson-des-treize-tactiques-shi-san-shi-ge\/\">4 Chanson des treize tactiques (shi san shi ge)<\/a> <br><br> <a href=\"http:\/\/wudangsanbao.com\/index.php\/chanson-du-combattant-da-shou-ge\/\">5 Chanson du combattant (Da Shou Ge)<\/a> <br><br> <a href=\"http:\/\/wudangsanbao.free.fr\/classique6.html\">6<\/a><a href=\"http:\/\/wudangsanbao.com\/index.php\/explication-du-diagramme-du-taiji-tai-ji-tu-shuo\/\"> Explication du Diagramme du Taiji&nbsp;<\/a> <\/td><\/tr><\/tbody><\/table><\/figure>\n","protected":false},"excerpt":{"rendered":"<p>Traduits du chinois en anglais par Dan Docherty dans son livre &#8220;Decoding the Classics for the Modern Martial Artists&#8221;, traduits de l&#8217;anglais en fran\u00e7ais par Dominique Robin et \u00e9dit\u00e9s ici avec l&#8217;autorisation de Dan Docherty 1 Trait\u00e9 du Taiji Quan (Taiji Quan Lun) 2 Canon du Taiji Quan (Taiji Quan Jing) 3 Interpr\u00e9tation de la <a class=\"read-more\" href=\"https:\/\/wudangsanbao.com\/index.php\/textes-classiques\/\">Read More<\/a><\/p>\n","protected":false},"author":2,"featured_media":0,"parent":0,"menu_order":0,"comment_status":"closed","ping_status":"closed","template":"","meta":{"footnotes":""},"class_list":["post-93","page","type-page","status-publish","hentry"],"_links":{"self":[{"href":"https:\/\/wudangsanbao.com\/index.php\/wp-json\/wp\/v2\/pages\/93","targetHints":{"allow":["GET"]}}],"collection":[{"href":"https:\/\/wudangsanbao.com\/index.php\/wp-json\/wp\/v2\/pages"}],"about":[{"href":"https:\/\/wudangsanbao.com\/index.php\/wp-json\/wp\/v2\/types\/page"}],"author":[{"embeddable":true,"href":"https:\/\/wudangsanbao.com\/index.php\/wp-json\/wp\/v2\/users\/2"}],"replies":[{"embeddable":true,"href":"https:\/\/wudangsanbao.com\/index.php\/wp-json\/wp\/v2\/comments?post=93"}],"version-history":[{"count":7,"href":"https:\/\/wudangsanbao.com\/index.php\/wp-json\/wp\/v2\/pages\/93\/revisions"}],"predecessor-version":[{"id":1274,"href":"https:\/\/wudangsanbao.com\/index.php\/wp-json\/wp\/v2\/pages\/93\/revisions\/1274"}],"wp:attachment":[{"href":"https:\/\/wudangsanbao.com\/index.php\/wp-json\/wp\/v2\/media?parent=93"}],"curies":[{"name":"wp","href":"https:\/\/api.w.org\/{rel}","templated":true}]}}