{"id":96,"date":"2019-10-05T15:54:41","date_gmt":"2019-10-05T13:54:41","guid":{"rendered":"http:\/\/wudangsanbao.com\/?page_id=96"},"modified":"2019-10-12T15:49:41","modified_gmt":"2019-10-12T13:49:41","slug":"images","status":"publish","type":"page","link":"https:\/\/wudangsanbao.com\/index.php\/images\/","title":{"rendered":"Images"},"content":{"rendered":"\n<table class=\"wp-block-table aligncenter\"><tbody><tr><td><a href=\"http:\/\/wudangsanbao.com\/index.php\/cours-a-paris\/\">Cours \u00e0 Paris<\/a><\/td><td>Tai Chi kid<\/td><\/tr><tr><td><a href=\"http:\/\/wudangsanbao.com\/index.php\/demonstrations-officielles\/\">D\u00e9monstrations officielles<\/a><\/td><td>Monts Wudang<\/td><\/tr><tr><td><a href=\"http:\/\/wudangsanbao.com\/index.php\/vacances-sportives-mairie-du-14eme\/\">Vacances Sportives Mairie du 14\u00e8me<\/a><\/td><td>Nature et Taiji en harmonie<\/td><\/tr><tr><td><a href=\"http:\/\/wudangsanbao.com\/index.php\/bob-lowey-a-paris\/\">Bob Lowey \u00e0 Paris<\/a><\/td><td>Jasni\u00e8res<\/td><\/tr><tr><td>Torben Rif \u00e0 Paris<\/td><td>Paris Plages<\/td><\/tr><tr><td>Godfrey Dornelly \u00e0 Paris<\/td><td>Le Roseau<\/td><\/tr><tr><td>Voyage en Chine<\/td><td><a href=\"http:\/\/wudangsanbao.com\/index.php\/camp-dete-au-danemark\/\">Camp d&#8217;\u00e9t\u00e9 au Danemark<\/a><\/td><\/tr><tr><td>Pique-nique 2018<\/td><td><\/td><\/tr><\/tbody><\/table>\n","protected":false},"excerpt":{"rendered":"<p>Cours \u00e0 Paris Tai Chi kid D\u00e9monstrations officielles Monts Wudang Vacances Sportives Mairie du 14\u00e8me Nature et Taiji en harmonie Bob Lowey \u00e0 Paris Jasni\u00e8res Torben Rif \u00e0 Paris Paris Plages Godfrey Dornelly \u00e0 Paris Le Roseau Voyage en Chine Camp d&#8217;\u00e9t\u00e9 au Danemark Pique-nique 2018<\/p>\n","protected":false},"author":2,"featured_media":0,"parent":0,"menu_order":0,"comment_status":"closed","ping_status":"closed","template":"","meta":{"footnotes":""},"class_list":["post-96","page","type-page","status-publish","hentry"],"_links":{"self":[{"href":"https:\/\/wudangsanbao.com\/index.php\/wp-json\/wp\/v2\/pages\/96","targetHints":{"allow":["GET"]}}],"collection":[{"href":"https:\/\/wudangsanbao.com\/index.php\/wp-json\/wp\/v2\/pages"}],"about":[{"href":"https:\/\/wudangsanbao.com\/index.php\/wp-json\/wp\/v2\/types\/page"}],"author":[{"embeddable":true,"href":"https:\/\/wudangsanbao.com\/index.php\/wp-json\/wp\/v2\/users\/2"}],"replies":[{"embeddable":true,"href":"https:\/\/wudangsanbao.com\/index.php\/wp-json\/wp\/v2\/comments?post=96"}],"version-history":[{"count":8,"href":"https:\/\/wudangsanbao.com\/index.php\/wp-json\/wp\/v2\/pages\/96\/revisions"}],"predecessor-version":[{"id":612,"href":"https:\/\/wudangsanbao.com\/index.php\/wp-json\/wp\/v2\/pages\/96\/revisions\/612"}],"wp:attachment":[{"href":"https:\/\/wudangsanbao.com\/index.php\/wp-json\/wp\/v2\/media?parent=96"}],"curies":[{"name":"wp","href":"https:\/\/api.w.org\/{rel}","templated":true}]}}